{"id":747000,"date":"2025-08-28T02:56:12","date_gmt":"2025-08-27T23:56:12","guid":{"rendered":"https:\/\/roveyayinevi.com.tr\/index.php\/urun\/cagaster-1\/"},"modified":"2026-04-16T02:59:41","modified_gmt":"2026-04-15T23:59:41","slug":"cagaster-1","status":"publish","type":"product","link":"https:\/\/roveyayinevi.com.tr\/index.php\/urun\/cagaster-1\/","title":{"rendered":"Cagaster &#8211; 1"},"content":{"rendered":"<p>Cagaster&#8230;    21. y\u00fczy\u0131l\u0131n sonunda ortaya \u00e7\u0131kan bu tuhaf hastal\u0131k, kurbanlar\u0131n\u0131n insanl\u0131\u011f\u0131n\u0131 yok ederek onlar\u0131 devasa yamyam b\u00f6ceklere d\u00f6n\u00fc\u015ft\u00fcr\u00fcyor. Hastal\u0131k b\u00fcy\u00fck hasara neden oldu ve insan n\u00fcfusunun \u00fc\u00e7te ikisinin \u00f6l\u00fcm\u00fcne yol a\u00e7t\u0131. Bu k\u0131yametin ard\u0131ndan d\u00fcnya art\u0131k bamba\u015fka bir yer oldu.   Sene 2125&#8230;   Ge\u00e7mi\u015fi gizemli yok edici Kidow, babas\u0131n\u0131 kaybeden Illie\u2019yi annesine g\u00f6t\u00fcrmeye s\u00f6z verdi. Ancak Illie korkup ka\u00e7t\u0131 ve Cagaster\u2019in tek tehlike olmad\u0131\u011f\u0131 yepyeni bir evrene ad\u0131m att\u0131. <\/p>\n","protected":false},"excerpt":{"rendered":"<p>Cagaster&#8230; 21. y\u00fczy\u0131l\u0131n sonunda ortaya \u00e7\u0131kan bu tuhaf hastal\u0131k, kurbanlar\u0131n\u0131n insanl\u0131\u011f\u0131n\u0131 yok ederek onlar\u0131 devasa yamyam b\u00f6ceklere d\u00f6n\u00fc\u015ft\u00fcr\u00fcyor. Hastal\u0131k b\u00fcy\u00fck hasara neden oldu ve insan n\u00fcfusunun<span class=\"excerpt-hellip\"> [\u2026]<\/span><\/p>\n","protected":false},"featured_media":0,"template":"","meta":{"_monsterinsights_skip_tracking":false,"_monsterinsights_sitenote_active":false,"_monsterinsights_sitenote_note":"","_monsterinsights_sitenote_category":0},"product_brand":[],"product_cat":[12416,12291],"product_tag":[],"class_list":{"0":"post-747000","1":"product","2":"type-product","3":"status-publish","5":"product_cat-cizgi-roman","6":"product_cat-edebiyat","7":"pa_cilt-ciltsiz","8":"pa_tur-kitap","9":"pa_yayinevi-dex-yayinevi","10":"pa_yazar-kachou-hashimoto","12":"first","13":"instock","14":"sale","15":"shipping-taxable","16":"purchasable","17":"product-type-simple"},"_links":{"self":[{"href":"https:\/\/roveyayinevi.com.tr\/index.php\/wp-json\/wp\/v2\/product\/747000","targetHints":{"allow":["GET"]}}],"collection":[{"href":"https:\/\/roveyayinevi.com.tr\/index.php\/wp-json\/wp\/v2\/product"}],"about":[{"href":"https:\/\/roveyayinevi.com.tr\/index.php\/wp-json\/wp\/v2\/types\/product"}],"wp:attachment":[{"href":"https:\/\/roveyayinevi.com.tr\/index.php\/wp-json\/wp\/v2\/media?parent=747000"}],"wp:term":[{"taxonomy":"product_brand","embeddable":true,"href":"https:\/\/roveyayinevi.com.tr\/index.php\/wp-json\/wp\/v2\/product_brand?post=747000"},{"taxonomy":"product_cat","embeddable":true,"href":"https:\/\/roveyayinevi.com.tr\/index.php\/wp-json\/wp\/v2\/product_cat?post=747000"},{"taxonomy":"product_tag","embeddable":true,"href":"https:\/\/roveyayinevi.com.tr\/index.php\/wp-json\/wp\/v2\/product_tag?post=747000"}],"curies":[{"name":"wp","href":"https:\/\/api.w.org\/{rel}","templated":true}]}}