{"id":746999,"date":"2025-08-28T02:56:11","date_gmt":"2025-08-27T23:56:11","guid":{"rendered":"https:\/\/roveyayinevi.com.tr\/index.php\/urun\/memeler-ve-yumurtalar\/"},"modified":"2026-04-16T02:59:41","modified_gmt":"2026-04-15T23:59:41","slug":"memeler-ve-yumurtalar","status":"publish","type":"product","link":"https:\/\/roveyayinevi.com.tr\/index.php\/urun\/memeler-ve-yumurtalar\/","title":{"rendered":"Memeler ve Yumurtalar"},"content":{"rendered":"<p>\u201cHer okura ya\u015fam\u0131n\u0131n anlam\u0131n\u0131 sorgulatan, sivri oldu\u011fu kadar b\u00fcy\u00fcleyici bir roman. Roman kahraman\u0131 kesinlikle ya\u015f\u0131yor, sahiden nefes al\u0131p veriyor.\u201d \u2013 Haruki Murakami   Otuz ya\u015f\u0131ndaki Natsuko, ablas\u0131 Makiko ve k\u0131z\u0131 Midoriko\u2026  Bir yaz g\u00fcn\u00fc Makiko meme b\u00fcy\u00fctme ameliyat\u0131 i\u00e7in Osaka\u2019dan Tokyo\u2019ya, yazar olmay\u0131 isteyen karde\u015fi Natsuko\u2019ya gelir. Yan\u0131nda ergen k\u0131z\u0131 Midoriko vard\u0131r. B\u00fcy\u00fcme sanc\u0131lar\u0131 \u00e7eken Midoriko kimseyle konu\u015fmay\u0131p ya\u015fad\u0131klar\u0131n\u0131 g\u00fcnl\u00fc\u011f\u00fcne yazmaktad\u0131r. Onun sessizli\u011fi her birini korkular\u0131 ve bast\u0131rd\u0131klar\u0131 duygular\u0131yla y\u00fczle\u015fmeye iter.    Sekiz y\u0131l sonra, Natsuko kitab\u0131 yay\u0131mlanm\u0131\u015f bir yazard\u0131r. Yaln\u0131z ve \u00e7ocuksuz ya\u015flanmak konusu, kafas\u0131n\u0131 s\u00fcrekli kurcalar. Bir yandan yeni kitab\u0131n\u0131 yazmaya u\u011fra\u015f\u0131rken di\u011fer yandan anne olup olamayaca\u011f\u0131n\u0131 tartar.   Japonya\u2019da ve d\u00fcnyada b\u00fcy\u00fck ses getiren Memeler ve Yumurtalar fakirlik, kad\u0131n olmak ve bir \u00e7ocu\u011fu var etme sorumlulu\u011fu \u00fczerine \u00e7ok \u00e7arp\u0131c\u0131 bir roman\u2026 <\/p>\n","protected":false},"excerpt":{"rendered":"<p>\u201cHer okura ya\u015fam\u0131n\u0131n anlam\u0131n\u0131 sorgulatan, sivri oldu\u011fu kadar b\u00fcy\u00fcleyici bir roman. Roman kahraman\u0131 kesinlikle ya\u015f\u0131yor, sahiden nefes al\u0131p veriyor.\u201d \u2013 Haruki Murakami Otuz ya\u015f\u0131ndaki Natsuko, ablas\u0131<span class=\"excerpt-hellip\"> [\u2026]<\/span><\/p>\n","protected":false},"featured_media":0,"template":"","meta":{"_monsterinsights_skip_tracking":false,"_monsterinsights_sitenote_active":false,"_monsterinsights_sitenote_note":"","_monsterinsights_sitenote_category":0},"product_brand":[],"product_cat":[12291,12711],"product_tag":[],"class_list":{"0":"post-746999","1":"product","2":"type-product","3":"status-publish","5":"product_cat-edebiyat","6":"product_cat-roman-oyku","7":"pa_cilt-ciltsiz","8":"pa_tur-kitap","9":"pa_yayinevi-dogan-kitap","10":"pa_yazar-mieko-kawakami","12":"first","13":"instock","14":"sale","15":"shipping-taxable","16":"purchasable","17":"product-type-simple"},"_links":{"self":[{"href":"https:\/\/roveyayinevi.com.tr\/index.php\/wp-json\/wp\/v2\/product\/746999","targetHints":{"allow":["GET"]}}],"collection":[{"href":"https:\/\/roveyayinevi.com.tr\/index.php\/wp-json\/wp\/v2\/product"}],"about":[{"href":"https:\/\/roveyayinevi.com.tr\/index.php\/wp-json\/wp\/v2\/types\/product"}],"wp:attachment":[{"href":"https:\/\/roveyayinevi.com.tr\/index.php\/wp-json\/wp\/v2\/media?parent=746999"}],"wp:term":[{"taxonomy":"product_brand","embeddable":true,"href":"https:\/\/roveyayinevi.com.tr\/index.php\/wp-json\/wp\/v2\/product_brand?post=746999"},{"taxonomy":"product_cat","embeddable":true,"href":"https:\/\/roveyayinevi.com.tr\/index.php\/wp-json\/wp\/v2\/product_cat?post=746999"},{"taxonomy":"product_tag","embeddable":true,"href":"https:\/\/roveyayinevi.com.tr\/index.php\/wp-json\/wp\/v2\/product_tag?post=746999"}],"curies":[{"name":"wp","href":"https:\/\/api.w.org\/{rel}","templated":true}]}}