{"id":746996,"date":"2025-08-28T02:56:06","date_gmt":"2025-08-27T23:56:06","guid":{"rendered":"https:\/\/roveyayinevi.com.tr\/index.php\/urun\/akiskan-modernite\/"},"modified":"2026-04-16T02:59:41","modified_gmt":"2026-04-15T23:59:41","slug":"akiskan-modernite","status":"publish","type":"product","link":"https:\/\/roveyayinevi.com.tr\/index.php\/urun\/akiskan-modernite\/","title":{"rendered":"Ak\u0131\u015fkan Modernite"},"content":{"rendered":"<p>\u201c\u2018Modern olmak\u2019 demek, modernize etmek demektir \u2013 tak\u0131nt\u0131l\u0131, saplant\u0131l\u0131 bir \u015fekilde modernize etmek; kimlik b\u00fct\u00fcnl\u00fc\u011f\u00fcn\u00fc korumak bir yana, sadece \u2018olmak\u2019 de\u011fil, tamam olmaktan ka\u00e7arak, hep tan\u0131ms\u0131z kalarak, sonsuza dek \u2018olu\u015f\u2019 i\u00e7inde bulunmak. Bir yap\u0131n\u0131n son kullanma tarihi ge\u00e7ip art\u0131k i\u015fe yaramaz ilan edildi\u011finde yerine yeni bir yap\u0131n\u0131n konmas\u0131, bir sonraki gereklili\u011fe kadar i\u015fe yarayacak ge\u00e7ici bir \u00e7\u00f6z\u00fcmden ba\u015fka bir \u015fey de\u011fildir. Her zaman bir \u015feyin \u2018post-\u2019u olmak, modernitenin ayr\u0131lmaz bir par\u00e7as\u0131d\u0131r. Zaman ge\u00e7tik\u00e7e modernite de, efsanevi Proteus gibi \u015fekil de\u011fi\u015ftirir&#8230; Bir s\u00fcre \u00f6nce ad\u0131na (yanl\u0131\u015f bir \u015fekilde) postmodernizm denilen ve benim daha yerinde bir ifadeyle \u2018ak\u0131\u015fkan modernite\u2019 demeyi tercih etti\u011fim olgu, de\u011fi\u015fmeyen tek \u015feyin de\u011fi\u015fim, kesin olan tek \u015feyin ise belirsizlik oldu\u011funun gittik\u00e7e kesinle\u015fen kan\u0131t\u0131d\u0131r. Y\u00fcz y\u0131l \u00f6nce \u2018modern olmak\u2019 demek, m\u00fcmk\u00fcn olan \u2018en \u00fcst m\u00fckemmellik a\u015famas\u0131\u2019na ula\u015fmaya \u00e7al\u0131\u015fmak demekti \u2013 \u015fimdi ise sonu gelmeyen bir geli\u015fme s\u00fcreci, ula\u015f\u0131labilecek bir nihai amac\u0131n ve b\u00f6yle bir iste\u011fin olmamas\u0131 demek.\u201d   Bauman, Ak\u0131\u015fkan Modernite\u2019de donan\u0131m odakl\u0131 \u201ca\u011f\u0131r\u201d ve \u201ckat\u0131\u201d moderniteden yaz\u0131l\u0131m tabanl\u0131 \u201chafif\u201d ve \u201cak\u0131\u015fkan\u201d moderniteye nas\u0131l ge\u00e7ti\u011fimizi inceliyor. Bu ge\u00e7i\u015fin insanl\u0131k durumunun t\u00fcm y\u00f6nlerine derin bir de\u011fi\u015fiklik getirdi\u011fini ortaya koyan Bauman, m\u00fc\u015fterek insan ya\u015fam\u0131na anlam katmaya yarayan be\u015f temel kavram\u0131n \u2013\u00f6zg\u00fcrle\u015fme, bireysellik, zaman\/mek\u00e2n, emek ve cemaat\u2013 birbirini izleyen cisimle\u015fmelerinin ve anlam de\u011fi\u015fikliklerinin izini s\u00fcrmekle kalm\u0131yor, ayn\u0131 zamanda de\u011fi\u015fen sosyal ve politik ya\u015fam ko\u015fullar\u0131n\u0131n parlak bir analizini de sunuyor. <\/p>\n","protected":false},"excerpt":{"rendered":"<p>\u201c\u2018Modern olmak\u2019 demek, modernize etmek demektir \u2013 tak\u0131nt\u0131l\u0131, saplant\u0131l\u0131 bir \u015fekilde modernize etmek; kimlik b\u00fct\u00fcnl\u00fc\u011f\u00fcn\u00fc korumak bir yana, sadece \u2018olmak\u2019 de\u011fil, tamam olmaktan ka\u00e7arak, hep tan\u0131ms\u0131z<span class=\"excerpt-hellip\"> [\u2026]<\/span><\/p>\n","protected":false},"featured_media":0,"template":"","meta":{"_monsterinsights_skip_tracking":false,"_monsterinsights_sitenote_active":false,"_monsterinsights_sitenote_note":"","_monsterinsights_sitenote_category":0},"product_brand":[],"product_cat":[13072,12291],"product_tag":[],"class_list":{"0":"post-746996","1":"product","2":"type-product","3":"status-publish","5":"product_cat-arastirma-inceleme-referans","6":"product_cat-edebiyat","7":"pa_cilt-ciltsiz","8":"pa_tur-kitap","9":"pa_yayinevi-tellekt","10":"pa_yazar-zygmunt-bauman","12":"first","13":"instock","14":"sale","15":"shipping-taxable","16":"purchasable","17":"product-type-simple"},"_links":{"self":[{"href":"https:\/\/roveyayinevi.com.tr\/index.php\/wp-json\/wp\/v2\/product\/746996","targetHints":{"allow":["GET"]}}],"collection":[{"href":"https:\/\/roveyayinevi.com.tr\/index.php\/wp-json\/wp\/v2\/product"}],"about":[{"href":"https:\/\/roveyayinevi.com.tr\/index.php\/wp-json\/wp\/v2\/types\/product"}],"wp:attachment":[{"href":"https:\/\/roveyayinevi.com.tr\/index.php\/wp-json\/wp\/v2\/media?parent=746996"}],"wp:term":[{"taxonomy":"product_brand","embeddable":true,"href":"https:\/\/roveyayinevi.com.tr\/index.php\/wp-json\/wp\/v2\/product_brand?post=746996"},{"taxonomy":"product_cat","embeddable":true,"href":"https:\/\/roveyayinevi.com.tr\/index.php\/wp-json\/wp\/v2\/product_cat?post=746996"},{"taxonomy":"product_tag","embeddable":true,"href":"https:\/\/roveyayinevi.com.tr\/index.php\/wp-json\/wp\/v2\/product_tag?post=746996"}],"curies":[{"name":"wp","href":"https:\/\/api.w.org\/{rel}","templated":true}]}}