{"id":746995,"date":"2025-08-28T02:56:04","date_gmt":"2025-08-27T23:56:04","guid":{"rendered":"https:\/\/roveyayinevi.com.tr\/index.php\/urun\/gorunmez-ag\/"},"modified":"2026-04-16T02:59:41","modified_gmt":"2026-04-15T23:59:41","slug":"gorunmez-ag","status":"publish","type":"product","link":"https:\/\/roveyayinevi.com.tr\/index.php\/urun\/gorunmez-ag\/","title":{"rendered":"G\u00f6r\u00fcnmez A\u011f"},"content":{"rendered":"<p>\u00c7oksatar G\u00f6r\u00fcnmez \u0130p, on binlerce \u00e7ocuk ve yeti\u015fkinin, birbirlerinden ne kadar uzakta olurlarsa olsunlar sevdiklerine ba\u011fl\u0131 olduklar\u0131n\u0131 anlamalar\u0131na yard\u0131mc\u0131 oldu. Patrice Karst \u015fimdi de harika bir haberle okurlar\u0131yla bulu\u015fuyor. G\u00f6r\u00fcnmez A\u011f ayn\u0131 tekni\u011fi kullanarak evrendeki t\u00fcm canl\u0131lar\u0131 birbirine ba\u011fl\u0131yor.   Her ya\u015f i\u00e7in ilham verici bu kitap, ayr\u0131l\u0131k kavram\u0131n\u0131 yeni bir ba\u011flama oturtarak okuyucular\u0131 t\u00fcm insanl\u0131k ailesiyle payla\u015ft\u0131\u011f\u0131 sonsuz ve kopmaz ba\u011flar\u0131n\u0131 tan\u0131maya, sayg\u0131 duymaya ve kutlamaya \u00e7a\u011f\u0131r\u0131yor.   \u201cBiz nefes ald\u0131k\u00e7a o da nefes al\u0131yor, D\u00fcnyam\u0131z\u0131n her yerinde nab\u0131z gibi at\u0131yor, t\u0131pk\u0131 ortak bir  kalp at\u0131\u015f\u0131 gibi. \u0130\u015fte bu hepimizi ne yapar, biliyor musun? \u00c7ok b\u00fcy\u00fck bir aile!\u201d <\/p>\n","protected":false},"excerpt":{"rendered":"<p>\u00c7oksatar G\u00f6r\u00fcnmez \u0130p, on binlerce \u00e7ocuk ve yeti\u015fkinin, birbirlerinden ne kadar uzakta olurlarsa olsunlar sevdiklerine ba\u011fl\u0131 olduklar\u0131n\u0131 anlamalar\u0131na yard\u0131mc\u0131 oldu. Patrice Karst \u015fimdi de harika bir<span class=\"excerpt-hellip\"> [\u2026]<\/span><\/p>\n","protected":false},"featured_media":0,"template":"","meta":{"_monsterinsights_skip_tracking":false,"_monsterinsights_sitenote_active":false,"_monsterinsights_sitenote_note":"","_monsterinsights_sitenote_category":0},"product_brand":[],"product_cat":[12274,12284],"product_tag":[],"class_list":{"0":"post-746995","1":"product","2":"type-product","3":"status-publish","5":"product_cat-cocuk-ve-genclik-kitaplari","6":"product_cat-hikayeler","7":"pa_cilt-ciltsiz","8":"pa_tur-kitap","9":"pa_yayinevi-mundi","10":"pa_yazar-patrice-karst","12":"first","13":"instock","14":"sale","15":"shipping-taxable","16":"purchasable","17":"product-type-simple"},"_links":{"self":[{"href":"https:\/\/roveyayinevi.com.tr\/index.php\/wp-json\/wp\/v2\/product\/746995","targetHints":{"allow":["GET"]}}],"collection":[{"href":"https:\/\/roveyayinevi.com.tr\/index.php\/wp-json\/wp\/v2\/product"}],"about":[{"href":"https:\/\/roveyayinevi.com.tr\/index.php\/wp-json\/wp\/v2\/types\/product"}],"wp:attachment":[{"href":"https:\/\/roveyayinevi.com.tr\/index.php\/wp-json\/wp\/v2\/media?parent=746995"}],"wp:term":[{"taxonomy":"product_brand","embeddable":true,"href":"https:\/\/roveyayinevi.com.tr\/index.php\/wp-json\/wp\/v2\/product_brand?post=746995"},{"taxonomy":"product_cat","embeddable":true,"href":"https:\/\/roveyayinevi.com.tr\/index.php\/wp-json\/wp\/v2\/product_cat?post=746995"},{"taxonomy":"product_tag","embeddable":true,"href":"https:\/\/roveyayinevi.com.tr\/index.php\/wp-json\/wp\/v2\/product_tag?post=746995"}],"curies":[{"name":"wp","href":"https:\/\/api.w.org\/{rel}","templated":true}]}}