{"id":746990,"date":"2025-08-28T02:55:57","date_gmt":"2025-08-27T23:55:57","guid":{"rendered":"https:\/\/roveyayinevi.com.tr\/index.php\/urun\/gozlerimin-yasi\/"},"modified":"2026-04-16T02:59:41","modified_gmt":"2026-04-15T23:59:41","slug":"gozlerimin-yasi","status":"publish","type":"product","link":"https:\/\/roveyayinevi.com.tr\/index.php\/urun\/gozlerimin-yasi\/","title":{"rendered":"G\u00f6zlerimin Ya\u015f\u0131"},"content":{"rendered":"<p>As\u0131l ad\u0131 Murat G\u00fcvendik olan \u00c2\u015f\u0131k Dudah\u00ee 1943 y\u0131l\u0131nda hayata g\u00f6zlerini a\u00e7t\u0131\u011f\u0131 \u00c7orum\u2019un Sungurlu il\u00e7esine ba\u011fl\u0131 \u00c7i\u00e7eklikeller k\u00f6y\u00fcndendir. Ama 1962 y\u0131l\u0131nda Ankara\u2019ya gelmi\u015f, daha do\u011frusu g\u00f6\u00e7 etmi\u015f, 60 y\u0131ld\u0131r burada ya\u015famaktad\u0131r. Hayat\u0131n\u0131n 19 y\u0131l\u0131 \u00c7i\u00e7eklikeller\u2019de 60 y\u0131l\u0131 Ankara\u2019da ge\u00e7mi\u015ftir. Dudah\u00ee Baba, ya\u015fayan \u00e2\u015f\u0131klar\u0131m\u0131z aras\u0131nda \u00f6z\u00fcne, gelene\u011fine, s\u00f6z\u00fcne, ikrar\u0131na ba\u011fl\u0131 \u00f6nemli bir \u00e2\u015f\u0131\u011f\u0131m\u0131zd\u0131r. O \u00f6nemli bir s\u00f6z ustas\u0131d\u0131r. \u201c\u00c2\u015f\u0131kl\u0131k\u201d onun hayat tarz\u0131d\u0131r. E\u011fitimci-\u015eair-Yazar Ali R\u0131za Atasoy\u2019un dedi\u011fi gibi \u00c2\u015f\u0131k Dudah\u00ee co\u015fkun bir \u00e2\u015f\u0131kt\u0131r. Her konuda \u015fiirleri olmakla birlikte; Ali sevgisi, Ehlibeyt a\u015fk\u0131, Alev\u00ee ve Bekta\u015f\u00ee ulular\u0131, ocakl\u0131zadeler konular\u0131nda daha a\u011f\u0131rl\u0131kl\u0131 yo\u011funlu\u011fu olmu\u015ftur.   <\/p>\n","protected":false},"excerpt":{"rendered":"<p>As\u0131l ad\u0131 Murat G\u00fcvendik olan \u00c2\u015f\u0131k Dudah\u00ee 1943 y\u0131l\u0131nda hayata g\u00f6zlerini a\u00e7t\u0131\u011f\u0131 \u00c7orum\u2019un Sungurlu il\u00e7esine ba\u011fl\u0131 \u00c7i\u00e7eklikeller k\u00f6y\u00fcndendir. Ama 1962 y\u0131l\u0131nda Ankara\u2019ya gelmi\u015f, daha do\u011frusu g\u00f6\u00e7<span class=\"excerpt-hellip\"> [\u2026]<\/span><\/p>\n","protected":false},"featured_media":0,"template":"","meta":{"_monsterinsights_skip_tracking":false,"_monsterinsights_sitenote_active":false,"_monsterinsights_sitenote_note":"","_monsterinsights_sitenote_category":0},"product_brand":[],"product_cat":[12291,12509],"product_tag":[],"class_list":{"0":"post-746990","1":"product","2":"type-product","3":"status-publish","5":"product_cat-edebiyat","6":"product_cat-siir","7":"pa_cilt-ciltsiz","8":"pa_tur-kitap","9":"pa_yayinevi-kultur-ajans-yayinlari","10":"pa_yazar-asik-dudahi-baba","12":"first","13":"instock","14":"sale","15":"shipping-taxable","16":"purchasable","17":"product-type-simple"},"_links":{"self":[{"href":"https:\/\/roveyayinevi.com.tr\/index.php\/wp-json\/wp\/v2\/product\/746990","targetHints":{"allow":["GET"]}}],"collection":[{"href":"https:\/\/roveyayinevi.com.tr\/index.php\/wp-json\/wp\/v2\/product"}],"about":[{"href":"https:\/\/roveyayinevi.com.tr\/index.php\/wp-json\/wp\/v2\/types\/product"}],"wp:attachment":[{"href":"https:\/\/roveyayinevi.com.tr\/index.php\/wp-json\/wp\/v2\/media?parent=746990"}],"wp:term":[{"taxonomy":"product_brand","embeddable":true,"href":"https:\/\/roveyayinevi.com.tr\/index.php\/wp-json\/wp\/v2\/product_brand?post=746990"},{"taxonomy":"product_cat","embeddable":true,"href":"https:\/\/roveyayinevi.com.tr\/index.php\/wp-json\/wp\/v2\/product_cat?post=746990"},{"taxonomy":"product_tag","embeddable":true,"href":"https:\/\/roveyayinevi.com.tr\/index.php\/wp-json\/wp\/v2\/product_tag?post=746990"}],"curies":[{"name":"wp","href":"https:\/\/api.w.org\/{rel}","templated":true}]}}