{"id":746988,"date":"2025-08-28T02:55:54","date_gmt":"2025-08-27T23:55:54","guid":{"rendered":"https:\/\/roveyayinevi.com.tr\/index.php\/urun\/yolumuzu-aydinlatanlar\/"},"modified":"2026-04-07T03:05:12","modified_gmt":"2026-04-07T00:05:12","slug":"yolumuzu-aydinlatanlar","status":"publish","type":"product","link":"https:\/\/roveyayinevi.com.tr\/index.php\/urun\/yolumuzu-aydinlatanlar\/","title":{"rendered":"Yolumuzu Ayd\u0131nlatanlar"},"content":{"rendered":"<p>Onlar, Cumhuriyet\u2019in E\u011fitim Devrimi\u2019nin \u00f6z\u00fcn\u00fc olu\u015fturan \u201cfikri h\u00fcr, vicdan\u0131 h\u00fcr, irfan\u0131 h\u00fcr\u201d ku\u015faklar yeti\u015ftirme at\u0131l\u0131m\u0131n\u0131n \u00f6zverili, \u00e7al\u0131\u015fkan y\u0131ld\u0131zlar\u0131\u2026 Onlar bir toplumun kurtulu\u015funun nitelikli ve bilimsel bir e\u011fitimden ge\u00e7ti\u011fini \u00f6z\u00fcmsemi\u015f, \u00e7abalar\u0131yla yolumuzu ayd\u0131nlatan \u00f6nc\u00fcleri\u2026E\u011fitimimiz, onu y\u0131llard\u0131r dinselle\u015ftirmeye, \u00f6zelle\u015ftirmeye \u00e7al\u0131\u015fan kar\u015f\u0131devrimcilere kar\u015f\u0131n y\u0131k\u0131lmad\u0131ysa, bunu, temelini sa\u011flam atan bu kadrolara bor\u00e7luyuz. E\u011fitim devriminin ate\u015fini harlayan birer k\u0131v\u0131lc\u0131m olarak yola \u00e7\u0131kan ve zamanla birer me\u015faleye d\u00f6n\u00fc\u015fm\u00fc\u015f olan bu an\u0131t insanlar, kararl\u0131l\u0131klar\u0131, yapt\u0131klar\u0131 ile bug\u00fcn de halk\u0131n karanl\u0131\u011fa kar\u015f\u0131 verdi\u011fi sava\u015f\u0131m\u0131n b\u00fcy\u00fck ayd\u0131nlanmac\u0131lar\u0131 olarak ya\u015famaktad\u0131rlar. E\u011fitimci Mustafa Gazalc\u0131\u2019n\u0131n Yolumuzu Ayd\u0131nlatanlar-Cumhuriyet\u2019in 10 E\u011fitim Y\u0131ld\u0131z\u0131 kitab\u0131nda okuyaca\u011f\u0131n\u0131z sat\u0131rlar ise, bu b\u00fcy\u00fck sava\u015f\u0131ma duyulan minnettarl\u0131\u011f\u0131n sayg\u0131 duru\u015fudur\u2026 <\/p>\n","protected":false},"excerpt":{"rendered":"<p>Onlar, Cumhuriyet\u2019in E\u011fitim Devrimi\u2019nin \u00f6z\u00fcn\u00fc olu\u015fturan \u201cfikri h\u00fcr, vicdan\u0131 h\u00fcr, irfan\u0131 h\u00fcr\u201d ku\u015faklar yeti\u015ftirme at\u0131l\u0131m\u0131n\u0131n \u00f6zverili, \u00e7al\u0131\u015fkan y\u0131ld\u0131zlar\u0131\u2026 Onlar bir toplumun kurtulu\u015funun nitelikli ve bilimsel bir<span class=\"excerpt-hellip\"> [\u2026]<\/span><\/p>\n","protected":false},"featured_media":0,"template":"","meta":{"_monsterinsights_skip_tracking":false,"_monsterinsights_sitenote_active":false,"_monsterinsights_sitenote_note":"","_monsterinsights_sitenote_category":0},"product_brand":[],"product_cat":[12567,12566],"product_tag":[],"class_list":{"0":"post-746988","1":"product","2":"type-product","3":"status-publish","5":"product_cat-diger-egitim","6":"product_cat-egitim","7":"pa_cilt-ciltsiz","8":"pa_tur-kitap","9":"pa_yayinevi-cumhuriyet-kitaplari","10":"pa_yazar-mustafa-gazalci","12":"first","13":"instock","14":"sale","15":"shipping-taxable","16":"purchasable","17":"product-type-simple"},"_links":{"self":[{"href":"https:\/\/roveyayinevi.com.tr\/index.php\/wp-json\/wp\/v2\/product\/746988","targetHints":{"allow":["GET"]}}],"collection":[{"href":"https:\/\/roveyayinevi.com.tr\/index.php\/wp-json\/wp\/v2\/product"}],"about":[{"href":"https:\/\/roveyayinevi.com.tr\/index.php\/wp-json\/wp\/v2\/types\/product"}],"wp:attachment":[{"href":"https:\/\/roveyayinevi.com.tr\/index.php\/wp-json\/wp\/v2\/media?parent=746988"}],"wp:term":[{"taxonomy":"product_brand","embeddable":true,"href":"https:\/\/roveyayinevi.com.tr\/index.php\/wp-json\/wp\/v2\/product_brand?post=746988"},{"taxonomy":"product_cat","embeddable":true,"href":"https:\/\/roveyayinevi.com.tr\/index.php\/wp-json\/wp\/v2\/product_cat?post=746988"},{"taxonomy":"product_tag","embeddable":true,"href":"https:\/\/roveyayinevi.com.tr\/index.php\/wp-json\/wp\/v2\/product_tag?post=746988"}],"curies":[{"name":"wp","href":"https:\/\/api.w.org\/{rel}","templated":true}]}}