{"id":746986,"date":"2025-08-28T02:55:51","date_gmt":"2025-08-27T23:55:51","guid":{"rendered":"https:\/\/roveyayinevi.com.tr\/index.php\/urun\/kutuphanemdeki-sesler\/"},"modified":"2026-04-16T02:59:40","modified_gmt":"2026-04-15T23:59:40","slug":"kutuphanemdeki-sesler","status":"publish","type":"product","link":"https:\/\/roveyayinevi.com.tr\/index.php\/urun\/kutuphanemdeki-sesler\/","title":{"rendered":"K\u00fct\u00fcphanemdeki Sesler"},"content":{"rendered":"<p>K\u00fct\u00fcphanemdeki Sesler; cazdan kitaplar\u0131n d\u00fcnyas\u0131na, yazarlar\u0131n ve bestecilerin \u00e7eki\u015fmelerinden Avrupa kafe k\u00fclt\u00fcr\u00fcne, psikolojiden resim sanat\u0131na, Paris\u2019ten Hollywood\u2019a uzanan entelekt\u00fcel bir anlat\u0131. Sayfalar aras\u0131nda seyahat ederken, caz\u0131n do\u011fdu\u011fu mahalleden yola \u00e7\u0131k\u0131p \u00e7\u00f6ldeki  Burning Man festivaline nas\u0131l vard\u0131\u011f\u0131n\u0131za \u00e7ok \u015fa\u015f\u0131racaks\u0131n\u0131z. Serdar Turgut\u2019un ak\u0131c\u0131 kaleminden yarat\u0131c\u0131l\u0131\u011f\u0131n hik\u00e2yesine do\u011fa\u00e7lama bir yolculuk\u2026   \u201cKo\u015fullar ne olursa olsun elimizde bir kitap tutmaktan, onu sat\u0131rlar\u0131n alt\u0131n\u0131 \u00e7izerek sayfan\u0131n yan\u0131na notlar alarak okumaktan katiyen vazge\u00e7meyece\u011fiz.\u201d<\/p>\n","protected":false},"excerpt":{"rendered":"<p>K\u00fct\u00fcphanemdeki Sesler; cazdan kitaplar\u0131n d\u00fcnyas\u0131na, yazarlar\u0131n ve bestecilerin \u00e7eki\u015fmelerinden Avrupa kafe k\u00fclt\u00fcr\u00fcne, psikolojiden resim sanat\u0131na, Paris\u2019ten Hollywood\u2019a uzanan entelekt\u00fcel bir anlat\u0131. Sayfalar aras\u0131nda seyahat ederken, caz\u0131n<span class=\"excerpt-hellip\"> [\u2026]<\/span><\/p>\n","protected":false},"featured_media":0,"template":"","meta":{"_monsterinsights_skip_tracking":false,"_monsterinsights_sitenote_active":false,"_monsterinsights_sitenote_note":"","_monsterinsights_sitenote_category":0},"product_brand":[],"product_cat":[12777,12291],"product_tag":[],"class_list":{"0":"post-746986","1":"product","2":"type-product","3":"status-publish","5":"product_cat-deneme","6":"product_cat-edebiyat","7":"pa_cilt-ciltsiz","8":"pa_tur-kitap","9":"pa_yayinevi-nora-kitap","10":"pa_yazar-serdar-turgut","12":"first","13":"instock","14":"sale","15":"shipping-taxable","16":"purchasable","17":"product-type-simple"},"_links":{"self":[{"href":"https:\/\/roveyayinevi.com.tr\/index.php\/wp-json\/wp\/v2\/product\/746986","targetHints":{"allow":["GET"]}}],"collection":[{"href":"https:\/\/roveyayinevi.com.tr\/index.php\/wp-json\/wp\/v2\/product"}],"about":[{"href":"https:\/\/roveyayinevi.com.tr\/index.php\/wp-json\/wp\/v2\/types\/product"}],"wp:attachment":[{"href":"https:\/\/roveyayinevi.com.tr\/index.php\/wp-json\/wp\/v2\/media?parent=746986"}],"wp:term":[{"taxonomy":"product_brand","embeddable":true,"href":"https:\/\/roveyayinevi.com.tr\/index.php\/wp-json\/wp\/v2\/product_brand?post=746986"},{"taxonomy":"product_cat","embeddable":true,"href":"https:\/\/roveyayinevi.com.tr\/index.php\/wp-json\/wp\/v2\/product_cat?post=746986"},{"taxonomy":"product_tag","embeddable":true,"href":"https:\/\/roveyayinevi.com.tr\/index.php\/wp-json\/wp\/v2\/product_tag?post=746986"}],"curies":[{"name":"wp","href":"https:\/\/api.w.org\/{rel}","templated":true}]}}