{"id":746982,"date":"2025-08-28T02:55:44","date_gmt":"2025-08-27T23:55:44","guid":{"rendered":"https:\/\/roveyayinevi.com.tr\/index.php\/urun\/aynadaki-ciglik\/"},"modified":"2026-04-16T02:59:40","modified_gmt":"2026-04-15T23:59:40","slug":"aynadaki-ciglik","status":"publish","type":"product","link":"https:\/\/roveyayinevi.com.tr\/index.php\/urun\/aynadaki-ciglik\/","title":{"rendered":"Aynadaki \u00c7\u0131\u011fl\u0131k"},"content":{"rendered":"<p>Bir s\u00fcre sonra ko\u015fmaktan bademciklerim iyice \u015fi\u015fmi\u015f, ald\u0131\u011f\u0131m nefes bana yetmez olmu\u015ftu. Sesler daha da yakla\u015f\u0131rken, sarma\u015f\u0131\u011f\u0131n a\u011faca doland\u0131\u011f\u0131 gibi bir \u015feylerin ayaklar\u0131ma doland\u0131\u011f\u0131n\u0131 hissettim. Art\u0131k ad\u0131mlar\u0131m gittik\u00e7e k\u0131sal\u0131yor, beni geriye do\u011fru as\u0131lan bir g\u00fc\u00e7le m\u00fccadele ediyordum.    Berk Asl\u0131\u2019ya yard\u0131mc\u0131 olmak i\u00e7in u\u011fra\u015f\u0131rken asl\u0131nda ya\u015fananlar\u0131n \u00e7ok farkl\u0131 oldu\u011fu ortaya \u00e7\u0131kar. Ka\u00e7\u0131\u015f ba\u015flad\u0131\u011f\u0131nda ya\u015fanan b\u00fct\u00fcn olaylar\u0131 ba\u015ftan alman\u0131z gerekecektir.    Bazen yeni bir kimlikle, bazen de ger\u00e7ek kimlikle ya\u015fayabilmek, nefes alabilmek i\u00e7indir ka\u00e7\u0131\u015f!!!\u2026<\/p>\n","protected":false},"excerpt":{"rendered":"<p>Bir s\u00fcre sonra ko\u015fmaktan bademciklerim iyice \u015fi\u015fmi\u015f, ald\u0131\u011f\u0131m nefes bana yetmez olmu\u015ftu. Sesler daha da yakla\u015f\u0131rken, sarma\u015f\u0131\u011f\u0131n a\u011faca doland\u0131\u011f\u0131 gibi bir \u015feylerin ayaklar\u0131ma doland\u0131\u011f\u0131n\u0131 hissettim. Art\u0131k<span class=\"excerpt-hellip\"> [\u2026]<\/span><\/p>\n","protected":false},"featured_media":0,"template":"","meta":{"_monsterinsights_skip_tracking":false,"_monsterinsights_sitenote_active":false,"_monsterinsights_sitenote_note":"","_monsterinsights_sitenote_category":0},"product_brand":[],"product_cat":[12291,17033],"product_tag":[],"class_list":{"0":"post-746982","1":"product","2":"type-product","3":"status-publish","5":"product_cat-edebiyat","6":"product_cat-korku-gerilim","7":"pa_cilt-ciltsiz","8":"pa_tur-kitap","9":"pa_yayinevi-hazer-yayinlari","10":"pa_yazar-nesrin-hazer-yildiz","12":"first","13":"instock","14":"sale","15":"shipping-taxable","16":"purchasable","17":"product-type-simple"},"_links":{"self":[{"href":"https:\/\/roveyayinevi.com.tr\/index.php\/wp-json\/wp\/v2\/product\/746982","targetHints":{"allow":["GET"]}}],"collection":[{"href":"https:\/\/roveyayinevi.com.tr\/index.php\/wp-json\/wp\/v2\/product"}],"about":[{"href":"https:\/\/roveyayinevi.com.tr\/index.php\/wp-json\/wp\/v2\/types\/product"}],"wp:attachment":[{"href":"https:\/\/roveyayinevi.com.tr\/index.php\/wp-json\/wp\/v2\/media?parent=746982"}],"wp:term":[{"taxonomy":"product_brand","embeddable":true,"href":"https:\/\/roveyayinevi.com.tr\/index.php\/wp-json\/wp\/v2\/product_brand?post=746982"},{"taxonomy":"product_cat","embeddable":true,"href":"https:\/\/roveyayinevi.com.tr\/index.php\/wp-json\/wp\/v2\/product_cat?post=746982"},{"taxonomy":"product_tag","embeddable":true,"href":"https:\/\/roveyayinevi.com.tr\/index.php\/wp-json\/wp\/v2\/product_tag?post=746982"}],"curies":[{"name":"wp","href":"https:\/\/api.w.org\/{rel}","templated":true}]}}