{"id":746980,"date":"2025-08-28T02:55:41","date_gmt":"2025-08-27T23:55:41","guid":{"rendered":"https:\/\/roveyayinevi.com.tr\/index.php\/urun\/alya\/"},"modified":"2026-04-16T02:59:40","modified_gmt":"2026-04-15T23:59:40","slug":"alya","status":"publish","type":"product","link":"https:\/\/roveyayinevi.com.tr\/index.php\/urun\/alya\/","title":{"rendered":"Alya"},"content":{"rendered":"<p>\u201cD\u00fcnyal\u0131lar d\u0131\u015f\u0131nda ba\u015fka bir gezegende ya\u015fayan canl\u0131ya ula\u015famad\u0131k.       Zaten di\u011fer gezegenlerde ya\u015famak i\u00e7in gerekli \u015fartlar olu\u015fmam\u0131\u015f Alya.\u201d    Kahraman\u0131m\u0131z ailesiyle birlikte gemiyle seyahate \u00e7\u0131kar. Gemi Atlas Okyanusa geldi\u011finde gizemli bir \u015fekilde kaybolur. G\u00f6z\u00fcn\u00fc a\u00e7t\u0131\u011f\u0131nda kendini ke\u015ffedilmemi\u015f bir uygarl\u0131kta bulur. Onlar\u0131n s\u0131rlar\u0131n\u0131 ele ge\u00e7irip d\u00fcnyaya nas\u0131l d\u00f6necek?    S\u00fcrprizlere haz\u0131r m\u0131s\u0131n\u0131z?<\/p>\n","protected":false},"excerpt":{"rendered":"<p>\u201cD\u00fcnyal\u0131lar d\u0131\u015f\u0131nda ba\u015fka bir gezegende ya\u015fayan canl\u0131ya ula\u015famad\u0131k. Zaten di\u011fer gezegenlerde ya\u015famak i\u00e7in gerekli \u015fartlar olu\u015fmam\u0131\u015f Alya.\u201d Kahraman\u0131m\u0131z ailesiyle birlikte gemiyle seyahate \u00e7\u0131kar. Gemi Atlas Okyanusa<span class=\"excerpt-hellip\"> [\u2026]<\/span><\/p>\n","protected":false},"featured_media":0,"template":"","meta":{"_monsterinsights_skip_tracking":false,"_monsterinsights_sitenote_active":false,"_monsterinsights_sitenote_note":"","_monsterinsights_sitenote_category":0},"product_brand":[],"product_cat":[12291,14777],"product_tag":[],"class_list":{"0":"post-746980","1":"product","2":"type-product","3":"status-publish","5":"product_cat-edebiyat","6":"product_cat-fantastik","7":"pa_cilt-ciltsiz","8":"pa_tur-kitap","9":"pa_yayinevi-hazer-yayinlari","10":"pa_yazar-nesrin-hazer-yildiz","12":"first","13":"instock","14":"sale","15":"shipping-taxable","16":"purchasable","17":"product-type-simple"},"_links":{"self":[{"href":"https:\/\/roveyayinevi.com.tr\/index.php\/wp-json\/wp\/v2\/product\/746980","targetHints":{"allow":["GET"]}}],"collection":[{"href":"https:\/\/roveyayinevi.com.tr\/index.php\/wp-json\/wp\/v2\/product"}],"about":[{"href":"https:\/\/roveyayinevi.com.tr\/index.php\/wp-json\/wp\/v2\/types\/product"}],"wp:attachment":[{"href":"https:\/\/roveyayinevi.com.tr\/index.php\/wp-json\/wp\/v2\/media?parent=746980"}],"wp:term":[{"taxonomy":"product_brand","embeddable":true,"href":"https:\/\/roveyayinevi.com.tr\/index.php\/wp-json\/wp\/v2\/product_brand?post=746980"},{"taxonomy":"product_cat","embeddable":true,"href":"https:\/\/roveyayinevi.com.tr\/index.php\/wp-json\/wp\/v2\/product_cat?post=746980"},{"taxonomy":"product_tag","embeddable":true,"href":"https:\/\/roveyayinevi.com.tr\/index.php\/wp-json\/wp\/v2\/product_tag?post=746980"}],"curies":[{"name":"wp","href":"https:\/\/api.w.org\/{rel}","templated":true}]}}