{"id":746979,"date":"2025-08-28T02:55:40","date_gmt":"2025-08-27T23:55:40","guid":{"rendered":"https:\/\/roveyayinevi.com.tr\/index.php\/urun\/buyuk-ask\/"},"modified":"2026-04-16T02:59:40","modified_gmt":"2026-04-15T23:59:40","slug":"buyuk-ask","status":"publish","type":"product","link":"https:\/\/roveyayinevi.com.tr\/index.php\/urun\/buyuk-ask\/","title":{"rendered":"B\u00fcy\u00fck A\u015fk"},"content":{"rendered":"<p>A\u015fk\u0131n ya\u015f\u0131 olur mu? &#8221;Hakim&#8217;in Yolculu\u011fu&#8221; \u00fc\u00e7lemesi ve \u0130ki Ya\u015fam&#8217;la kalplerimize dokunan Frans\u0131z \u00e7izer Fabien Toulm\u00e9&#8217;den; zamanda as\u0131l\u0131 kalan duygular\u0131 yeniden canland\u0131racak, sevda \u015fark\u0131lar\u0131 tad\u0131nda bir grafik roman: B\u00fcy\u00fck A\u015fk. Biri 20&#8217;lerinde, \u00f6tekisi ise 80&#8217;lerinde olan farkl\u0131 nesillerden iki kad\u0131n\u0131 bitimsiz bir a\u015fk hik\u00e2yesinin k\u0131y\u0131s\u0131nda bulu\u015fturan sanat\u00e7\u0131, sevmeye ve sevilmeye dair i\u00e7ten payla\u015f\u0131mlar e\u015fli\u011finde okurlar\u0131 Bordeaux&#8217;dan Portofino&#8217;ya uzanan bir ser\u00fcvene \u00e7\u0131kar\u0131yor. Aile ba\u011flar\u0131, ilk a\u015fk, evlilik kurumu, toplumsal cinsiyet e\u015fitli\u011fi gibi konular\u0131 mizahi oldu\u011fu kadar ger\u00e7ek\u00e7i bir dille, kad\u0131n-erkek ili\u015fkileri ekseninde ele alan kitap; hayata dair arzular\u0131m\u0131z, kayg\u0131lar\u0131m\u0131z ve hayal k\u0131r\u0131kl\u0131klar\u0131m\u0131z \u00fcst\u00fcne d\u00fc\u015f\u00fcnd\u00fcr\u00fcyor. \u00c7\u00fcnk\u00fc insan ayr\u0131lmay\u0131 bilmeli, sevmek zaman\u0131 bitmeden. Suzette, kocas\u0131n\u0131n \u00f6l\u00fcm\u00fcyle, geriye kalan az\u0131c\u0131k zaman\u0131n tad\u0131n\u0131 m\u00fctevaz\u0131 bir dul olarak ge\u00e7irece\u011fini d\u00fc\u015f\u00fcn\u00fcyordur. Ta ki kalbine g\u00f6md\u00fc\u011f\u00fc ilk a\u015fk\u0131 Francesco&#8217;nun k\u00fclleri, torunu No\u00e9mie taraf\u0131ndan yeniden harlanana kadar. A\u015fk\u0131n farkl\u0131 h\u00e2llerini kendi do\u011frular\u0131na g\u00f6re deneyimleme f\u0131rsat\u0131 bulan iki kad\u0131n i\u00e7in ge\u00e7mi\u015fle ve an\u0131lar\u0131yla y\u00fczle\u015fme vaktidir. Birbirlerinden \u00f6\u011frenecek \u015feyleri, sarmalar\u0131 gereken yaralar\u0131 vard\u0131r. Sonu mutlu bitmemi\u015f b\u00fcy\u00fck bir a\u015fk\u0131n izinden, \u0130talya&#8217;ya do\u011fru \u00e7\u0131kt\u0131klar\u0131 yolculuk; Suzette&#8217;i ve No\u00e9mie&#8217;yi hayal bile edemeyecekleri i\u00e7sel ke\u015fiflere ve uyan\u0131\u015flara s\u00fcr\u00fckleyecektir.  60 y\u0131ll\u0131k korlanm\u0131\u015f bir a\u015fk\u0131 melodik diyaloglar ve Akdeniz&#8217;in renkleriyle \u00e7izgilere d\u00f6ken Fabien Toulm\u00e9, kalbinin sesini dinlemeyi se\u00e7en bir b\u00fcy\u00fckanne ile torununun dokunakl\u0131 hik\u00e2yesini sinematografik bir anlat\u0131ya d\u00f6n\u00fc\u015ft\u00fcr\u00fcyor.  A\u015fk\u0131n ya\u015f\u0131 olmad\u0131\u011f\u0131 ger\u00e7e\u011fini bir kez daha g\u00f6zler \u00f6n\u00fcne seren bu etkileyici grafik roman, hayata ak\u0131ll\u0131 uslu ba\u015flay\u0131p zaman ge\u00e7tik\u00e7e isyank\u00e2rla\u015fan ruhlar ile hayata isyank\u00e2r olarak ba\u015flay\u0131p ya\u015fland\u0131k\u00e7a ak\u0131llan\u0131p uslanan ruhlar\u0131 a\u015fk liman\u0131nda bulu\u015fturuyor. <\/p>\n","protected":false},"excerpt":{"rendered":"<p>A\u015fk\u0131n ya\u015f\u0131 olur mu? &#8221;Hakim&#8217;in Yolculu\u011fu&#8221; \u00fc\u00e7lemesi ve \u0130ki Ya\u015fam&#8217;la kalplerimize dokunan Frans\u0131z \u00e7izer Fabien Toulm\u00e9&#8217;den; zamanda as\u0131l\u0131 kalan duygular\u0131 yeniden canland\u0131racak, sevda \u015fark\u0131lar\u0131 tad\u0131nda bir<span class=\"excerpt-hellip\"> [\u2026]<\/span><\/p>\n","protected":false},"featured_media":0,"template":"","meta":{"_monsterinsights_skip_tracking":false,"_monsterinsights_sitenote_active":false,"_monsterinsights_sitenote_note":"","_monsterinsights_sitenote_category":0},"product_brand":[],"product_cat":[12416,12291],"product_tag":[],"class_list":{"0":"post-746979","1":"product","2":"type-product","3":"status-publish","5":"product_cat-cizgi-roman","6":"product_cat-edebiyat","7":"pa_cilt-ciltsiz","8":"pa_tur-kitap","9":"pa_yayinevi-desen-yayinlari","10":"pa_yazar-fabien-toulme","12":"first","13":"instock","14":"sale","15":"shipping-taxable","16":"purchasable","17":"product-type-simple"},"_links":{"self":[{"href":"https:\/\/roveyayinevi.com.tr\/index.php\/wp-json\/wp\/v2\/product\/746979","targetHints":{"allow":["GET"]}}],"collection":[{"href":"https:\/\/roveyayinevi.com.tr\/index.php\/wp-json\/wp\/v2\/product"}],"about":[{"href":"https:\/\/roveyayinevi.com.tr\/index.php\/wp-json\/wp\/v2\/types\/product"}],"wp:attachment":[{"href":"https:\/\/roveyayinevi.com.tr\/index.php\/wp-json\/wp\/v2\/media?parent=746979"}],"wp:term":[{"taxonomy":"product_brand","embeddable":true,"href":"https:\/\/roveyayinevi.com.tr\/index.php\/wp-json\/wp\/v2\/product_brand?post=746979"},{"taxonomy":"product_cat","embeddable":true,"href":"https:\/\/roveyayinevi.com.tr\/index.php\/wp-json\/wp\/v2\/product_cat?post=746979"},{"taxonomy":"product_tag","embeddable":true,"href":"https:\/\/roveyayinevi.com.tr\/index.php\/wp-json\/wp\/v2\/product_tag?post=746979"}],"curies":[{"name":"wp","href":"https:\/\/api.w.org\/{rel}","templated":true}]}}