{"id":746978,"date":"2025-08-28T02:55:39","date_gmt":"2025-08-27T23:55:39","guid":{"rendered":"https:\/\/roveyayinevi.com.tr\/index.php\/urun\/kutahya-erguniyye-mevlevihanesinin-klasik-turk-musikisine-etkileri\/"},"modified":"2026-04-16T02:59:40","modified_gmt":"2026-04-15T23:59:40","slug":"kutahya-erguniyye-mevlevihanesinin-klasik-turk-musikisine-etkileri","status":"publish","type":"product","link":"https:\/\/roveyayinevi.com.tr\/index.php\/urun\/kutahya-erguniyye-mevlevihanesinin-klasik-turk-musikisine-etkileri\/","title":{"rendered":"K\u00fctahya Erguniyye Mevlevihanesi\u2019nin Klasik T\u00fcrk Musikisine Etkileri"},"content":{"rendered":"<p>K\u00fctahya Erguniyye Mevlev\u00eeh\u00e2nesi\u2019nin Klasik T\u00fcrk M\u00fbsik\u00eesine Etkileri<\/p>\n","protected":false},"excerpt":{"rendered":"<p>K\u00fctahya Erguniyye Mevlev\u00eeh\u00e2nesi\u2019nin Klasik T\u00fcrk M\u00fbsik\u00eesine Etkileri<\/p>\n","protected":false},"featured_media":0,"template":"","meta":{"_monsterinsights_skip_tracking":false,"_monsterinsights_sitenote_active":false,"_monsterinsights_sitenote_note":"","_monsterinsights_sitenote_category":0},"product_brand":[],"product_cat":[13036,12718,12719],"product_tag":[],"class_list":{"0":"post-746978","1":"product","2":"type-product","3":"status-publish","5":"product_cat-arastirma-inceleme-islam","6":"product_cat-din","7":"product_cat-islam","8":"pa_cilt-ciltsiz","9":"pa_tur-kitap","10":"pa_yayinevi-korkut-yayinlari","11":"pa_yazar-sami-anik","13":"first","14":"instock","15":"sale","16":"shipping-taxable","17":"purchasable","18":"product-type-simple"},"_links":{"self":[{"href":"https:\/\/roveyayinevi.com.tr\/index.php\/wp-json\/wp\/v2\/product\/746978","targetHints":{"allow":["GET"]}}],"collection":[{"href":"https:\/\/roveyayinevi.com.tr\/index.php\/wp-json\/wp\/v2\/product"}],"about":[{"href":"https:\/\/roveyayinevi.com.tr\/index.php\/wp-json\/wp\/v2\/types\/product"}],"wp:attachment":[{"href":"https:\/\/roveyayinevi.com.tr\/index.php\/wp-json\/wp\/v2\/media?parent=746978"}],"wp:term":[{"taxonomy":"product_brand","embeddable":true,"href":"https:\/\/roveyayinevi.com.tr\/index.php\/wp-json\/wp\/v2\/product_brand?post=746978"},{"taxonomy":"product_cat","embeddable":true,"href":"https:\/\/roveyayinevi.com.tr\/index.php\/wp-json\/wp\/v2\/product_cat?post=746978"},{"taxonomy":"product_tag","embeddable":true,"href":"https:\/\/roveyayinevi.com.tr\/index.php\/wp-json\/wp\/v2\/product_tag?post=746978"}],"curies":[{"name":"wp","href":"https:\/\/api.w.org\/{rel}","templated":true}]}}