{"id":746977,"date":"2025-08-28T02:55:38","date_gmt":"2025-08-27T23:55:38","guid":{"rendered":"https:\/\/roveyayinevi.com.tr\/index.php\/urun\/100-yilinda-cumhuriyetimizi-anlamak\/"},"modified":"2026-04-16T02:59:40","modified_gmt":"2026-04-15T23:59:40","slug":"100-yilinda-cumhuriyetimizi-anlamak","status":"publish","type":"product","link":"https:\/\/roveyayinevi.com.tr\/index.php\/urun\/100-yilinda-cumhuriyetimizi-anlamak\/","title":{"rendered":"100. Y\u0131l\u0131nda Cumhuriyetimizi Anlamak"},"content":{"rendered":"<p>Bu kitap, T\u00fcrk milletinin maruz kald\u0131\u011f\u0131 Ha\u00e7l\u0131 Siyonist emperyalist bir i\u015fgalden kurtulu\u015ftan sonra tam istiklalci ve y\u00fczde y\u00fcz milliyet\u00e7i bir zemin \u00fczerine kurulan Cumhuriyetimizin kurulu\u015f felsefesini ve ruhunu ortaya koyan, kimlik de\u011ferlerini yorumlayan bir \u00e7al\u0131\u015fmad\u0131r. T\u00fcrk Cumhuriyetini bug\u00fcn anlamak ve anlamland\u0131rmak demek, bundan sonra da h\u00fcr ve ba\u011f\u0131ms\u0131z bir millet olarak ya\u015fama iste\u011fimizi a\u00e7\u0131k\u00e7a belirginle\u015ftirmek demektir. <\/p>\n","protected":false},"excerpt":{"rendered":"<p>Bu kitap, T\u00fcrk milletinin maruz kald\u0131\u011f\u0131 Ha\u00e7l\u0131 Siyonist emperyalist bir i\u015fgalden kurtulu\u015ftan sonra tam istiklalci ve y\u00fczde y\u00fcz milliyet\u00e7i bir zemin \u00fczerine kurulan Cumhuriyetimizin kurulu\u015f felsefesini<span class=\"excerpt-hellip\"> [\u2026]<\/span><\/p>\n","protected":false},"featured_media":0,"template":"","meta":{"_monsterinsights_skip_tracking":false,"_monsterinsights_sitenote_active":false,"_monsterinsights_sitenote_note":"","_monsterinsights_sitenote_category":0},"product_brand":[],"product_cat":[12370,12304],"product_tag":[],"class_list":{"0":"post-746977","1":"product","2":"type-product","3":"status-publish","5":"product_cat-arastirma-inceleme","6":"product_cat-tarih","7":"pa_cilt-ciltsiz","8":"pa_tur-kitap","9":"pa_yayinevi-korkut-yayinlari","10":"pa_yazar-nurullah-cetin","12":"first","13":"instock","14":"sale","15":"shipping-taxable","16":"purchasable","17":"product-type-simple"},"_links":{"self":[{"href":"https:\/\/roveyayinevi.com.tr\/index.php\/wp-json\/wp\/v2\/product\/746977","targetHints":{"allow":["GET"]}}],"collection":[{"href":"https:\/\/roveyayinevi.com.tr\/index.php\/wp-json\/wp\/v2\/product"}],"about":[{"href":"https:\/\/roveyayinevi.com.tr\/index.php\/wp-json\/wp\/v2\/types\/product"}],"wp:attachment":[{"href":"https:\/\/roveyayinevi.com.tr\/index.php\/wp-json\/wp\/v2\/media?parent=746977"}],"wp:term":[{"taxonomy":"product_brand","embeddable":true,"href":"https:\/\/roveyayinevi.com.tr\/index.php\/wp-json\/wp\/v2\/product_brand?post=746977"},{"taxonomy":"product_cat","embeddable":true,"href":"https:\/\/roveyayinevi.com.tr\/index.php\/wp-json\/wp\/v2\/product_cat?post=746977"},{"taxonomy":"product_tag","embeddable":true,"href":"https:\/\/roveyayinevi.com.tr\/index.php\/wp-json\/wp\/v2\/product_tag?post=746977"}],"curies":[{"name":"wp","href":"https:\/\/api.w.org\/{rel}","templated":true}]}}