{"id":746972,"date":"2025-08-28T02:55:30","date_gmt":"2025-08-27T23:55:30","guid":{"rendered":"https:\/\/roveyayinevi.com.tr\/index.php\/urun\/destanlar-burcu\/"},"modified":"2026-04-16T02:59:40","modified_gmt":"2026-04-15T23:59:40","slug":"destanlar-burcu","status":"publish","type":"product","link":"https:\/\/roveyayinevi.com.tr\/index.php\/urun\/destanlar-burcu\/","title":{"rendered":"Destanlar Burcu"},"content":{"rendered":"<p>\u201cHece veznini ve destan \u015fiirinin gerektirdi\u011fi sa\u011flam kafiyeleri hi\u00e7bir zaman yapmac\u0131kl\u0131\u011fa d\u00fc\u015fmeden, b\u00fcy\u00fck bir ustal\u0131kla kullanan Gen\u00e7osmano\u011flu, sadece yazd\u0131klar\u0131n\u0131n muhtevas\u0131yla de\u011fil, sesiyle de destan duygusunu yakalam\u0131\u015f, her \u015fiirini okuyan\u0131 \u00f6nce destan devirlerine g\u00f6t\u00fcren sonra g\u00fcn\u00fcm\u00fcz\u00fcn realiteleriyle y\u00fcz y\u00fcze b\u0131rakan bir \u015fairdir.\u201d \u2012Be\u015fir Ayvazo\u011flu   \u201c\u015eiirleri, \u015fekil ve muhteva bak\u0131m\u0131ndan T\u00fcrk edebiyat\u0131n\u0131n b\u00fct\u00fcn evrelerini kucaklar. Onun eserleri, T\u00fcrk edebiyat\u0131n\u0131n hem koalisyonu hem koleksiyonudur. Bir kelimesi bir devri ya\u015fat\u0131r. Kelimeler yan yana gelirken yo\u011frulmu\u015fluklar\u0131n\u0131 hayk\u0131r\u0131rlar. Hepsi diri hepsi canl\u0131d\u0131r. Deli deli akan bir su gibi y\u00fcreklerde \u00e7a\u011flayanlar olu\u015fturmu\u015ftur. Kimi er meydan\u0131nda yi\u011fitlik \u015fark\u0131lar\u0131 s\u00f6yler. Kimi Mekke\u2019de K\u00e2be\u2019yi tavaf eder, kimileri de bir seyy\u00e2h-\u0131 fakir ki k\u00fclt\u00fcr co\u011frafyas\u0131n\u0131 durmaz dola\u015f\u0131r. Baz\u0131lar\u0131 da vard\u0131r ki Sih\u00e2m-\u0131 Kaz\u00e2 gibi gider, beyinlere saplan\u0131r.\u201d \u2012Dr. \u00dc\u00e7ler G\u00fcler   \u201cBu \u015fiirler, de\u011ferleri sars\u0131lm\u0131\u015f, k\u00fclt\u00fcr k\u0131y\u0131m\u0131na, kimlik kayb\u0131na u\u011fram\u0131\u015f bir milleti uyand\u0131ran, \u015fahland\u0131ran bir ses olmu\u015ftur. Daima \u00f6v\u00fcnd\u00fc\u011f\u00fcm\u00fcz, g\u00f6nl\u00fcm\u00fcz\u00fcn ba\u015fk\u00f6\u015fesinde yer alan mimar\u00ee abideler gibi milletin de mimarlar\u0131 vard\u0131r. Onlar insanlar\u0131 s\u00fcr\u00fc olmaktan \u00e7\u0131kar\u0131p lay\u0131k oldu\u011fu g\u00fczelliklere, iyiliklere, do\u011fruluklara eri\u015ftirirler. \u0130\u015fte bu millet mimarlar\u0131ndan biri de Gen\u00e7osmano\u011flu\u2019dur.\u201d \u2012Sevin\u00e7 \u00c7okum   \u0130natla girmeyin soy sop fasl\u0131na; Kurtsa kurt, itse it, d\u00f6ner asl\u0131na&#8230; Rum \u00fclkelerinde O\u011fuz nesline Peygamber kavlince \u00f6z verilmeli.   Ekmek, su, a\u015f bulmak gecikebilir, Temele ta\u015f bulmak gecikebilir, Devlete ba\u015f bulmak gecikebilir, Adalet gecikmez tez verilmeli!   \u0130\u00e7inde olanlar bir nebze iman G\u00f6\u011fs\u00fcn\u00fc mazluma eder s\u00fctliman&#8230; Halk\u0131 ay\u0131rmadan k\u00e2fir, M\u00fcsl\u00fcman, A\u00e7sa a\u015f, a\u00e7\u0131ksa bez verilmeli. <\/p>\n","protected":false},"excerpt":{"rendered":"<p>\u201cHece veznini ve destan \u015fiirinin gerektirdi\u011fi sa\u011flam kafiyeleri hi\u00e7bir zaman yapmac\u0131kl\u0131\u011fa d\u00fc\u015fmeden, b\u00fcy\u00fck bir ustal\u0131kla kullanan Gen\u00e7osmano\u011flu, sadece yazd\u0131klar\u0131n\u0131n muhtevas\u0131yla de\u011fil, sesiyle de destan duygusunu yakalam\u0131\u015f,<span class=\"excerpt-hellip\"> [\u2026]<\/span><\/p>\n","protected":false},"featured_media":0,"template":"","meta":{"_monsterinsights_skip_tracking":false,"_monsterinsights_sitenote_active":false,"_monsterinsights_sitenote_note":"","_monsterinsights_sitenote_category":0},"product_brand":[],"product_cat":[12291,13706],"product_tag":[],"class_list":{"0":"post-746972","1":"product","2":"type-product","3":"status-publish","5":"product_cat-edebiyat","6":"product_cat-efsane-destan-masal","7":"pa_cilt-ciltsiz","8":"pa_tur-kitap","9":"pa_yayinevi-bilge-kultur-sanat","10":"pa_yazar-niyazi-yildirim-gencosmanoglu","12":"first","13":"instock","14":"sale","15":"shipping-taxable","16":"purchasable","17":"product-type-simple"},"_links":{"self":[{"href":"https:\/\/roveyayinevi.com.tr\/index.php\/wp-json\/wp\/v2\/product\/746972","targetHints":{"allow":["GET"]}}],"collection":[{"href":"https:\/\/roveyayinevi.com.tr\/index.php\/wp-json\/wp\/v2\/product"}],"about":[{"href":"https:\/\/roveyayinevi.com.tr\/index.php\/wp-json\/wp\/v2\/types\/product"}],"wp:attachment":[{"href":"https:\/\/roveyayinevi.com.tr\/index.php\/wp-json\/wp\/v2\/media?parent=746972"}],"wp:term":[{"taxonomy":"product_brand","embeddable":true,"href":"https:\/\/roveyayinevi.com.tr\/index.php\/wp-json\/wp\/v2\/product_brand?post=746972"},{"taxonomy":"product_cat","embeddable":true,"href":"https:\/\/roveyayinevi.com.tr\/index.php\/wp-json\/wp\/v2\/product_cat?post=746972"},{"taxonomy":"product_tag","embeddable":true,"href":"https:\/\/roveyayinevi.com.tr\/index.php\/wp-json\/wp\/v2\/product_tag?post=746972"}],"curies":[{"name":"wp","href":"https:\/\/api.w.org\/{rel}","templated":true}]}}