{"id":746971,"date":"2025-08-28T02:55:29","date_gmt":"2025-08-27T23:55:29","guid":{"rendered":"https:\/\/roveyayinevi.com.tr\/index.php\/urun\/kendi-ozunu-bil\/"},"modified":"2026-04-16T02:59:40","modified_gmt":"2026-04-15T23:59:40","slug":"kendi-ozunu-bil","status":"publish","type":"product","link":"https:\/\/roveyayinevi.com.tr\/index.php\/urun\/kendi-ozunu-bil\/","title":{"rendered":"Kendi \u00d6z\u00fcn\u00fc Bil"},"content":{"rendered":"<p>Aile dizimi ger\u00e7ekten i\u015fe yar\u0131yor mu? Kendimize nas\u0131l \u00f6z\u015fefkat g\u00f6sterir, ba\u011f\u0131\u015flamay\u0131 nas\u0131l \u00f6\u011freniriz? Mutlulu\u011fu nerede aramal\u0131y\u0131z, ya\u015fad\u0131\u011f\u0131m\u0131z t\u00fcrden \u00e7etin zamanlarda umudumuzu nas\u0131l koruruz? H\u0131z \u00e7a\u011f\u0131nda yava\u015flamak m\u00fcmk\u00fcn m\u00fc? Uyaranlar bombard\u0131man\u0131 i\u00e7inde dikkatimizi toplaman\u0131n yolu nedir? Sade bir hayata ge\u00e7i\u015fin yollar\u0131 nelerdir? Kariyer ve \u00f6zel ya\u015fam dengemizi nas\u0131l kurabiliriz? Travmalardan nas\u0131l g\u00fc\u00e7lenerek \u00e7\u0131kabiliriz? Ruhsal dayan\u0131kl\u0131l\u0131\u011f\u0131 nas\u0131l ba\u015farabiliriz? Anlaml\u0131 bir hayat i\u00e7in ne yapmal\u0131y\u0131z? Kendimizi ve \u00f6z\u00fcm\u00fcz\u00fc nas\u0131l tan\u0131r\u0131z?     Prof. Dr. Kemal Sayar ve Klinik Psikolog Rabia Yavuz bizi insan do\u011fas\u0131na ili\u015fkin \u00f6nemli sorularla bir zihin ve duygu yolculu\u011funa \u00e7\u0131kar\u0131yor. Ruhun yaralar\u0131na \u015fifa olabilecek, hepimize iyi gelecek cevaplarla. <\/p>\n","protected":false},"excerpt":{"rendered":"<p>Aile dizimi ger\u00e7ekten i\u015fe yar\u0131yor mu? Kendimize nas\u0131l \u00f6z\u015fefkat g\u00f6sterir, ba\u011f\u0131\u015flamay\u0131 nas\u0131l \u00f6\u011freniriz? Mutlulu\u011fu nerede aramal\u0131y\u0131z, ya\u015fad\u0131\u011f\u0131m\u0131z t\u00fcrden \u00e7etin zamanlarda umudumuzu nas\u0131l koruruz? H\u0131z \u00e7a\u011f\u0131nda yava\u015flamak<span class=\"excerpt-hellip\"> [\u2026]<\/span><\/p>\n","protected":false},"featured_media":0,"template":"","meta":{"_monsterinsights_skip_tracking":false,"_monsterinsights_sitenote_active":false,"_monsterinsights_sitenote_note":"","_monsterinsights_sitenote_category":0},"product_brand":[],"product_cat":[12357],"product_tag":[],"class_list":{"0":"post-746971","1":"product","2":"type-product","3":"status-publish","5":"product_cat-psikoloji","6":"pa_cilt-ciltsiz","7":"pa_tur-kitap","8":"pa_yayinevi-sahi-kitap","9":"pa_yazar-kemal-sayar-rabia-yavuz","11":"first","12":"instock","13":"sale","14":"shipping-taxable","15":"purchasable","16":"product-type-simple"},"_links":{"self":[{"href":"https:\/\/roveyayinevi.com.tr\/index.php\/wp-json\/wp\/v2\/product\/746971","targetHints":{"allow":["GET"]}}],"collection":[{"href":"https:\/\/roveyayinevi.com.tr\/index.php\/wp-json\/wp\/v2\/product"}],"about":[{"href":"https:\/\/roveyayinevi.com.tr\/index.php\/wp-json\/wp\/v2\/types\/product"}],"wp:attachment":[{"href":"https:\/\/roveyayinevi.com.tr\/index.php\/wp-json\/wp\/v2\/media?parent=746971"}],"wp:term":[{"taxonomy":"product_brand","embeddable":true,"href":"https:\/\/roveyayinevi.com.tr\/index.php\/wp-json\/wp\/v2\/product_brand?post=746971"},{"taxonomy":"product_cat","embeddable":true,"href":"https:\/\/roveyayinevi.com.tr\/index.php\/wp-json\/wp\/v2\/product_cat?post=746971"},{"taxonomy":"product_tag","embeddable":true,"href":"https:\/\/roveyayinevi.com.tr\/index.php\/wp-json\/wp\/v2\/product_tag?post=746971"}],"curies":[{"name":"wp","href":"https:\/\/api.w.org\/{rel}","templated":true}]}}