{"id":746968,"date":"2025-08-28T02:55:26","date_gmt":"2025-08-27T23:55:26","guid":{"rendered":"https:\/\/roveyayinevi.com.tr\/index.php\/urun\/aleviligin-ozu\/"},"modified":"2026-01-29T03:30:49","modified_gmt":"2026-01-29T00:30:49","slug":"aleviligin-ozu","status":"publish","type":"product","link":"https:\/\/roveyayinevi.com.tr\/index.php\/urun\/aleviligin-ozu\/","title":{"rendered":"Alevili\u011fin \u00d6z\u00fc"},"content":{"rendered":"<p>Alevilik asimilasyon alt\u0131ndad\u0131r. Alevili\u011fi \u00f6z bi\u00e7imiyle aya\u011fa kald\u0131rmak gerekiyor. Alevili\u011fin ilkelerini orijinal bi\u00e7imiyle gen\u00e7 ku\u015faklara \u00f6\u011fretmek gerekiyor. Alevili\u011fi bozulmam\u0131\u015f bi\u00e7imiyle \u00f6\u011frenmek, bug\u00fcn Aleviler i\u00e7in tarihsel bir g\u00f6revdir. Alevili\u011fin ilkelerini anlatan en \u00f6z kaynak Alevi ozanlar\u0131n deyi\u015fleridir. Alevili\u011fin temel anlay\u0131\u015flar\u0131n\u0131 bu deyi\u015fler i\u00e7inden s\u00fczmek gerekir. Bu kitap Alevili\u011fin ba\u015fl\u0131ca g\u00f6r\u00fc\u015flerini Alevi ozanlar\u0131n\u0131 kan\u0131t g\u00f6stererek anlatmay\u0131 ama\u00e7l\u0131yor. Alevili\u011fe \u00f6\u011frenmek isteyenlere k\u0131sa ve \u00f6zl\u00fc bilgiler sunuyor. <\/p>\n","protected":false},"excerpt":{"rendered":"<p>Alevilik asimilasyon alt\u0131ndad\u0131r. Alevili\u011fi \u00f6z bi\u00e7imiyle aya\u011fa kald\u0131rmak gerekiyor. Alevili\u011fin ilkelerini orijinal bi\u00e7imiyle gen\u00e7 ku\u015faklara \u00f6\u011fretmek gerekiyor. Alevili\u011fi bozulmam\u0131\u015f bi\u00e7imiyle \u00f6\u011frenmek, bug\u00fcn Aleviler i\u00e7in tarihsel bir<span class=\"excerpt-hellip\"> [\u2026]<\/span><\/p>\n","protected":false},"featured_media":0,"template":"","meta":{"_monsterinsights_skip_tracking":false,"_monsterinsights_sitenote_active":false,"_monsterinsights_sitenote_note":"","_monsterinsights_sitenote_category":0},"product_brand":[],"product_cat":[13590,12337],"product_tag":[],"class_list":{"0":"post-746968","1":"product","2":"type-product","3":"status-publish","5":"product_cat-arastirma-inceleme-politika-siyaset","6":"product_cat-politika-siyaset","7":"pa_cilt-ciltsiz","8":"pa_tur-kitap","9":"pa_yayinevi-utopya-yayinevi","10":"pa_yazar-mehmet-inanc-turan","12":"first","13":"instock","14":"sale","15":"shipping-taxable","16":"purchasable","17":"product-type-simple"},"_links":{"self":[{"href":"https:\/\/roveyayinevi.com.tr\/index.php\/wp-json\/wp\/v2\/product\/746968","targetHints":{"allow":["GET"]}}],"collection":[{"href":"https:\/\/roveyayinevi.com.tr\/index.php\/wp-json\/wp\/v2\/product"}],"about":[{"href":"https:\/\/roveyayinevi.com.tr\/index.php\/wp-json\/wp\/v2\/types\/product"}],"wp:attachment":[{"href":"https:\/\/roveyayinevi.com.tr\/index.php\/wp-json\/wp\/v2\/media?parent=746968"}],"wp:term":[{"taxonomy":"product_brand","embeddable":true,"href":"https:\/\/roveyayinevi.com.tr\/index.php\/wp-json\/wp\/v2\/product_brand?post=746968"},{"taxonomy":"product_cat","embeddable":true,"href":"https:\/\/roveyayinevi.com.tr\/index.php\/wp-json\/wp\/v2\/product_cat?post=746968"},{"taxonomy":"product_tag","embeddable":true,"href":"https:\/\/roveyayinevi.com.tr\/index.php\/wp-json\/wp\/v2\/product_tag?post=746968"}],"curies":[{"name":"wp","href":"https:\/\/api.w.org\/{rel}","templated":true}]}}