{"id":746967,"date":"2025-08-28T02:55:25","date_gmt":"2025-08-27T23:55:25","guid":{"rendered":"https:\/\/roveyayinevi.com.tr\/index.php\/urun\/sosyal-bilimler-perspektifinden-aleviler-ve-alevilik-1\/"},"modified":"2026-01-29T03:30:49","modified_gmt":"2026-01-29T00:30:49","slug":"sosyal-bilimler-perspektifinden-aleviler-ve-alevilik-1","status":"publish","type":"product","link":"https:\/\/roveyayinevi.com.tr\/index.php\/urun\/sosyal-bilimler-perspektifinden-aleviler-ve-alevilik-1\/","title":{"rendered":"Sosyal Bilimler Perspektifinden Aleviler Ve Alevilik &#8211; 1"},"content":{"rendered":"<p>Alevilik, 20. y\u00fczy\u0131l boyunca tarih, halk bilimi, edebiyat gibi belli disiplinler alt\u0131nda ve genellikle \u201cd\u0131\u015far\u0131dan\u201d bir bak\u0131\u015fla ele al\u0131nd\u0131. Son \u00e7eyrek y\u00fczy\u0131lda ise bu durumu tam tersine \u00e7eviren bir bilgi \u00fcretimi var. Belli ki 21. y\u00fczy\u0131l, Alevilik \u00e7al\u0131\u015fmalar\u0131 i\u00e7in de muazzam bir geli\u015fme alan\u0131 a\u00e7acak. Bu ba\u011f\u0131ms\u0131z ara\u015ft\u0131rma sahas\u0131n\u0131n, \u00e7o\u011funlu\u011fu gen\u00e7 fakat alan\u0131na \u015fimdiden nitelikli katk\u0131lar sunan akademisyenlerinden bir\u00e7o\u011funu bu derlemede bir arada bulacaks\u0131n\u0131z. Bu kitap, GADEV Alevi Akademisi b\u00fcnyesinde y\u00fcr\u00fct\u00fclen Sosyal Bilimler Perspektifinden Aleviler ve Alevilik E\u011fitim Program\u0131\u2019n\u0131n bir \u00fcr\u00fcn\u00fc. Her biri yak\u0131n d\u00f6nemde Alevilik \u00e7al\u0131\u015fmalar\u0131 alan\u0131nda \u00f6nemli ara\u015ft\u0131rmalar y\u00fcr\u00fctm\u00fc\u015f isimlerin \u00f6zg\u00fcn \u00e7al\u0131\u015fmalar\u0131n\u0131 i\u00e7eren kitap; tarih, sosyoloji, etnoloji, k\u00fclt\u00fcr, edebiyat, kentle\u015fme, siyaset, iktisat, psikoloji, hukuk, m\u00fczik, toplumsal cinsiyet ve ileti\u015fim gibi farkl\u0131 disiplinlerin perspektifinden Alevilere ve Alevili\u011fe dair \u00e7ok y\u00f6nl\u00fc bir bak\u0131\u015f a\u00e7\u0131s\u0131 sunuyor. Alevilik ile ele\u015ftirel sosyal bilim gelene\u011finin ili\u015fkisini kurma ve bunun temel \u00e7\u0131kt\u0131lar\u0131n\u0131 kamuya a\u00e7ma gayesinde olan bu \u00e7al\u0131\u015fma, \u201cd\u0131\u015far\u0131dan\u201d veya \u201ci\u00e7eriden\u201d, her ilgi grubundan okur i\u00e7in nitelikli bir ba\u015fvuru kayna\u011f\u0131 olmaya aday&#8230;<\/p>\n","protected":false},"excerpt":{"rendered":"<p>Alevilik, 20. y\u00fczy\u0131l boyunca tarih, halk bilimi, edebiyat gibi belli disiplinler alt\u0131nda ve genellikle \u201cd\u0131\u015far\u0131dan\u201d bir bak\u0131\u015fla ele al\u0131nd\u0131. Son \u00e7eyrek y\u00fczy\u0131lda ise bu durumu tam<span class=\"excerpt-hellip\"> [\u2026]<\/span><\/p>\n","protected":false},"featured_media":0,"template":"","meta":{"_monsterinsights_skip_tracking":false,"_monsterinsights_sitenote_active":false,"_monsterinsights_sitenote_note":"","_monsterinsights_sitenote_category":0},"product_brand":[],"product_cat":[13590,12337],"product_tag":[],"class_list":{"0":"post-746967","1":"product","2":"type-product","3":"status-publish","5":"product_cat-arastirma-inceleme-politika-siyaset","6":"product_cat-politika-siyaset","7":"pa_cilt-ciltsiz","8":"pa_tur-kitap","9":"pa_yayinevi-utopya-yayinevi","10":"pa_yazar-kolektif","12":"first","13":"instock","14":"sale","15":"shipping-taxable","16":"purchasable","17":"product-type-simple"},"_links":{"self":[{"href":"https:\/\/roveyayinevi.com.tr\/index.php\/wp-json\/wp\/v2\/product\/746967","targetHints":{"allow":["GET"]}}],"collection":[{"href":"https:\/\/roveyayinevi.com.tr\/index.php\/wp-json\/wp\/v2\/product"}],"about":[{"href":"https:\/\/roveyayinevi.com.tr\/index.php\/wp-json\/wp\/v2\/types\/product"}],"wp:attachment":[{"href":"https:\/\/roveyayinevi.com.tr\/index.php\/wp-json\/wp\/v2\/media?parent=746967"}],"wp:term":[{"taxonomy":"product_brand","embeddable":true,"href":"https:\/\/roveyayinevi.com.tr\/index.php\/wp-json\/wp\/v2\/product_brand?post=746967"},{"taxonomy":"product_cat","embeddable":true,"href":"https:\/\/roveyayinevi.com.tr\/index.php\/wp-json\/wp\/v2\/product_cat?post=746967"},{"taxonomy":"product_tag","embeddable":true,"href":"https:\/\/roveyayinevi.com.tr\/index.php\/wp-json\/wp\/v2\/product_tag?post=746967"}],"curies":[{"name":"wp","href":"https:\/\/api.w.org\/{rel}","templated":true}]}}