{"id":746965,"date":"2025-08-28T02:55:23","date_gmt":"2025-08-27T23:55:23","guid":{"rendered":"https:\/\/roveyayinevi.com.tr\/index.php\/urun\/samanin-yasam-ve-olum-kitabi\/"},"modified":"2026-04-16T02:59:40","modified_gmt":"2026-04-15T23:59:40","slug":"samanin-yasam-ve-olum-kitabi","status":"publish","type":"product","link":"https:\/\/roveyayinevi.com.tr\/index.php\/urun\/samanin-yasam-ve-olum-kitabi\/","title":{"rendered":"\u015eaman\u2019\u0131n Ya\u015fam ve \u00d6l\u00fcm Kitab\u0131"},"content":{"rendered":"<p>Dr. Alberto Villoldo ile \u00f6\u011frencisi Anne O\u2019Neill\u2019in haz\u0131rlad\u0131\u011f\u0131 \u015eaman\u2019\u0131n Ya\u015fam ve \u00d6l\u00fcm Kitab\u0131, \u015famanik enerji teknikleriyle hayatlar\u0131 de\u011fi\u015fen, \u00f6l\u00fcm\u00fcn k\u0131y\u0131s\u0131na gitmi\u015f on iki ki\u015finin hik\u00e2yesini anlat\u0131yor. Bunlar\u0131n her biri, Villoldo\u2019nun bir \u015faman, \u015fifac\u0131, ak\u0131l sa\u011fl\u0131\u011f\u0131 uzman\u0131 ve And Da\u011flar\u0131 \u015famanlar\u0131n\u0131n yoluna kendini adam\u0131\u015f bir bilge olarak \u015fahit oldu\u011fu, ger\u00e7ekten ya\u015fanm\u0131\u015f hik\u00e2yeler. Hayat\u0131n\u0131 Amazon ve And Da\u011flar\u0131 \u015famanlar\u0131n\u0131n \u015fifa uygulamalar\u0131na adam\u0131\u015f olan Dr. Alberto Villoldo, insanlara, kaderlerinin y\u00f6n\u00fcn\u00fc belirlemeyi \u00f6\u011fretiyor. Kadim \u015faman bilgeli\u011fini \u00f6\u011frenerek hastal\u0131klar\u0131 iyile\u015ftirebilir, duygusal \u0131st\u0131rab\u0131 ortadan kald\u0131rabilir ve hatta farkl\u0131 \u015fekilde ya\u015flanan ve iyile\u015fen yeni bir beden geli\u015ftirebilirsiniz. Bu kitaptaki hik\u00e2yeler \u015fa\u015f\u0131rt\u0131c\u0131 ve ilham verici.\u015eaman\u2019\u0131n Ya\u015fam ve \u00d6l\u00fcm Kitab\u0131, bir \u015faman\u0131n sa\u011fl\u0131k i\u00e7in uygun olan enerjik ko\u015fullar\u0131 yaratmak amac\u0131yla ayd\u0131nlatma, ruhun kay\u0131p par\u00e7alar\u0131n\u0131 geri getirme ve \u00e7\u0131kartma gibi enerji t\u0131bb\u0131 uygulamalar\u0131n\u0131 nas\u0131l kulland\u0131\u011f\u0131n\u0131 anlat\u0131yor. Okuyun ve \u00f6\u011frenin.Joe Dispenza\u015eamanlar\u0131n d\u00fcnyas\u0131nda zaman ve mek\u00e2n geleneksel boyutlar\u0131n\u0131 kaybeder, bu sayede okurlar yeni bir boyuta, yeni bir ger\u00e7ekli\u011fe ve var oldu\u011funu bile bilmedikleri ihtimalleri ortaya \u00e7\u0131karman\u0131n yeni yollar\u0131na ula\u015facaklar.Stanley Krippner<\/p>\n","protected":false},"excerpt":{"rendered":"<p>Dr. Alberto Villoldo ile \u00f6\u011frencisi Anne O\u2019Neill\u2019in haz\u0131rlad\u0131\u011f\u0131 \u015eaman\u2019\u0131n Ya\u015fam ve \u00d6l\u00fcm Kitab\u0131, \u015famanik enerji teknikleriyle hayatlar\u0131 de\u011fi\u015fen, \u00f6l\u00fcm\u00fcn k\u0131y\u0131s\u0131na gitmi\u015f on iki ki\u015finin hik\u00e2yesini anlat\u0131yor.<span class=\"excerpt-hellip\"> [\u2026]<\/span><\/p>\n","protected":false},"featured_media":0,"template":"","meta":{"_monsterinsights_skip_tracking":false,"_monsterinsights_sitenote_active":false,"_monsterinsights_sitenote_note":"","_monsterinsights_sitenote_category":0},"product_brand":[],"product_cat":[12364,12376],"product_tag":[],"class_list":{"0":"post-746965","1":"product","2":"type-product","3":"status-publish","5":"product_cat-genel-konular","6":"product_cat-kisisel-gelisim","7":"pa_cilt-ciltsiz","8":"pa_tur-kitap","9":"pa_yayinevi-omega","10":"pa_yazar-alberto-villoldo","12":"first","13":"instock","14":"sale","15":"shipping-taxable","16":"purchasable","17":"product-type-simple"},"_links":{"self":[{"href":"https:\/\/roveyayinevi.com.tr\/index.php\/wp-json\/wp\/v2\/product\/746965","targetHints":{"allow":["GET"]}}],"collection":[{"href":"https:\/\/roveyayinevi.com.tr\/index.php\/wp-json\/wp\/v2\/product"}],"about":[{"href":"https:\/\/roveyayinevi.com.tr\/index.php\/wp-json\/wp\/v2\/types\/product"}],"wp:attachment":[{"href":"https:\/\/roveyayinevi.com.tr\/index.php\/wp-json\/wp\/v2\/media?parent=746965"}],"wp:term":[{"taxonomy":"product_brand","embeddable":true,"href":"https:\/\/roveyayinevi.com.tr\/index.php\/wp-json\/wp\/v2\/product_brand?post=746965"},{"taxonomy":"product_cat","embeddable":true,"href":"https:\/\/roveyayinevi.com.tr\/index.php\/wp-json\/wp\/v2\/product_cat?post=746965"},{"taxonomy":"product_tag","embeddable":true,"href":"https:\/\/roveyayinevi.com.tr\/index.php\/wp-json\/wp\/v2\/product_tag?post=746965"}],"curies":[{"name":"wp","href":"https:\/\/api.w.org\/{rel}","templated":true}]}}