{"id":746963,"date":"2025-08-28T02:55:20","date_gmt":"2025-08-27T23:55:20","guid":{"rendered":"https:\/\/roveyayinevi.com.tr\/index.php\/urun\/kuma-3-ciltli\/"},"modified":"2026-04-16T02:59:40","modified_gmt":"2026-04-15T23:59:40","slug":"kuma-3-ciltli","status":"publish","type":"product","link":"https:\/\/roveyayinevi.com.tr\/index.php\/urun\/kuma-3-ciltli\/","title":{"rendered":"Kuma 3 (Ciltli)"},"content":{"rendered":"<p>Ka\u00e7\u0131p gitmenin imk\u00e2ns\u0131z oldu\u011fu bir hayata tutunmaya \u00e7al\u0131\u015fan iki KADIN! \u0130ki kad\u0131n\u0131 ayakta tutmaya \u00e7al\u0131\u015fan y\u0131k\u0131lm\u0131\u015f bir ADAM!   Adam ilk kad\u0131na elini uzatt\u0131. \u0130kinci kad\u0131n\u0131 arkas\u0131nda b\u0131rakt\u0131. Ezo teslimiyet i\u00e7inde f\u0131s\u0131ldad\u0131: Benim kaderimde sadece ikimiz vard\u0131k.   Arkadan bir ses\u2026 Adam kuma kar\u0131s\u0131na d\u00f6nd\u00fc. \u0130lk kad\u0131n\u0131 arkas\u0131nda b\u0131rakt\u0131. Beritan ac\u0131yla g\u00fcl\u00fcmsedi. Benim kaderim ba\u015fkas\u0131na aitti.   Adam\u0131n elinde bir makas, kad\u0131nlar\u0131n boyunlar\u0131nda birer ip. \u015eerwan Ero\u011flu kimin ipini kesecekti? Hangi kad\u0131n\u0131n elinden tutup yoluna devam edecekti? <\/p>\n","protected":false},"excerpt":{"rendered":"<p>Ka\u00e7\u0131p gitmenin imk\u00e2ns\u0131z oldu\u011fu bir hayata tutunmaya \u00e7al\u0131\u015fan iki KADIN! \u0130ki kad\u0131n\u0131 ayakta tutmaya \u00e7al\u0131\u015fan y\u0131k\u0131lm\u0131\u015f bir ADAM! Adam ilk kad\u0131na elini uzatt\u0131. \u0130kinci kad\u0131n\u0131 arkas\u0131nda<span class=\"excerpt-hellip\"> [\u2026]<\/span><\/p>\n","protected":false},"featured_media":0,"template":"","meta":{"_monsterinsights_skip_tracking":false,"_monsterinsights_sitenote_active":false,"_monsterinsights_sitenote_note":"","_monsterinsights_sitenote_category":0},"product_brand":[],"product_cat":[12291,12711],"product_tag":[],"class_list":{"0":"post-746963","1":"product","2":"type-product","3":"status-publish","5":"product_cat-edebiyat","6":"product_cat-roman-oyku","7":"pa_cilt-ciltli","8":"pa_tur-kitap","9":"pa_yayinevi-dokuz-yayinlari","10":"pa_yazar-sehnaz-gulsen","12":"first","13":"instock","14":"sale","15":"shipping-taxable","16":"purchasable","17":"product-type-simple"},"_links":{"self":[{"href":"https:\/\/roveyayinevi.com.tr\/index.php\/wp-json\/wp\/v2\/product\/746963","targetHints":{"allow":["GET"]}}],"collection":[{"href":"https:\/\/roveyayinevi.com.tr\/index.php\/wp-json\/wp\/v2\/product"}],"about":[{"href":"https:\/\/roveyayinevi.com.tr\/index.php\/wp-json\/wp\/v2\/types\/product"}],"wp:attachment":[{"href":"https:\/\/roveyayinevi.com.tr\/index.php\/wp-json\/wp\/v2\/media?parent=746963"}],"wp:term":[{"taxonomy":"product_brand","embeddable":true,"href":"https:\/\/roveyayinevi.com.tr\/index.php\/wp-json\/wp\/v2\/product_brand?post=746963"},{"taxonomy":"product_cat","embeddable":true,"href":"https:\/\/roveyayinevi.com.tr\/index.php\/wp-json\/wp\/v2\/product_cat?post=746963"},{"taxonomy":"product_tag","embeddable":true,"href":"https:\/\/roveyayinevi.com.tr\/index.php\/wp-json\/wp\/v2\/product_tag?post=746963"}],"curies":[{"name":"wp","href":"https:\/\/api.w.org\/{rel}","templated":true}]}}