{"id":746962,"date":"2025-08-28T02:55:19","date_gmt":"2025-08-27T23:55:19","guid":{"rendered":"https:\/\/roveyayinevi.com.tr\/index.php\/urun\/emanet-gelin-2-ciltli\/"},"modified":"2026-04-16T02:59:40","modified_gmt":"2026-04-15T23:59:40","slug":"emanet-gelin-2-ciltli","status":"publish","type":"product","link":"https:\/\/roveyayinevi.com.tr\/index.php\/urun\/emanet-gelin-2-ciltli\/","title":{"rendered":"Emanet Gelin 2 (Ciltli)"},"content":{"rendered":"<p>Bir oda d\u00fc\u015f\u00fcn\u00fcn\u2026 Odan\u0131n ortas\u0131nda yuvarlak bir masa. Kar\u015f\u0131 kar\u015f\u0131ya oturan \u00fc\u00e7 farkl\u0131 kad\u0131n, \u00fc\u00e7 farkl\u0131 adam\u2026 Kesi\u015fen bak\u0131\u015flar\u0131n \u00e7o\u011funda sevgi, Kesi\u015fen bak\u0131\u015flar\u0131n \u00e7o\u011funda nefret, Kesi\u015fen bak\u0131\u015flar\u0131n \u00e7o\u011funda ise hasret vard\u0131. ** Ber\u00e7em, Barzan Hezero\u011flu\u2019nun g\u00f6zlerine bakt\u0131\u011f\u0131nda vaat etti\u011fim hi\u00e7bir \u00fcmidi bo\u015fa \u00e7\u0131karmad\u0131m anlam\u0131n\u0131 severek okuyor. \u201cBenim senden ba\u015fka kad\u0131na ne kalbim ne huzurum var.\u201d  ** Helin, Miran Kara\u2019n\u0131n g\u00f6zlerine bakt\u0131\u011f\u0131nda kalbini hunharca ezerek beynini i\u015fgal eden s\u00f6zlerini tekrar tekrar duyuyor: \u201cYok ulan, sana kar\u015f\u0131 hi\u00e7bir \u015feyim yok. Sana kar\u015f\u0131 zerre sevgim, sayg\u0131m, dokunmaya tahamm\u00fcl\u00fcm yok!\u201d ** Alaz, Afran S\u00f6zeri\u2019nin g\u00f6zlerine bakt\u0131\u011f\u0131nda evine gelip konu\u015fmak isteyen adam\u0131n g\u00f6z\u00fc karal\u0131\u011f\u0131n\u0131 sorguluyor. \u201c\u0130stedi\u011fim senin r\u0131zan. E\u011fer hay\u0131r dersen kendimi geri \u00e7ekerim. Barzan\u2019\u0131n izin vermemesi i\u00e7in her \u015feyi yapar\u0131m.\u201d ** Bu masada kaybetmek yok. Kazanmak i\u00e7in elim bir m\u00fccadele var. Kimi ac\u0131s\u0131na, kimi mutlulu\u011funa, kimi sonuna\u2026 <\/p>\n","protected":false},"excerpt":{"rendered":"<p>Bir oda d\u00fc\u015f\u00fcn\u00fcn\u2026 Odan\u0131n ortas\u0131nda yuvarlak bir masa. Kar\u015f\u0131 kar\u015f\u0131ya oturan \u00fc\u00e7 farkl\u0131 kad\u0131n, \u00fc\u00e7 farkl\u0131 adam\u2026 Kesi\u015fen bak\u0131\u015flar\u0131n \u00e7o\u011funda sevgi, Kesi\u015fen bak\u0131\u015flar\u0131n \u00e7o\u011funda nefret, Kesi\u015fen<span class=\"excerpt-hellip\"> [\u2026]<\/span><\/p>\n","protected":false},"featured_media":0,"template":"","meta":{"_monsterinsights_skip_tracking":false,"_monsterinsights_sitenote_active":false,"_monsterinsights_sitenote_note":"","_monsterinsights_sitenote_category":0},"product_brand":[],"product_cat":[12291,12711],"product_tag":[],"class_list":{"0":"post-746962","1":"product","2":"type-product","3":"status-publish","5":"product_cat-edebiyat","6":"product_cat-roman-oyku","7":"pa_cilt-ciltli","8":"pa_tur-kitap","9":"pa_yayinevi-dokuz-yayinlari","10":"pa_yazar-sehnaz-gulsen","12":"first","13":"instock","14":"sale","15":"shipping-taxable","16":"purchasable","17":"product-type-simple"},"_links":{"self":[{"href":"https:\/\/roveyayinevi.com.tr\/index.php\/wp-json\/wp\/v2\/product\/746962","targetHints":{"allow":["GET"]}}],"collection":[{"href":"https:\/\/roveyayinevi.com.tr\/index.php\/wp-json\/wp\/v2\/product"}],"about":[{"href":"https:\/\/roveyayinevi.com.tr\/index.php\/wp-json\/wp\/v2\/types\/product"}],"wp:attachment":[{"href":"https:\/\/roveyayinevi.com.tr\/index.php\/wp-json\/wp\/v2\/media?parent=746962"}],"wp:term":[{"taxonomy":"product_brand","embeddable":true,"href":"https:\/\/roveyayinevi.com.tr\/index.php\/wp-json\/wp\/v2\/product_brand?post=746962"},{"taxonomy":"product_cat","embeddable":true,"href":"https:\/\/roveyayinevi.com.tr\/index.php\/wp-json\/wp\/v2\/product_cat?post=746962"},{"taxonomy":"product_tag","embeddable":true,"href":"https:\/\/roveyayinevi.com.tr\/index.php\/wp-json\/wp\/v2\/product_tag?post=746962"}],"curies":[{"name":"wp","href":"https:\/\/api.w.org\/{rel}","templated":true}]}}