{"id":746960,"date":"2025-08-28T02:55:15","date_gmt":"2025-08-27T23:55:15","guid":{"rendered":"https:\/\/roveyayinevi.com.tr\/index.php\/urun\/emanet-gelin-ciltli\/"},"modified":"2026-04-16T02:59:39","modified_gmt":"2026-04-15T23:59:39","slug":"emanet-gelin-ciltli","status":"publish","type":"product","link":"https:\/\/roveyayinevi.com.tr\/index.php\/urun\/emanet-gelin-ciltli\/","title":{"rendered":"Emanet Gelin (Ciltli)"},"content":{"rendered":"<p>\u0130stanbul\u2019un ars\u0131z Erkut\u2019u, Mardin\u2019in Barzan A\u011fa\u2019s\u0131\u2026 Ya\u015fad\u0131\u011f\u0131 iki hayat\u0131 da parma\u011f\u0131nda \u00e7evirebilen Zalim Hezero\u011flu.   Ya\u015fad\u0131\u011f\u0131 bu iki hayat nihayetinde ba\u015f\u0131na bela olmu\u015ftu. Belas\u0131 da Emanet bir gelindi. G\u00fczel, uysal, g\u00fcnahk\u00e2r, Ber\u00e7em Da\u011fdelen. Kimsesiz Ber\u00e7em d\u00fc\u011f\u00fcn g\u00fcn\u00fc kocas\u0131n\u0131n \u00f6l\u00fcm\u00fcyle kay\u0131nbiraderiyle evlendirilmi\u015f ve b\u00f6ylece bir darbe daha alm\u0131\u015ft\u0131. Nelerle kar\u015f\u0131la\u015faca\u011f\u0131n\u0131 bilmeyen Ber\u00e7em, nas\u0131l bir hayat ya\u015fayaca\u011f\u0131ndan habersizce kopar\u0131lm\u0131\u015ft\u0131 do\u011fdu\u011fu topraklardan. Hayat ona zehir olacakt\u0131. Bir g\u00fcnah ke\u00e7isiydi o. Emanet edildi\u011fi zalim adam\u0131n ellerinde i\u015fkence alt\u0131nda bir \u00f6m\u00fcr ge\u00e7irecekti. Kocas\u0131n\u0131n sevdi\u011fi kad\u0131nla ayn\u0131 evde nefes alabilecek miydi? Hayat\u0131 darmaduman olan Barzan, bir yanda sevdi\u011fi kad\u0131n, di\u011fer yanda emanet kar\u0131s\u0131yla verece\u011fi sava\u015ftan galip \u00e7\u0131kabilecek miydi? <\/p>\n","protected":false},"excerpt":{"rendered":"<p>\u0130stanbul\u2019un ars\u0131z Erkut\u2019u, Mardin\u2019in Barzan A\u011fa\u2019s\u0131\u2026 Ya\u015fad\u0131\u011f\u0131 iki hayat\u0131 da parma\u011f\u0131nda \u00e7evirebilen Zalim Hezero\u011flu. Ya\u015fad\u0131\u011f\u0131 bu iki hayat nihayetinde ba\u015f\u0131na bela olmu\u015ftu. Belas\u0131 da Emanet bir<span class=\"excerpt-hellip\"> [\u2026]<\/span><\/p>\n","protected":false},"featured_media":0,"template":"","meta":{"_monsterinsights_skip_tracking":false,"_monsterinsights_sitenote_active":false,"_monsterinsights_sitenote_note":"","_monsterinsights_sitenote_category":0},"product_brand":[],"product_cat":[12291,12711],"product_tag":[],"class_list":{"0":"post-746960","1":"product","2":"type-product","3":"status-publish","5":"product_cat-edebiyat","6":"product_cat-roman-oyku","7":"pa_cilt-ciltli","8":"pa_tur-kitap","9":"pa_yayinevi-dokuz-yayinlari","10":"pa_yazar-sehnaz-gulsen","12":"first","13":"instock","14":"sale","15":"shipping-taxable","16":"purchasable","17":"product-type-simple"},"_links":{"self":[{"href":"https:\/\/roveyayinevi.com.tr\/index.php\/wp-json\/wp\/v2\/product\/746960","targetHints":{"allow":["GET"]}}],"collection":[{"href":"https:\/\/roveyayinevi.com.tr\/index.php\/wp-json\/wp\/v2\/product"}],"about":[{"href":"https:\/\/roveyayinevi.com.tr\/index.php\/wp-json\/wp\/v2\/types\/product"}],"wp:attachment":[{"href":"https:\/\/roveyayinevi.com.tr\/index.php\/wp-json\/wp\/v2\/media?parent=746960"}],"wp:term":[{"taxonomy":"product_brand","embeddable":true,"href":"https:\/\/roveyayinevi.com.tr\/index.php\/wp-json\/wp\/v2\/product_brand?post=746960"},{"taxonomy":"product_cat","embeddable":true,"href":"https:\/\/roveyayinevi.com.tr\/index.php\/wp-json\/wp\/v2\/product_cat?post=746960"},{"taxonomy":"product_tag","embeddable":true,"href":"https:\/\/roveyayinevi.com.tr\/index.php\/wp-json\/wp\/v2\/product_tag?post=746960"}],"curies":[{"name":"wp","href":"https:\/\/api.w.org\/{rel}","templated":true}]}}