{"id":746959,"date":"2025-08-28T02:55:14","date_gmt":"2025-08-27T23:55:14","guid":{"rendered":"https:\/\/roveyayinevi.com.tr\/index.php\/urun\/modern-liderlik-turleri-ve-orgutsel-iletisim\/"},"modified":"2026-04-16T02:59:39","modified_gmt":"2026-04-15T23:59:39","slug":"modern-liderlik-turleri-ve-orgutsel-iletisim","status":"publish","type":"product","link":"https:\/\/roveyayinevi.com.tr\/index.php\/urun\/modern-liderlik-turleri-ve-orgutsel-iletisim\/","title":{"rendered":"Modern Liderlik T\u00fcrleri ve \u00d6rg\u00fctsel \u0130leti\u015fim"},"content":{"rendered":"<p>Teknolojinin \u00f6ng\u00f6r\u00fclemeyen h\u0131z\u0131 ve g\u00fcc\u00fc t\u00fcm d\u00fcnyay\u0131 \u00e7ok y\u00f6nl\u00fc olarak etkileyip ya\u015famlar\u0131m\u0131z\u0131n seyrini de\u011fi\u015ftirirdi. Bireyler ve \u00f6rg\u00fctler teknoloji tabanl\u0131 de\u011fi\u015fimlere ayak uydurmaya \u00e7al\u0131\u015f\u0131rken hem y\u0131k\u0131c\u0131 hem de uzun s\u00fcreli etkiye sahip k\u00fcresel bir pandemi felaketiyle y\u00fczle\u015fmek durumunda kald\u0131. Covid-19 krizi; i\u015f modellerimizi, ili\u015fki kurma bi\u00e7imlerimizi, psikolojik pozisyonlar\u0131m\u0131z\u0131, maddi planlar\u0131m\u0131z\u0131, k\u0131sacas\u0131 hayata bak\u0131\u015f bi\u00e7imimizi radikal \u015fekilde etkiledi. Uzunca bir s\u00fcre pandeminin zorunlu k\u0131ld\u0131\u011f\u0131 izole ya\u015fam\u0131 deneyimlemek zorunda kalan bireylerin ileti\u015fim g\u00fcc\u00fcnde zay\u0131flama g\u00f6r\u00fcld\u00fc. Bireyler de\u011fi\u015fikliklere adapte edilmeye, ama\u00e7lar olu\u015fturmaya, bunlar\u0131 ger\u00e7ekle\u015ftirmek i\u00e7in koordine edilmeye ve motive edilmeye daha fazla ihtiya\u00e7 duydu. Bu d\u00f6nemde sadece y\u00f6neticilerin veya tek bir liderlik t\u00fcr\u00fc \u00f6zelliklerine sahip liderlerin \u00f6rg\u00fctlerde s\u00fcrd\u00fcr\u00fclebilir ba\u015far\u0131y\u0131 getiremeyecekleri deneyimlerle anla\u015f\u0131ld\u0131. Bu h\u0131zl\u0131 ve \u00e7ok y\u00f6nl\u00fc de\u011fi\u015fim ortam\u0131na uyum sa\u011flaman\u0131n ancak modern liderlik t\u00fcrleri ve bu liderlerin ortaya koyacaklar\u0131 \u00f6rg\u00fctsel ileti\u015fim becerileri ile m\u00fcmk\u00fcn olaca\u011f\u0131 anla\u015f\u0131ld\u0131.<\/p>\n","protected":false},"excerpt":{"rendered":"<p>Teknolojinin \u00f6ng\u00f6r\u00fclemeyen h\u0131z\u0131 ve g\u00fcc\u00fc t\u00fcm d\u00fcnyay\u0131 \u00e7ok y\u00f6nl\u00fc olarak etkileyip ya\u015famlar\u0131m\u0131z\u0131n seyrini de\u011fi\u015ftirirdi. Bireyler ve \u00f6rg\u00fctler teknoloji tabanl\u0131 de\u011fi\u015fimlere ayak uydurmaya \u00e7al\u0131\u015f\u0131rken hem y\u0131k\u0131c\u0131 hem<span class=\"excerpt-hellip\"> [\u2026]<\/span><\/p>\n","protected":false},"featured_media":0,"template":"","meta":{"_monsterinsights_skip_tracking":false,"_monsterinsights_sitenote_active":false,"_monsterinsights_sitenote_note":"","_monsterinsights_sitenote_category":0},"product_brand":[],"product_cat":[13043,17647],"product_tag":[],"class_list":{"0":"post-746959","1":"product","2":"type-product","3":"status-publish","5":"product_cat-ekonomi","6":"product_cat-is-dunyasi","7":"pa_cilt-ciltsiz","8":"pa_tur-kitap","9":"pa_yayinevi-ani-yayincilik","10":"pa_yazar-vildan-bayram-sezer-ayaz","12":"first","13":"instock","14":"sale","15":"shipping-taxable","16":"purchasable","17":"product-type-simple"},"_links":{"self":[{"href":"https:\/\/roveyayinevi.com.tr\/index.php\/wp-json\/wp\/v2\/product\/746959","targetHints":{"allow":["GET"]}}],"collection":[{"href":"https:\/\/roveyayinevi.com.tr\/index.php\/wp-json\/wp\/v2\/product"}],"about":[{"href":"https:\/\/roveyayinevi.com.tr\/index.php\/wp-json\/wp\/v2\/types\/product"}],"wp:attachment":[{"href":"https:\/\/roveyayinevi.com.tr\/index.php\/wp-json\/wp\/v2\/media?parent=746959"}],"wp:term":[{"taxonomy":"product_brand","embeddable":true,"href":"https:\/\/roveyayinevi.com.tr\/index.php\/wp-json\/wp\/v2\/product_brand?post=746959"},{"taxonomy":"product_cat","embeddable":true,"href":"https:\/\/roveyayinevi.com.tr\/index.php\/wp-json\/wp\/v2\/product_cat?post=746959"},{"taxonomy":"product_tag","embeddable":true,"href":"https:\/\/roveyayinevi.com.tr\/index.php\/wp-json\/wp\/v2\/product_tag?post=746959"}],"curies":[{"name":"wp","href":"https:\/\/api.w.org\/{rel}","templated":true}]}}