{"id":746957,"date":"2025-08-28T02:55:12","date_gmt":"2025-08-27T23:55:12","guid":{"rendered":"https:\/\/roveyayinevi.com.tr\/index.php\/urun\/akademik-etik-ve-liyakat\/"},"modified":"2026-04-16T02:59:39","modified_gmt":"2026-04-15T23:59:39","slug":"akademik-etik-ve-liyakat","status":"publish","type":"product","link":"https:\/\/roveyayinevi.com.tr\/index.php\/urun\/akademik-etik-ve-liyakat\/","title":{"rendered":"Akademik Etik ve Liyakat"},"content":{"rendered":"<p>\u00dcniversiteler bilimsel, politik, poetik ve entelekt\u00fcel i\u015flevlerini, mesle\u011fini insani de\u011ferler ve etik ilkelerle donan\u0131ml\u0131 bir \u015fekilde icra edecek bireyler yeti\u015ftirerek besler. Akademilerde etik ilke ve de\u011ferler y\u00fcceltilip i\u00e7selle\u015ftirilmedik\u00e7e ve liyakat sistemini korumaya y\u00f6nelik bir irade ortaya konulmad\u0131k\u00e7a \u00fcniversitelerde ba\u015f g\u00f6steren yozla\u015fman\u0131n t\u00fcm kurumsal ve toplumsal alanlara yay\u0131lmas\u0131 ka\u00e7\u0131n\u0131lmazd\u0131r. Akademik alanlarda etik ilke ve de\u011ferlerle birlikte liyakat sisteminin g\u00f6zetilmesi ve korunmas\u0131, en ba\u015fta akademisyenler olmak \u00fczere ilgili t\u00fcm ki\u015fi ve mekanizmalar\u0131n hem ahlaki hem vicdani hem de hukuki sorumlulu\u011fudur. Bu kitap, akademik etik ilke ve etik de\u011ferlere, \u00fcniversitelerdeki etik d\u0131\u015f\u0131 uygulama ve s\u00fcre\u00e7lere, liyakat ilkesine ve liyakatin \u00f6l\u00e7\u00fctlerine; derinlemesine bir saha ara\u015ft\u0131rmas\u0131na dayanarak, akademinin kendisinden yola \u00e7\u0131karak \u00f6zg\u00fcn ve somutla\u015ft\u0131r\u0131lm\u0131\u015f bir yakla\u015f\u0131m getirme niyetindedir.<\/p>\n","protected":false},"excerpt":{"rendered":"<p>\u00dcniversiteler bilimsel, politik, poetik ve entelekt\u00fcel i\u015flevlerini, mesle\u011fini insani de\u011ferler ve etik ilkelerle donan\u0131ml\u0131 bir \u015fekilde icra edecek bireyler yeti\u015ftirerek besler. Akademilerde etik ilke ve de\u011ferler<span class=\"excerpt-hellip\"> [\u2026]<\/span><\/p>\n","protected":false},"featured_media":0,"template":"","meta":{"_monsterinsights_skip_tracking":false,"_monsterinsights_sitenote_active":false,"_monsterinsights_sitenote_note":"","_monsterinsights_sitenote_category":0},"product_brand":[],"product_cat":[12573,12566],"product_tag":[],"class_list":{"0":"post-746957","1":"product","2":"type-product","3":"status-publish","5":"product_cat-akademik-kitaplar","6":"product_cat-egitim","7":"pa_cilt-ciltsiz","8":"pa_tur-kitap","9":"pa_yayinevi-ani-yayincilik","10":"pa_yazar-kolektif","12":"first","13":"instock","14":"sale","15":"shipping-taxable","16":"purchasable","17":"product-type-simple"},"_links":{"self":[{"href":"https:\/\/roveyayinevi.com.tr\/index.php\/wp-json\/wp\/v2\/product\/746957","targetHints":{"allow":["GET"]}}],"collection":[{"href":"https:\/\/roveyayinevi.com.tr\/index.php\/wp-json\/wp\/v2\/product"}],"about":[{"href":"https:\/\/roveyayinevi.com.tr\/index.php\/wp-json\/wp\/v2\/types\/product"}],"wp:attachment":[{"href":"https:\/\/roveyayinevi.com.tr\/index.php\/wp-json\/wp\/v2\/media?parent=746957"}],"wp:term":[{"taxonomy":"product_brand","embeddable":true,"href":"https:\/\/roveyayinevi.com.tr\/index.php\/wp-json\/wp\/v2\/product_brand?post=746957"},{"taxonomy":"product_cat","embeddable":true,"href":"https:\/\/roveyayinevi.com.tr\/index.php\/wp-json\/wp\/v2\/product_cat?post=746957"},{"taxonomy":"product_tag","embeddable":true,"href":"https:\/\/roveyayinevi.com.tr\/index.php\/wp-json\/wp\/v2\/product_tag?post=746957"}],"curies":[{"name":"wp","href":"https:\/\/api.w.org\/{rel}","templated":true}]}}