{"id":746952,"date":"2025-08-28T02:55:05","date_gmt":"2025-08-27T23:55:05","guid":{"rendered":"https:\/\/roveyayinevi.com.tr\/index.php\/urun\/ev-islerine-yardim-kucuk-tavsancik-serisi\/"},"modified":"2026-04-16T02:59:39","modified_gmt":"2026-04-15T23:59:39","slug":"ev-islerine-yardim-kucuk-tavsancik-serisi","status":"publish","type":"product","link":"https:\/\/roveyayinevi.com.tr\/index.php\/urun\/ev-islerine-yardim-kucuk-tavsancik-serisi\/","title":{"rendered":"Ev \u0130\u015flerine Yard\u0131m &#8211; K\u00fc\u00e7\u00fck Tav\u015fanc\u0131k Serisi"},"content":{"rendered":"<p>K\u00dc\u00c7\u00dcK TAV\u015eANCIK \u0130LE EV \u0130\u015eLER\u0130NE YARDIM ET!   Yap\u0131\u015ft\u0131r: G\u00f6zlem becerilerini ve motor koordinasyonunu geli\u015ftirir.   Boya: Bilek hareketlerini gelis\u0327tirir ve konsantrasyonunu g\u00fc\u00e7lendirir.   Hadi D\u00fc\u015f\u00fcnelim: Bu kitaplar mant\u0131ksal d\u00fcs\u0327\u00fcnmenin gelis\u0327mesine yard\u0131mc\u0131 olacak.<\/p>\n","protected":false},"excerpt":{"rendered":"<p>K\u00dc\u00c7\u00dcK TAV\u015eANCIK \u0130LE EV \u0130\u015eLER\u0130NE YARDIM ET! Yap\u0131\u015ft\u0131r: G\u00f6zlem becerilerini ve motor koordinasyonunu geli\u015ftirir. Boya: Bilek hareketlerini gelis\u0327tirir ve konsantrasyonunu g\u00fc\u00e7lendirir. Hadi D\u00fc\u015f\u00fcnelim: Bu kitaplar mant\u0131ksal<span class=\"excerpt-hellip\"> [\u2026]<\/span><\/p>\n","protected":false},"featured_media":0,"template":"","meta":{"_monsterinsights_skip_tracking":false,"_monsterinsights_sitenote_active":false,"_monsterinsights_sitenote_note":"","_monsterinsights_sitenote_category":0},"product_brand":[],"product_cat":[12274,12631],"product_tag":[],"class_list":{"0":"post-746952","1":"product","2":"type-product","3":"status-publish","5":"product_cat-cocuk-ve-genclik-kitaplari","6":"product_cat-diger-cocuk-ve-genclik-kitaplari","7":"pa_cilt-ciltsiz","8":"pa_tur-kitap","9":"pa_yayinevi-eksik-parca-yayinlari","10":"pa_yazar-rasa-dmuchovskiene","12":"first","13":"instock","14":"sale","15":"shipping-taxable","16":"purchasable","17":"product-type-simple"},"_links":{"self":[{"href":"https:\/\/roveyayinevi.com.tr\/index.php\/wp-json\/wp\/v2\/product\/746952","targetHints":{"allow":["GET"]}}],"collection":[{"href":"https:\/\/roveyayinevi.com.tr\/index.php\/wp-json\/wp\/v2\/product"}],"about":[{"href":"https:\/\/roveyayinevi.com.tr\/index.php\/wp-json\/wp\/v2\/types\/product"}],"wp:attachment":[{"href":"https:\/\/roveyayinevi.com.tr\/index.php\/wp-json\/wp\/v2\/media?parent=746952"}],"wp:term":[{"taxonomy":"product_brand","embeddable":true,"href":"https:\/\/roveyayinevi.com.tr\/index.php\/wp-json\/wp\/v2\/product_brand?post=746952"},{"taxonomy":"product_cat","embeddable":true,"href":"https:\/\/roveyayinevi.com.tr\/index.php\/wp-json\/wp\/v2\/product_cat?post=746952"},{"taxonomy":"product_tag","embeddable":true,"href":"https:\/\/roveyayinevi.com.tr\/index.php\/wp-json\/wp\/v2\/product_tag?post=746952"}],"curies":[{"name":"wp","href":"https:\/\/api.w.org\/{rel}","templated":true}]}}