{"id":746944,"date":"2025-08-28T02:54:54","date_gmt":"2025-08-27T23:54:54","guid":{"rendered":"https:\/\/roveyayinevi.com.tr\/index.php\/urun\/beni-dinler-misin-acaba\/"},"modified":"2026-04-16T02:59:39","modified_gmt":"2026-04-15T23:59:39","slug":"beni-dinler-misin-acaba","status":"publish","type":"product","link":"https:\/\/roveyayinevi.com.tr\/index.php\/urun\/beni-dinler-misin-acaba\/","title":{"rendered":"Beni Dinler misin Acaba?"},"content":{"rendered":"<p>Arkada\u015fl\u0131kKe\u015ffetmeCesaret Cesur ve sevimli bir tav\u015fan Meksika\u2019danM\u0131s\u0131r\u2019a, Fransa\u2019dan \u0130talya\u2019ya, \u00c7in\u2019denAvustralya\u2019ya kadar pek \u00e7ok \u00fclkeyidola\u015fmaya \u00e7\u0131kar. Arkada\u015f\u0131 korkuluk daondan gelen mektuplarla havalara u\u00e7ar.Gitti\u011fi her yerde yeni bilgiler edinen, de\u011fi\u015fikk\u00fclt\u00fcrleri tan\u0131yan tav\u015fan\u0131n maceralar\u0131,korkulu\u011fa cesaret verir.\u0130\u00e7inizi s\u0131ms\u0131cak yapacak bu tatl\u0131 arkada\u015fl\u0131khik\u00e2yesini dinlemeye haz\u0131r m\u0131s\u0131n\u0131z? \u00c7\u00fcnk\u00fc korkulu\u011fun size anlataca\u011f\u0131 \u00e7ok \u015feyvar!<\/p>\n","protected":false},"excerpt":{"rendered":"<p>Arkada\u015fl\u0131kKe\u015ffetmeCesaret Cesur ve sevimli bir tav\u015fan Meksika\u2019danM\u0131s\u0131r\u2019a, Fransa\u2019dan \u0130talya\u2019ya, \u00c7in\u2019denAvustralya\u2019ya kadar pek \u00e7ok \u00fclkeyidola\u015fmaya \u00e7\u0131kar. Arkada\u015f\u0131 korkuluk daondan gelen mektuplarla havalara u\u00e7ar.Gitti\u011fi her yerde yeni bilgiler<span class=\"excerpt-hellip\"> [\u2026]<\/span><\/p>\n","protected":false},"featured_media":0,"template":"","meta":{"_monsterinsights_skip_tracking":false,"_monsterinsights_sitenote_active":false,"_monsterinsights_sitenote_note":"","_monsterinsights_sitenote_category":0},"product_brand":[],"product_cat":[12274],"product_tag":[],"class_list":{"0":"post-746944","1":"product","2":"type-product","3":"status-publish","5":"product_cat-cocuk-ve-genclik-kitaplari","6":"pa_cilt-ciltsiz","7":"pa_tur-kitap","8":"pa_yayinevi-masalperest-ozel-urun","9":"pa_yazar-serap-sahin","11":"first","12":"instock","13":"sale","14":"shipping-taxable","15":"purchasable","16":"product-type-simple"},"_links":{"self":[{"href":"https:\/\/roveyayinevi.com.tr\/index.php\/wp-json\/wp\/v2\/product\/746944","targetHints":{"allow":["GET"]}}],"collection":[{"href":"https:\/\/roveyayinevi.com.tr\/index.php\/wp-json\/wp\/v2\/product"}],"about":[{"href":"https:\/\/roveyayinevi.com.tr\/index.php\/wp-json\/wp\/v2\/types\/product"}],"wp:attachment":[{"href":"https:\/\/roveyayinevi.com.tr\/index.php\/wp-json\/wp\/v2\/media?parent=746944"}],"wp:term":[{"taxonomy":"product_brand","embeddable":true,"href":"https:\/\/roveyayinevi.com.tr\/index.php\/wp-json\/wp\/v2\/product_brand?post=746944"},{"taxonomy":"product_cat","embeddable":true,"href":"https:\/\/roveyayinevi.com.tr\/index.php\/wp-json\/wp\/v2\/product_cat?post=746944"},{"taxonomy":"product_tag","embeddable":true,"href":"https:\/\/roveyayinevi.com.tr\/index.php\/wp-json\/wp\/v2\/product_tag?post=746944"}],"curies":[{"name":"wp","href":"https:\/\/api.w.org\/{rel}","templated":true}]}}