{"id":746942,"date":"2025-08-28T02:54:52","date_gmt":"2025-08-27T23:54:52","guid":{"rendered":"https:\/\/roveyayinevi.com.tr\/index.php\/urun\/dervis-sokagi\/"},"modified":"2026-04-16T02:59:39","modified_gmt":"2026-04-15T23:59:39","slug":"dervis-sokagi","status":"publish","type":"product","link":"https:\/\/roveyayinevi.com.tr\/index.php\/urun\/dervis-sokagi\/","title":{"rendered":"Dervi\u015f Soka\u011f\u0131"},"content":{"rendered":"<p>Osmanl\u0131lar\u0131n Hz. Peygamber&#8217;e olan h\u00fcrmetinin en m\u00fc\u015fahhas timsali olan surre alaylar\u0131n\u0131n ge\u00e7ti\u011fi bir cadde&#8230; Zaman i\u00e7erisinde her y\u0131l halk\u0131n, sokak sat\u0131c\u0131lar\u0131n\u0131n, kad\u0131nlar\u0131n, \u00e7ocuklar\u0131n, uleman\u0131n, me\u015fayihin, dervi\u015flerin, memurlar\u0131n, katiplerin, naz\u0131rlar\u0131n ve saray a\u011falar\u0131n\u0131n u\u011furlad\u0131\u011f\u0131 bu alaylar\u0131n ge\u00e7ti\u011fi Menzilhane Yoku\u015funda sa\u011fl\u0131 sollu cami, mescit, tekke, zaviye, imaret, hamam, \u00e7e\u015fme, medrese, hazire ve sadaka ta\u015f\u0131na kadar pek \u00e7ok bina in\u015fa edilmi\u015ftir. \u0130stanbul&#8217;da \u00dcsk\u00fcdar&#8217;\u0131n Osmanl\u0131lar\u0131 temsil etti\u011fi kadar, bu soka\u011f\u0131n da Osmanl\u0131 \u00dcsk\u00fcdar&#8217;\u0131n\u0131 temsil etti\u011fi s\u00f6ylenebilir. B\u00fcy\u00fck mutasavv\u0131f \u0130smail Hakk\u0131 Bursev\u00ee&#8217;nin vaaz etti\u011fi Ahmediye K\u00fclliyesi, Karacaahmet&#8217;te hasta \u00e7ocuklar\u0131n \u015fifa i\u00e7in getirildi\u011fi t\u00fcrbe ve sanc\u0131l\u0131 hayvanlar\u0131n iyile\u015ftirildi\u011fi Ebuderda makam\u0131, d\u00fcnyan\u0131n d\u00f6rt bir yan\u0131ndan gelen seyyahlar\u0131n \u0130stanbul&#8217;da muhakkak ziyaretine gitti\u011fi Rif\u00e2\u00ee \u00c2sit\u00e2nesi, Celvet\u00eelik i\u00e7inde muhafaza etti\u011fi Bekt\u00e2\u015fili\u011fi ile me\u015fhur Ha\u015fim Baba&#8217;n\u0131n Band\u0131rmal\u0131zade Tekkesi gibi daha bir\u00e7ok yap\u0131n\u0131n mevcut oldu\u011fu bu a\u00e7\u0131k hava m\u00fczesini, bir gezi rehberi k\u0131vam\u0131nda kaleme alan Erkan \u00d6v\u00fc\u00e7 okurlar\u0131 bug\u00fcnk\u00fc G\u00fcndo\u011fumu Caddesine g\u00f6t\u00fcrerek tasavvufi hayat\u0131n bir Osmanl\u0131 mahallesine ne derece n\u00fcfuz etti\u011fini g\u00f6steriyor. <\/p>\n","protected":false},"excerpt":{"rendered":"<p>Osmanl\u0131lar\u0131n Hz. Peygamber&#8217;e olan h\u00fcrmetinin en m\u00fc\u015fahhas timsali olan surre alaylar\u0131n\u0131n ge\u00e7ti\u011fi bir cadde&#8230; Zaman i\u00e7erisinde her y\u0131l halk\u0131n, sokak sat\u0131c\u0131lar\u0131n\u0131n, kad\u0131nlar\u0131n, \u00e7ocuklar\u0131n, uleman\u0131n, me\u015fayihin, dervi\u015flerin,<span class=\"excerpt-hellip\"> [\u2026]<\/span><\/p>\n","protected":false},"featured_media":0,"template":"","meta":{"_monsterinsights_skip_tracking":false,"_monsterinsights_sitenote_active":false,"_monsterinsights_sitenote_note":"","_monsterinsights_sitenote_category":0},"product_brand":[],"product_cat":[12718],"product_tag":[],"class_list":{"0":"post-746942","1":"product","2":"type-product","3":"status-publish","5":"product_cat-din","6":"pa_cilt-ciltsiz","7":"pa_tur-kitap","8":"pa_yayinevi-sufi-kitap","9":"pa_yazar-erkan-ovuc","11":"first","12":"instock","13":"sale","14":"shipping-taxable","15":"purchasable","16":"product-type-simple"},"_links":{"self":[{"href":"https:\/\/roveyayinevi.com.tr\/index.php\/wp-json\/wp\/v2\/product\/746942","targetHints":{"allow":["GET"]}}],"collection":[{"href":"https:\/\/roveyayinevi.com.tr\/index.php\/wp-json\/wp\/v2\/product"}],"about":[{"href":"https:\/\/roveyayinevi.com.tr\/index.php\/wp-json\/wp\/v2\/types\/product"}],"wp:attachment":[{"href":"https:\/\/roveyayinevi.com.tr\/index.php\/wp-json\/wp\/v2\/media?parent=746942"}],"wp:term":[{"taxonomy":"product_brand","embeddable":true,"href":"https:\/\/roveyayinevi.com.tr\/index.php\/wp-json\/wp\/v2\/product_brand?post=746942"},{"taxonomy":"product_cat","embeddable":true,"href":"https:\/\/roveyayinevi.com.tr\/index.php\/wp-json\/wp\/v2\/product_cat?post=746942"},{"taxonomy":"product_tag","embeddable":true,"href":"https:\/\/roveyayinevi.com.tr\/index.php\/wp-json\/wp\/v2\/product_tag?post=746942"}],"curies":[{"name":"wp","href":"https:\/\/api.w.org\/{rel}","templated":true}]}}