{"id":746941,"date":"2025-08-28T02:54:51","date_gmt":"2025-08-27T23:54:51","guid":{"rendered":"https:\/\/roveyayinevi.com.tr\/index.php\/urun\/bir-solukta-feminizm\/"},"modified":"2026-04-16T02:59:38","modified_gmt":"2026-04-15T23:59:38","slug":"bir-solukta-feminizm","status":"publish","type":"product","link":"https:\/\/roveyayinevi.com.tr\/index.php\/urun\/bir-solukta-feminizm\/","title":{"rendered":"Bir Solukta Feminizm"},"content":{"rendered":"<p>Feminizm nedir ve kim i\u00e7indir? Ataerkil bir toplumda ya\u015fayan kad\u0131nlar temel hak ve \u00f6zg\u00fcrl\u00fcklere sahip olmak i\u00e7in nas\u0131l m\u00fccadele etmi\u015ftir? Elinizdeki bu k\u0131sa fakat kapsaml\u0131 kitap feminizmin tarihi, ele ald\u0131\u011f\u0131 meseleler ve feministlerin g\u00fcn\u00fcm\u00fczdeki \u00e7al\u0131\u015fmalar\u0131 hakk\u0131nda cevap arayanlara rehber oluyor. Ayn\u0131 zamanda toplumsal cinsiyet e\u015fitli\u011fini sa\u011flamak i\u00e7in daha ne kadar yol al\u0131nmas\u0131 gerekti\u011fini de ortaya koyuyor. <\/p>\n","protected":false},"excerpt":{"rendered":"<p>Feminizm nedir ve kim i\u00e7indir? Ataerkil bir toplumda ya\u015fayan kad\u0131nlar temel hak ve \u00f6zg\u00fcrl\u00fcklere sahip olmak i\u00e7in nas\u0131l m\u00fccadele etmi\u015ftir? Elinizdeki bu k\u0131sa fakat kapsaml\u0131 kitap<span class=\"excerpt-hellip\"> [\u2026]<\/span><\/p>\n","protected":false},"featured_media":0,"template":"","meta":{"_monsterinsights_skip_tracking":false,"_monsterinsights_sitenote_active":false,"_monsterinsights_sitenote_note":"","_monsterinsights_sitenote_category":0},"product_brand":[],"product_cat":[14741,13488],"product_tag":[],"class_list":{"0":"post-746941","1":"product","2":"type-product","3":"status-publish","5":"product_cat-kadin-sorunlari-feminizm","6":"product_cat-toplum-ve-insan","7":"pa_cilt-ciltsiz","8":"pa_tur-kitap","9":"pa_yayinevi-say-yayinlari","10":"pa_yazar-harriet-dyer","12":"first","13":"instock","14":"sale","15":"shipping-taxable","16":"purchasable","17":"product-type-simple"},"_links":{"self":[{"href":"https:\/\/roveyayinevi.com.tr\/index.php\/wp-json\/wp\/v2\/product\/746941","targetHints":{"allow":["GET"]}}],"collection":[{"href":"https:\/\/roveyayinevi.com.tr\/index.php\/wp-json\/wp\/v2\/product"}],"about":[{"href":"https:\/\/roveyayinevi.com.tr\/index.php\/wp-json\/wp\/v2\/types\/product"}],"wp:attachment":[{"href":"https:\/\/roveyayinevi.com.tr\/index.php\/wp-json\/wp\/v2\/media?parent=746941"}],"wp:term":[{"taxonomy":"product_brand","embeddable":true,"href":"https:\/\/roveyayinevi.com.tr\/index.php\/wp-json\/wp\/v2\/product_brand?post=746941"},{"taxonomy":"product_cat","embeddable":true,"href":"https:\/\/roveyayinevi.com.tr\/index.php\/wp-json\/wp\/v2\/product_cat?post=746941"},{"taxonomy":"product_tag","embeddable":true,"href":"https:\/\/roveyayinevi.com.tr\/index.php\/wp-json\/wp\/v2\/product_tag?post=746941"}],"curies":[{"name":"wp","href":"https:\/\/api.w.org\/{rel}","templated":true}]}}