{"id":746940,"date":"2025-08-28T02:54:50","date_gmt":"2025-08-27T23:54:50","guid":{"rendered":"https:\/\/roveyayinevi.com.tr\/index.php\/urun\/evrene-bir-de-boyle-bakin\/"},"modified":"2026-04-16T02:59:38","modified_gmt":"2026-04-15T23:59:38","slug":"evrene-bir-de-boyle-bakin","status":"publish","type":"product","link":"https:\/\/roveyayinevi.com.tr\/index.php\/urun\/evrene-bir-de-boyle-bakin\/","title":{"rendered":"Evrene Bir De B\u00f6yle Bak\u0131n"},"content":{"rendered":"<p>Evrene Bir De B\u00f6yle Bak\u0131n, ger\u00e7ekli\u011fin do\u011fas\u0131n\u0131 en k\u00fc\u00e7\u00fckte, en b\u00fcy\u00fckte ve g\u00fcnl\u00fck ya\u015famlar\u0131m\u0131zdaki \u00f6l\u00e7ekte ortaya \u00e7\u0131karan \u015fa\u015f\u0131rt\u0131c\u0131, devam eden bilimsel ara\u015ft\u0131rmalara bir \u00f6vg\u00fcd\u00fcr. Profes\u00f6r Michael Dine\u2019\u0131n tart\u0131\u015ft\u0131\u011f\u0131 gizemler, evrenin s\u0131n\u0131r\u0131na yap\u0131lan fantastik bir yolculuktaki i\u015faret noktalar\u0131 gibidir. B\u00fcy\u00fck Patlama, Karanl\u0131k Madde, HiggsBozonu \u2013\u015fu anda fizikteki en ileri nokta\u2013 hakk\u0131nda nereden bilgi edinilebilece\u011fi soruldu\u011funda, Dine\u2019\u0131n \u00f6nerebilece\u011fi tek bir kitap yoktu. Bu kitap onun bu soruna anla\u015f\u0131labilir, yetkin ve g\u00fcncel cevab\u0131d\u0131r. Lise d\u00fczeyinde e\u011fitim alm\u0131\u015f herkesin anlayabilece\u011fi, neredeyse hi\u00e7 denklem i\u00e7ermeyen bu kitapla Dine, sizi bu muhte\u015fem yolculu\u011fa \u00e7\u0131karacak daha iyi bir yazar bulunmad\u0131\u011f\u0131n\u0131 kan\u0131tl\u0131yor.   *** \u201cModern fizi\u011fin en b\u00fcy\u00fck ustalar\u0131ndan biri taraf\u0131ndan yaz\u0131lan bu kitap evren ve onu kontrol eden yasalar hakk\u0131nda bildiklerimiz, bilmeyi umduklar\u0131m\u0131z ve bilmediklerimize yap\u0131lan ola\u011fan\u00fcst\u00fc bir yolculuk. Bu konudaki di\u011fer kitaplar\u0131n aksine yazar size kendi teorisini satmaya \u00e7al\u0131\u015fm\u0131yor. Modern fizi\u011fin y\u00fczle\u015fti\u011fi en \u00f6nemli problemleri ve bunlar\u0131n muhtemel \u00e7\u00f6z\u00fcmlerini a\u00e7\u0131k ve tarafs\u0131z bir \u015fekilde ortaya koyuyor.\u201d \u2014 LeonardSusskind, Stanford \u00dcniversitesi\u2019nde teorik fizik profes\u00f6r\u00fc, Kozmik Manzara&amp; Ak\u0131ll\u0131 Tasar\u0131m Yan\u0131lg\u0131s\u0131 ve Sicim Kuram\u0131, Kuramsal Ba\u015flang\u0131\u00e7 ve Kuantum Mekani\u011fi kitaplar\u0131n\u0131n yazar\u0131. <\/p>\n","protected":false},"excerpt":{"rendered":"<p>Evrene Bir De B\u00f6yle Bak\u0131n, ger\u00e7ekli\u011fin do\u011fas\u0131n\u0131 en k\u00fc\u00e7\u00fckte, en b\u00fcy\u00fckte ve g\u00fcnl\u00fck ya\u015famlar\u0131m\u0131zdaki \u00f6l\u00e7ekte ortaya \u00e7\u0131karan \u015fa\u015f\u0131rt\u0131c\u0131, devam eden bilimsel ara\u015ft\u0131rmalara bir \u00f6vg\u00fcd\u00fcr. Profes\u00f6r Michael<span class=\"excerpt-hellip\"> [\u2026]<\/span><\/p>\n","protected":false},"featured_media":0,"template":"","meta":{"_monsterinsights_skip_tracking":false,"_monsterinsights_sitenote_active":false,"_monsterinsights_sitenote_note":"","_monsterinsights_sitenote_category":0},"product_brand":[],"product_cat":[13005,13006],"product_tag":[],"class_list":{"0":"post-746940","1":"product","2":"type-product","3":"status-publish","5":"product_cat-bilim-muhendislik","6":"product_cat-populer-bilim","7":"pa_cilt-ciltsiz","8":"pa_tur-kitap","9":"pa_yayinevi-say-yayinlari","10":"pa_yazar-michael-dine","12":"first","13":"instock","14":"sale","15":"shipping-taxable","16":"purchasable","17":"product-type-simple"},"_links":{"self":[{"href":"https:\/\/roveyayinevi.com.tr\/index.php\/wp-json\/wp\/v2\/product\/746940","targetHints":{"allow":["GET"]}}],"collection":[{"href":"https:\/\/roveyayinevi.com.tr\/index.php\/wp-json\/wp\/v2\/product"}],"about":[{"href":"https:\/\/roveyayinevi.com.tr\/index.php\/wp-json\/wp\/v2\/types\/product"}],"wp:attachment":[{"href":"https:\/\/roveyayinevi.com.tr\/index.php\/wp-json\/wp\/v2\/media?parent=746940"}],"wp:term":[{"taxonomy":"product_brand","embeddable":true,"href":"https:\/\/roveyayinevi.com.tr\/index.php\/wp-json\/wp\/v2\/product_brand?post=746940"},{"taxonomy":"product_cat","embeddable":true,"href":"https:\/\/roveyayinevi.com.tr\/index.php\/wp-json\/wp\/v2\/product_cat?post=746940"},{"taxonomy":"product_tag","embeddable":true,"href":"https:\/\/roveyayinevi.com.tr\/index.php\/wp-json\/wp\/v2\/product_tag?post=746940"}],"curies":[{"name":"wp","href":"https:\/\/api.w.org\/{rel}","templated":true}]}}