{"id":746938,"date":"2025-08-28T02:54:47","date_gmt":"2025-08-27T23:54:47","guid":{"rendered":"https:\/\/roveyayinevi.com.tr\/index.php\/urun\/gezgin-koala\/"},"modified":"2026-04-16T02:59:38","modified_gmt":"2026-04-15T23:59:38","slug":"gezgin-koala","status":"publish","type":"product","link":"https:\/\/roveyayinevi.com.tr\/index.php\/urun\/gezgin-koala\/","title":{"rendered":"Gezgin Koala"},"content":{"rendered":"<p>En b\u00fcy\u00fck hayali d\u00fcnyay\u0131 gezip ke\u015ffetmek olan Gezgin Koala, bir yolculu\u011fa \u00e7\u0131karsa ne olur? Acaba yeni arkada\u015flar edinebilir mi? Peki, ya arkada\u015flar\u0131 ondan daha b\u00fcy\u00fck ya da daha k\u00fc\u00e7\u00fck olursa\u2026 Onlarla oynayabilir mi? Farkl\u0131l\u0131klar\u0131n hi\u00e7bir maceraya engel olamayaca\u011f\u0131n\u0131 g\u00f6steren, macera dolu bir hik\u00e2ye sizi bekliyor!   Maceraya haz\u0131rsan, ba\u015flayal\u0131m!<\/p>\n","protected":false},"excerpt":{"rendered":"<p>En b\u00fcy\u00fck hayali d\u00fcnyay\u0131 gezip ke\u015ffetmek olan Gezgin Koala, bir yolculu\u011fa \u00e7\u0131karsa ne olur? Acaba yeni arkada\u015flar edinebilir mi? Peki, ya arkada\u015flar\u0131 ondan daha b\u00fcy\u00fck ya<span class=\"excerpt-hellip\"> [\u2026]<\/span><\/p>\n","protected":false},"featured_media":0,"template":"","meta":{"_monsterinsights_skip_tracking":false,"_monsterinsights_sitenote_active":false,"_monsterinsights_sitenote_note":"","_monsterinsights_sitenote_category":0},"product_brand":[],"product_cat":[12274,12284],"product_tag":[],"class_list":{"0":"post-746938","1":"product","2":"type-product","3":"status-publish","5":"product_cat-cocuk-ve-genclik-kitaplari","6":"product_cat-hikayeler","7":"pa_cilt-ciltsiz","8":"pa_tur-kitap","9":"pa_yayinevi-luna-cocuk-yayinlari","10":"pa_yazar-arda-karatas","12":"first","13":"instock","14":"sale","15":"shipping-taxable","16":"purchasable","17":"product-type-simple"},"_links":{"self":[{"href":"https:\/\/roveyayinevi.com.tr\/index.php\/wp-json\/wp\/v2\/product\/746938","targetHints":{"allow":["GET"]}}],"collection":[{"href":"https:\/\/roveyayinevi.com.tr\/index.php\/wp-json\/wp\/v2\/product"}],"about":[{"href":"https:\/\/roveyayinevi.com.tr\/index.php\/wp-json\/wp\/v2\/types\/product"}],"wp:attachment":[{"href":"https:\/\/roveyayinevi.com.tr\/index.php\/wp-json\/wp\/v2\/media?parent=746938"}],"wp:term":[{"taxonomy":"product_brand","embeddable":true,"href":"https:\/\/roveyayinevi.com.tr\/index.php\/wp-json\/wp\/v2\/product_brand?post=746938"},{"taxonomy":"product_cat","embeddable":true,"href":"https:\/\/roveyayinevi.com.tr\/index.php\/wp-json\/wp\/v2\/product_cat?post=746938"},{"taxonomy":"product_tag","embeddable":true,"href":"https:\/\/roveyayinevi.com.tr\/index.php\/wp-json\/wp\/v2\/product_tag?post=746938"}],"curies":[{"name":"wp","href":"https:\/\/api.w.org\/{rel}","templated":true}]}}