{"id":746935,"date":"2025-08-28T02:54:42","date_gmt":"2025-08-27T23:54:42","guid":{"rendered":"https:\/\/roveyayinevi.com.tr\/index.php\/urun\/kilic-ve-onur\/"},"modified":"2026-04-16T02:59:38","modified_gmt":"2026-04-15T23:59:38","slug":"kilic-ve-onur","status":"publish","type":"product","link":"https:\/\/roveyayinevi.com.tr\/index.php\/urun\/kilic-ve-onur\/","title":{"rendered":"K\u0131l\u0131\u00e7 ve Onur"},"content":{"rendered":"<p>\u201cS\u00f6ylediklerimi akl\u0131na iyice sok. Bu ferman\u0131 can\u0131n pahas\u0131na koruyacaks\u0131n. \u015eafak s\u00f6ker s\u00f6kmez yola \u00e7\u0131kacaks\u0131n, istikametin payitaht\u0131m\u0131z\u0131n k\u0131rsal\u0131ndan ge\u00e7erek, kefere diyar\u0131n\u0131n giri\u015fi olan Selymbra olacak. Bu topraklar\u0131 iyi biliyorsun, nerede ne olaca\u011f\u0131n\u0131 iyi kestirmen laz\u0131m. Elindeki k\u00e2\u011f\u0131t hi\u00e7 kimsenin eline ge\u00e7memeli. Payitahta yakla\u015fmadan eski patikalardan gideceksin; ne devletimizin neferlerine ne de melun Bizans\u2019\u0131n askerlerine yakalanmamal\u0131s\u0131n, bunlardan biri olursa g\u00f6revin ba\u015far\u0131s\u0131z say\u0131l\u0131r ve sonucuna katlan\u0131rs\u0131n.\u201d   Yeni\u00e7eri oca\u011f\u0131ndaki y\u00fczlerce dev\u015firmeden biri olan Ahmet\u2019in, nam-\u0131 di\u011fer Ratko\u2019nun, kendisine verilen ferman\u0131 a\u011fas\u0131n\u0131n istedi\u011fi ki\u015fiye g\u00f6t\u00fcrmek i\u00e7in \u00e7\u0131kt\u0131\u011f\u0131 yolculuk, Osmanl\u0131 ve Bizans\u2019\u0131n kaderini de\u011fi\u015ftiriyor.   K\u0131l\u0131\u00e7 ve Onur sadece tarihe tan\u0131kl\u0131k etmekle kalm\u0131yor; yapt\u0131\u011f\u0131 tahlillerle, dev\u015firme olman\u0131n nas\u0131l bir duygu oldu\u011funu, neler hissettirdi\u011fini ve psikolojik etkilerini de i\u015fleyerek belki de bu alandaki nadir \u00f6rneklerden biri h\u00e2line geliyor.<\/p>\n","protected":false},"excerpt":{"rendered":"<p>\u201cS\u00f6ylediklerimi akl\u0131na iyice sok. Bu ferman\u0131 can\u0131n pahas\u0131na koruyacaks\u0131n. \u015eafak s\u00f6ker s\u00f6kmez yola \u00e7\u0131kacaks\u0131n, istikametin payitaht\u0131m\u0131z\u0131n k\u0131rsal\u0131ndan ge\u00e7erek, kefere diyar\u0131n\u0131n giri\u015fi olan Selymbra olacak. Bu topraklar\u0131<span class=\"excerpt-hellip\"> [\u2026]<\/span><\/p>\n","protected":false},"featured_media":0,"template":"","meta":{"_monsterinsights_skip_tracking":false,"_monsterinsights_sitenote_active":false,"_monsterinsights_sitenote_note":"","_monsterinsights_sitenote_category":0},"product_brand":[],"product_cat":[12291,12711],"product_tag":[],"class_list":{"0":"post-746935","1":"product","2":"type-product","3":"status-publish","5":"product_cat-edebiyat","6":"product_cat-roman-oyku","7":"pa_cilt-ciltsiz","8":"pa_tur-kitap","9":"pa_yayinevi-luna-yayinlari","10":"pa_yazar-niyazi-okan-celebi","12":"first","13":"instock","14":"sale","15":"shipping-taxable","16":"purchasable","17":"product-type-simple"},"_links":{"self":[{"href":"https:\/\/roveyayinevi.com.tr\/index.php\/wp-json\/wp\/v2\/product\/746935","targetHints":{"allow":["GET"]}}],"collection":[{"href":"https:\/\/roveyayinevi.com.tr\/index.php\/wp-json\/wp\/v2\/product"}],"about":[{"href":"https:\/\/roveyayinevi.com.tr\/index.php\/wp-json\/wp\/v2\/types\/product"}],"wp:attachment":[{"href":"https:\/\/roveyayinevi.com.tr\/index.php\/wp-json\/wp\/v2\/media?parent=746935"}],"wp:term":[{"taxonomy":"product_brand","embeddable":true,"href":"https:\/\/roveyayinevi.com.tr\/index.php\/wp-json\/wp\/v2\/product_brand?post=746935"},{"taxonomy":"product_cat","embeddable":true,"href":"https:\/\/roveyayinevi.com.tr\/index.php\/wp-json\/wp\/v2\/product_cat?post=746935"},{"taxonomy":"product_tag","embeddable":true,"href":"https:\/\/roveyayinevi.com.tr\/index.php\/wp-json\/wp\/v2\/product_tag?post=746935"}],"curies":[{"name":"wp","href":"https:\/\/api.w.org\/{rel}","templated":true}]}}