{"id":746934,"date":"2025-08-28T02:54:42","date_gmt":"2025-08-27T23:54:42","guid":{"rendered":"https:\/\/roveyayinevi.com.tr\/index.php\/urun\/tarihin-akisinda-101-tokezleme\/"},"modified":"2026-04-16T02:59:38","modified_gmt":"2026-04-15T23:59:38","slug":"tarihin-akisinda-101-tokezleme","status":"publish","type":"product","link":"https:\/\/roveyayinevi.com.tr\/index.php\/urun\/tarihin-akisinda-101-tokezleme\/","title":{"rendered":"Tarihin Ak\u0131\u015f\u0131nda 101 T\u00f6kezleme"},"content":{"rendered":"<p>Perslerle m\u00fczakere eden Atina el\u00e7ileri, \u00e7aresizlikten imzalad\u0131klar\u0131 metnin ne anlama geldi\u011fini incelemi\u015f olsalard\u0131, bunun g\u00fcn\u00fcm\u00fcze etkileri olur muydu? Bir halefi belirlemesi istendi\u011finde, B\u00fcy\u00fck \u0130skender imparatorlu\u011funun \u201cen g\u00fc\u00e7l\u00fcye\u201d gitmesi gerekti\u011fini ilan etti\u2026 Ama biraz daha spesifik olsayd\u0131, rakip gruplar sava\u015fa girer miydi? E\u011fer Adolf Hitler Viyana Sanat Akademisi\u2019ne kabul edilip d\u00f6rt y\u0131l e\u011fitim g\u00f6rebilseydi, neler olurdu? <\/p>\n","protected":false},"excerpt":{"rendered":"<p>Perslerle m\u00fczakere eden Atina el\u00e7ileri, \u00e7aresizlikten imzalad\u0131klar\u0131 metnin ne anlama geldi\u011fini incelemi\u015f olsalard\u0131, bunun g\u00fcn\u00fcm\u00fcze etkileri olur muydu? Bir halefi belirlemesi istendi\u011finde, B\u00fcy\u00fck \u0130skender imparatorlu\u011funun \u201cen<span class=\"excerpt-hellip\"> [\u2026]<\/span><\/p>\n","protected":false},"featured_media":0,"template":"","meta":{"_monsterinsights_skip_tracking":false,"_monsterinsights_sitenote_active":false,"_monsterinsights_sitenote_note":"","_monsterinsights_sitenote_category":0},"product_brand":[],"product_cat":[12312,12304],"product_tag":[],"class_list":{"0":"post-746934","1":"product","2":"type-product","3":"status-publish","5":"product_cat-diger","6":"product_cat-tarih","7":"pa_cilt-ciltsiz","8":"pa_tur-kitap","9":"pa_yayinevi-inkilap-kitabevi","10":"pa_yazar-bill-fawcett","12":"first","13":"instock","14":"sale","15":"shipping-taxable","16":"purchasable","17":"product-type-simple"},"_links":{"self":[{"href":"https:\/\/roveyayinevi.com.tr\/index.php\/wp-json\/wp\/v2\/product\/746934","targetHints":{"allow":["GET"]}}],"collection":[{"href":"https:\/\/roveyayinevi.com.tr\/index.php\/wp-json\/wp\/v2\/product"}],"about":[{"href":"https:\/\/roveyayinevi.com.tr\/index.php\/wp-json\/wp\/v2\/types\/product"}],"wp:attachment":[{"href":"https:\/\/roveyayinevi.com.tr\/index.php\/wp-json\/wp\/v2\/media?parent=746934"}],"wp:term":[{"taxonomy":"product_brand","embeddable":true,"href":"https:\/\/roveyayinevi.com.tr\/index.php\/wp-json\/wp\/v2\/product_brand?post=746934"},{"taxonomy":"product_cat","embeddable":true,"href":"https:\/\/roveyayinevi.com.tr\/index.php\/wp-json\/wp\/v2\/product_cat?post=746934"},{"taxonomy":"product_tag","embeddable":true,"href":"https:\/\/roveyayinevi.com.tr\/index.php\/wp-json\/wp\/v2\/product_tag?post=746934"}],"curies":[{"name":"wp","href":"https:\/\/api.w.org\/{rel}","templated":true}]}}