{"id":746927,"date":"2025-08-28T02:54:32","date_gmt":"2025-08-27T23:54:32","guid":{"rendered":"https:\/\/roveyayinevi.com.tr\/index.php\/urun\/eglencesiz-bir-kral\/"},"modified":"2026-04-15T03:09:49","modified_gmt":"2026-04-15T00:09:49","slug":"eglencesiz-bir-kral","status":"publish","type":"product","link":"https:\/\/roveyayinevi.com.tr\/index.php\/urun\/eglencesiz-bir-kral\/","title":{"rendered":"E\u011flencesiz Bir Kral"},"content":{"rendered":"<p>Jean Giono\u2019ya g\u00f6re, varolu\u015fsal can s\u0131k\u0131nt\u0131s\u0131ndan kurtulmak i\u00e7in kendini e\u011flendirme yolunu se\u00e7en bir insan\u0131n, k\u00f6t\u00fcl\u00fc\u011f\u00fcn cazibesine kap\u0131l\u0131p gitmesi i\u015ften bile de\u011fildir. Yazar, E\u011flencesiz Bir Kral\u2019da Pascal\u2019dan ilham alan bu g\u00f6r\u00fc\u015f\u00fcn\u00fc kesi\u015fen iki kader \u00fczerinden anlat\u0131yor: Kara k\u0131\u015f\u0131n ortas\u0131nda, bir da\u011f k\u00f6y\u00fcnde, gen\u00e7 bir k\u0131z ortadan kaybolur. Y\u00fczba\u015f\u0131 Langlois vakay\u0131 \u00e7\u00f6zmek i\u00e7in k\u00f6ye g\u00f6nderilir.   Peki as\u0131l canavar kimdir? S\u0131rf e\u011flenmek i\u00e7in k\u00f6yl\u00fcleri \u00f6ld\u00fcren M.V. mi? Yasalar\u0131 uygulamaktan sorumlu bir polis memuruyken, katili yakalay\u0131p \u00f6ld\u00fcrd\u00fckten sonra hayvanlar\u0131 \u00f6ld\u00fcrme d\u00fcrt\u00fcs\u00fcne kap\u0131lan ve so\u011fukkanl\u0131 bir katile d\u00f6n\u00fc\u015fen Langlois m\u0131?   \u201cE\u011fer bir kral, duygusal tatminden azade, ruhu ok\u015fanmadan, arkada\u015flar\u0131 olmadan, bo\u015f zamanlar\u0131nda sadece kendini d\u00fc\u015f\u00fcnmesi i\u00e7in yaln\u0131z b\u0131rak\u0131l\u0131rsa, i\u015fte o zaman e\u011flencesiz bir kral\u0131n zavall\u0131 bir adam oldu\u011fu g\u00f6r\u00fcl\u00fcr.\u201d   Blaise Pascal <\/p>\n","protected":false},"excerpt":{"rendered":"<p>Jean Giono\u2019ya g\u00f6re, varolu\u015fsal can s\u0131k\u0131nt\u0131s\u0131ndan kurtulmak i\u00e7in kendini e\u011flendirme yolunu se\u00e7en bir insan\u0131n, k\u00f6t\u00fcl\u00fc\u011f\u00fcn cazibesine kap\u0131l\u0131p gitmesi i\u015ften bile de\u011fildir. Yazar, E\u011flencesiz Bir Kral\u2019da Pascal\u2019dan<span class=\"excerpt-hellip\"> [\u2026]<\/span><\/p>\n","protected":false},"featured_media":0,"template":"","meta":{"_monsterinsights_skip_tracking":false,"_monsterinsights_sitenote_active":false,"_monsterinsights_sitenote_note":"","_monsterinsights_sitenote_category":0},"product_brand":[],"product_cat":[12291,12711],"product_tag":[],"class_list":{"0":"post-746927","1":"product","2":"type-product","3":"status-publish","5":"product_cat-edebiyat","6":"product_cat-roman-oyku","7":"pa_cilt-ciltsiz","8":"pa_tur-kitap","9":"pa_yayinevi-everest-yayinlari","10":"pa_yazar-jean-giono","12":"first","13":"instock","14":"sale","15":"shipping-taxable","16":"purchasable","17":"product-type-simple"},"_links":{"self":[{"href":"https:\/\/roveyayinevi.com.tr\/index.php\/wp-json\/wp\/v2\/product\/746927","targetHints":{"allow":["GET"]}}],"collection":[{"href":"https:\/\/roveyayinevi.com.tr\/index.php\/wp-json\/wp\/v2\/product"}],"about":[{"href":"https:\/\/roveyayinevi.com.tr\/index.php\/wp-json\/wp\/v2\/types\/product"}],"wp:attachment":[{"href":"https:\/\/roveyayinevi.com.tr\/index.php\/wp-json\/wp\/v2\/media?parent=746927"}],"wp:term":[{"taxonomy":"product_brand","embeddable":true,"href":"https:\/\/roveyayinevi.com.tr\/index.php\/wp-json\/wp\/v2\/product_brand?post=746927"},{"taxonomy":"product_cat","embeddable":true,"href":"https:\/\/roveyayinevi.com.tr\/index.php\/wp-json\/wp\/v2\/product_cat?post=746927"},{"taxonomy":"product_tag","embeddable":true,"href":"https:\/\/roveyayinevi.com.tr\/index.php\/wp-json\/wp\/v2\/product_tag?post=746927"}],"curies":[{"name":"wp","href":"https:\/\/api.w.org\/{rel}","templated":true}]}}