{"id":746923,"date":"2025-08-28T02:54:26","date_gmt":"2025-08-27T23:54:26","guid":{"rendered":"https:\/\/roveyayinevi.com.tr\/index.php\/urun\/kucuk-unlu-uyumu\/"},"modified":"2026-04-16T02:59:38","modified_gmt":"2026-04-15T23:59:38","slug":"kucuk-unlu-uyumu","status":"publish","type":"product","link":"https:\/\/roveyayinevi.com.tr\/index.php\/urun\/kucuk-unlu-uyumu\/","title":{"rendered":"K\u00fc\u00e7\u00fck \u00dcnl\u00fc Uyumu"},"content":{"rendered":"<p>Bir komedyenin bu kadar \u00e7ok insana ilham olabilece\u011fini kim bilebilirdi? Kaan Sekban, hayalinin pe\u015finden gitmeyi ba\u015faran, bunu yaparken insanlar\u0131 doyas\u0131ya g\u00fcld\u00fcren, bir yandan da umut a\u015f\u0131layan bir isim. Onun hayat\u0131ndan anekdotlar okurken \u00fcnl\u00fcs\u00fcnden \u00fcns\u00fcz\u00fcne t\u00fcm \u00fclkenin \u00e7abas\u0131na, beklentisine ve kurdu\u011fu d\u00fc\u015flere de tan\u0131kl\u0131k edeceksiniz. Sahnelerin parlayan y\u0131ld\u0131z\u0131 Kaan Sekban, on y\u0131ll\u0131k kurumsal kariyerinin ard\u0131ndan sahneye \u00e7\u0131k\u0131\u015f hik\u00e2yesini anlatt\u0131\u011f\u0131 ilk kitab\u0131 Tebrikler Kovuldunuz\u2019dan sonra bu kez, bir yandan \u015fov d\u00fcnyas\u0131nda ge\u00e7en be\u015f y\u0131l\u0131n\u0131n perde arkas\u0131n\u0131 en filtresiz haliyle okurlar\u0131na a\u00e7arken, di\u011fer yandan onlar\u0131 bankac\u0131l\u0131k y\u0131llar\u0131ndan da \u00e7ok daha geriye, \u00e7ocuklu\u011funa do\u011fru samimi ve sans\u00fcrs\u00fcz bir yolculu\u011fa \u00e7\u0131kar\u0131yor. T\u00fcrkiye\u2019nin en b\u00fcy\u00fck sahnelerine uzanan maceras\u0131n\u0131 ve hem \u00fclkenin hem de kendinin s\u0131n\u0131rlar\u0131n\u0131 nas\u0131l a\u015ft\u0131\u011f\u0131n\u0131, yolunun kesi\u015fti\u011fi b\u00fcy\u00fck ve k\u00fc\u00e7\u00fck \u00fcnl\u00fcleri de hik\u00e2yesinin i\u00e7ine katarak anlat\u0131yor. Muzip ve e\u011flenceli \u00fcslubuyla okuru ilk andan sar\u0131p sarmalayan bu anlat\u0131da \u201cT\u00fcrkiye\u2019de \u00fcnl\u00fc olman\u0131n kriterleri\u201d ile \u201c\u00fcnl\u00fc t\u00fcrleri\u201d de kendisine yer buluyor. Kitab\u0131n sonundaki \u201c\u00dcnl\u00fc S\u00f6zl\u00fc\u011f\u00fc\u201d ise bu insanlar\u0131n \u201cne derken asl\u0131nda ne dedikleri\u201dne dair alternatif ve k\u0131\u015fk\u0131rt\u0131c\u0131 bir d\u00fc\u015f\u00fcnceye davet sunuyor. \u201cT\u00fcrk\u00e7e bir kelimede d\u00fcz \u00fcnl\u00fcden (a, e, \u0131, i) sonra d\u00fcz, yuvarlak \u00fcnl\u00fcden sonra dar yuvarlak (u, \u00fc) veya d\u00fcz geni\u015f \u00fcnl\u00fc (a, e) gelirse k\u00fc\u00e7\u00fck \u00fcnl\u00fc uyumu sa\u011flanm\u0131\u015f olur. Peki bankac\u0131l\u0131ktan sonra komedi geldi\u011finde ne olur? Ne olmaz? Ne olmasa da olur? Ne olmazsa olmaz?\u201d <\/p>\n","protected":false},"excerpt":{"rendered":"<p>Bir komedyenin bu kadar \u00e7ok insana ilham olabilece\u011fini kim bilebilirdi? Kaan Sekban, hayalinin pe\u015finden gitmeyi ba\u015faran, bunu yaparken insanlar\u0131 doyas\u0131ya g\u00fcld\u00fcren, bir yandan da umut a\u015f\u0131layan<span class=\"excerpt-hellip\"> [\u2026]<\/span><\/p>\n","protected":false},"featured_media":0,"template":"","meta":{"_monsterinsights_skip_tracking":false,"_monsterinsights_sitenote_active":false,"_monsterinsights_sitenote_note":"","_monsterinsights_sitenote_category":0},"product_brand":[],"product_cat":[18545,12291],"product_tag":[],"class_list":{"0":"post-746923","1":"product","2":"type-product","3":"status-publish","5":"product_cat-anlati","6":"product_cat-edebiyat","7":"pa_cilt-ciltsiz","8":"pa_tur-kitap","9":"pa_yayinevi-inkilap-kitabevi","10":"pa_yazar-kaan-sekban","12":"first","13":"instock","14":"sale","15":"shipping-taxable","16":"purchasable","17":"product-type-simple"},"_links":{"self":[{"href":"https:\/\/roveyayinevi.com.tr\/index.php\/wp-json\/wp\/v2\/product\/746923","targetHints":{"allow":["GET"]}}],"collection":[{"href":"https:\/\/roveyayinevi.com.tr\/index.php\/wp-json\/wp\/v2\/product"}],"about":[{"href":"https:\/\/roveyayinevi.com.tr\/index.php\/wp-json\/wp\/v2\/types\/product"}],"wp:attachment":[{"href":"https:\/\/roveyayinevi.com.tr\/index.php\/wp-json\/wp\/v2\/media?parent=746923"}],"wp:term":[{"taxonomy":"product_brand","embeddable":true,"href":"https:\/\/roveyayinevi.com.tr\/index.php\/wp-json\/wp\/v2\/product_brand?post=746923"},{"taxonomy":"product_cat","embeddable":true,"href":"https:\/\/roveyayinevi.com.tr\/index.php\/wp-json\/wp\/v2\/product_cat?post=746923"},{"taxonomy":"product_tag","embeddable":true,"href":"https:\/\/roveyayinevi.com.tr\/index.php\/wp-json\/wp\/v2\/product_tag?post=746923"}],"curies":[{"name":"wp","href":"https:\/\/api.w.org\/{rel}","templated":true}]}}