{"id":746922,"date":"2025-08-28T02:54:24","date_gmt":"2025-08-27T23:54:24","guid":{"rendered":"https:\/\/roveyayinevi.com.tr\/index.php\/urun\/dunyada-100-kisi-olsaydi\/"},"modified":"2026-04-16T02:59:38","modified_gmt":"2026-04-15T23:59:38","slug":"dunyada-100-kisi-olsaydi","status":"publish","type":"product","link":"https:\/\/roveyayinevi.com.tr\/index.php\/urun\/dunyada-100-kisi-olsaydi\/","title":{"rendered":"D\u00fcnyada 100 Ki\u015fi Olsayd\u0131"},"content":{"rendered":"<p>D\u00fcnya \u00fczerinde milyarlarca insan ya\u015f\u0131yor ama hepsini birden kafam\u0131zda canland\u0131rmam\u0131z zor! Hadi d\u00fcnyan\u0131n k\u00fcresel bir k\u00f6y oldu\u011funu ve bu k\u00f6yde 100 ki\u015finin ya\u015fad\u0131\u011f\u0131n\u0131 hayal edelim. Herkes nas\u0131l ya\u015f\u0131yor? Fiziksel \u00f6zellikleri nas\u0131l? Hangi dili konu\u015fuyorlar? Hepsinin hayat\u0131 ayn\u0131 m\u0131?    D\u00fcnyada 100 Ki\u015fi Olsayd\u0131, \u201cD\u00fcnyada toplam ki\u015fi var?\u201d sorusuyla ba\u015fl\u0131yor ve d\u00fcnyada yakla\u015f\u0131k sekiz milyar ki\u015fi oldu\u011fu i\u00e7in yazar, okuyucular\u0131n bu kadar b\u00fcy\u00fck bir say\u0131yla d\u00fc\u015f\u00fcnmek yerine d\u00fcnyan\u0131n sadece 100 ki\u015fiden olu\u015ftu\u011funu hayal etmelerini \u00f6neriyor. Bu \u015fekilde, kitapta hayal edilen k\u00fcresel k\u00f6ydeki her bir ki\u015fi, yakla\u015f\u0131k 80 milyon ki\u015fiyi temsil ediyor. Yazar, daha kolay anla\u015f\u0131lan 100 ki\u015fi say\u0131s\u0131n\u0131 kullanarak, &#8220;Herkes nerede ya\u015f\u0131yor?&#8221; gibi 10 b\u00fcy\u00fck soru soruyor. \u00d6rne\u011fin enerjiyi idareli kullanmay\u0131, \u00e7evre dostu \u00e7\u00f6z\u00fcmleri, israf\u0131 nas\u0131l azaltabilece\u011fimiz gibi \u00f6nemli sorular\u0131 g\u00fcndeme getiriyor.   Bir\u00e7ok ara\u0219t\u0131rma belgesi, kitap ve internet sitesinden derlenen g\u00fcncel istatistik verileriyle yaz\u0131lm\u0131\u015f olan D\u00fcnyada 100 Ki\u015fi Olsayd\u0131 ortak y\u00f6nlerimizi ortaya koyarken, gezegendeki bir\u00e7ok ki\u015fiyi etkileyen konular\u0131n da alt\u0131n\u0131 \u00e7iziyor. Bu d\u00fc\u015f\u00fcnd\u00fcr\u00fcc\u00fc kitap, el ele verirsek sorunlar\u0131 \u00e7\u00f6zebilece\u011fimizi, istedi\u011fimiz gibi bir gelecek yaratabilece\u011fimizi vurguluyor. <\/p>\n","protected":false},"excerpt":{"rendered":"<p>D\u00fcnya \u00fczerinde milyarlarca insan ya\u015f\u0131yor ama hepsini birden kafam\u0131zda canland\u0131rmam\u0131z zor! Hadi d\u00fcnyan\u0131n k\u00fcresel bir k\u00f6y oldu\u011funu ve bu k\u00f6yde 100 ki\u015finin ya\u015fad\u0131\u011f\u0131n\u0131 hayal edelim. Herkes<span class=\"excerpt-hellip\"> [\u2026]<\/span><\/p>\n","protected":false},"featured_media":0,"template":"","meta":{"_monsterinsights_skip_tracking":false,"_monsterinsights_sitenote_active":false,"_monsterinsights_sitenote_note":"","_monsterinsights_sitenote_category":0},"product_brand":[],"product_cat":[12275,12274],"product_tag":[],"class_list":{"0":"post-746922","1":"product","2":"type-product","3":"status-publish","5":"product_cat-6-12-yas-kitaplari","6":"product_cat-cocuk-ve-genclik-kitaplari","7":"pa_cilt-ciltsiz","8":"pa_tur-kitap","9":"pa_yayinevi-redhouse-kidz-yayinlari","10":"pa_yazar-jackie-mccann","12":"first","13":"instock","14":"sale","15":"shipping-taxable","16":"purchasable","17":"product-type-simple"},"_links":{"self":[{"href":"https:\/\/roveyayinevi.com.tr\/index.php\/wp-json\/wp\/v2\/product\/746922","targetHints":{"allow":["GET"]}}],"collection":[{"href":"https:\/\/roveyayinevi.com.tr\/index.php\/wp-json\/wp\/v2\/product"}],"about":[{"href":"https:\/\/roveyayinevi.com.tr\/index.php\/wp-json\/wp\/v2\/types\/product"}],"wp:attachment":[{"href":"https:\/\/roveyayinevi.com.tr\/index.php\/wp-json\/wp\/v2\/media?parent=746922"}],"wp:term":[{"taxonomy":"product_brand","embeddable":true,"href":"https:\/\/roveyayinevi.com.tr\/index.php\/wp-json\/wp\/v2\/product_brand?post=746922"},{"taxonomy":"product_cat","embeddable":true,"href":"https:\/\/roveyayinevi.com.tr\/index.php\/wp-json\/wp\/v2\/product_cat?post=746922"},{"taxonomy":"product_tag","embeddable":true,"href":"https:\/\/roveyayinevi.com.tr\/index.php\/wp-json\/wp\/v2\/product_tag?post=746922"}],"curies":[{"name":"wp","href":"https:\/\/api.w.org\/{rel}","templated":true}]}}