{"id":746919,"date":"2025-08-28T02:54:21","date_gmt":"2025-08-27T23:54:21","guid":{"rendered":"https:\/\/roveyayinevi.com.tr\/index.php\/urun\/kayip-ruhlar-duragi\/"},"modified":"2026-04-16T02:59:38","modified_gmt":"2026-04-15T23:59:38","slug":"kayip-ruhlar-duragi","status":"publish","type":"product","link":"https:\/\/roveyayinevi.com.tr\/index.php\/urun\/kayip-ruhlar-duragi\/","title":{"rendered":"Kay\u0131p Ruhlar Dura\u011f\u0131"},"content":{"rendered":"<p>Hassas kalpler, kalplerin en g\u00fc\u00e7l\u00fcs\u00fcd\u00fcr.   Birebir ayn\u0131 g\u00f6r\u00fcnsek bile ikiz karde\u015fim Rosemary\u2019nin benden farkl\u0131 oldu\u011funu hep biliyordum\u2026 Duygular\u0131n\u0131 kontrol edemeyen ve hemen her \u015feyden kolayca etkilenip kontrolden \u00e7\u0131kabilen k\u0131z karde\u015fimin, bu zalim d\u00fcnyan\u0131n k\u00f6t\u00fcl\u00fcklerinden korunmaya bana g\u00f6re \u00e7ok daha fazla ihtiyac\u0131 vard\u0131. Ancak ne yaz\u0131k ki o ellerimden kay\u0131p giderken hi\u00e7bir \u015fey yapamad\u0131m. Rosemary\u2019yi bu hayattan kopar\u0131p alan \u015feyin zat\u00fcrre oldu\u011funu s\u00f6ylediler ama ne fark ederdi ki? Di\u011fer yar\u0131m \u00e7ekip gitmi\u015fti i\u015fte. Alt\u0131 y\u0131l\u2026 Tam alt\u0131 y\u0131l bu su\u00e7luluk hissiyle ya\u015famaya \u00e7al\u0131\u015ft\u0131m. Ta ki annem de elim bir trafik kazas\u0131nda ya\u015fam\u0131n\u0131 yitirdikten hemen sonra, benden hi\u00e7 haz etmeyen \u00fcvey babam Alan\u2019\u0131n saklad\u0131\u011f\u0131 b\u00fcy\u00fck s\u0131rr\u0131 ke\u015ffedene kadar\u2026 Yanl\u0131\u015f duymam\u0131\u015ft\u0131m, Rosemary ya\u015f\u0131yordu! Onu, Willowbrook denilen ama ya\u015fad\u0131\u011f\u0131m\u0131z \u00e7evrede ad\u0131 pek de iyi an\u0131lmayan bir okula yollam\u0131\u015flard\u0131 fakat \u015fimdi kay\u0131pt\u0131. Acilen oraya gidip g\u00fczel, tatl\u0131 Rosemary\u2019mi bulmam gerekiyordu. \u00d6yle de yapacakt\u0131m.   Evet, Rosemary\u2019nin benden farkl\u0131 oldu\u011funu hep biliyordum. Bilmedi\u011fim as\u0131l \u015feyse karde\u015fimin bedeninden \u00e7ok daha uzun zaman \u00f6nce kaybolan ruhunu aramam gerekti\u011fiydi \u00e7\u00fcnk\u00fc Willowbrook asla bir okul de\u011fildi. Oras\u0131 kay\u0131p ruhlar\u0131n en ac\u0131mas\u0131z ve insanl\u0131k d\u0131\u015f\u0131 ko\u015fullarda al\u0131konuldu\u011fu bir t\u00fcr ak\u0131l hastanesiydi. Ne ac\u0131d\u0131r ki bunu, ak\u0131l hastanesinden ka\u00e7m\u0131\u015f bir hastaya t\u0131pat\u0131p benzeyen biri olarak oraya gitti\u011fimde \u00f6\u011frenecektim.   Ben Sage Winters, Rosemary Winters\u2019\u0131n ikiz k\u0131z karde\u015fiyim. Tamamen sa\u011fl\u0131kl\u0131 ve ak\u0131ll\u0131y\u0131m ama buradakiler benim Rosemary oldu\u011fumu san\u0131yor. \u00dczerimde bir deli g\u00f6mle\u011fi, bileklerim deri kay\u0131\u015flarla bir sedyeye ba\u011fl\u0131 h\u00e2lde t\u00fcm d\u00fcnyaya ger\u00e7ekleri anlatmaya \u00e7al\u0131\u015f\u0131yorum. Kendi ruhum da bu izbe yerde sonsuza dek kaybolmadan \u00f6nce bir \u015feyler yapmal\u0131y\u0131m fakat korkar\u0131m tamamen \u00e7aresizim.   Onlar inanmasa bile siz bana inan\u0131yorsunuz, de\u011fil mi?   Ellen Marie Wiseman\u2019\u0131n usta kaleminden d\u00f6k\u00fclen Kay\u0131p Ruhlar Dura\u011f\u0131, son sayfas\u0131na dek elinizden b\u0131rakamayaca\u011f\u0131n\u0131z, size insan olman\u0131n, iyili\u011fin ve k\u00f6t\u00fcl\u00fc\u011f\u00fcn anlamlar\u0131n\u0131 tekrar tekrar sorgulatacak bir \u015faheser <\/p>\n","protected":false},"excerpt":{"rendered":"<p>Hassas kalpler, kalplerin en g\u00fc\u00e7l\u00fcs\u00fcd\u00fcr. Birebir ayn\u0131 g\u00f6r\u00fcnsek bile ikiz karde\u015fim Rosemary\u2019nin benden farkl\u0131 oldu\u011funu hep biliyordum\u2026 Duygular\u0131n\u0131 kontrol edemeyen ve hemen her \u015feyden kolayca etkilenip<span class=\"excerpt-hellip\"> [\u2026]<\/span><\/p>\n","protected":false},"featured_media":0,"template":"","meta":{"_monsterinsights_skip_tracking":false,"_monsterinsights_sitenote_active":false,"_monsterinsights_sitenote_note":"","_monsterinsights_sitenote_category":0},"product_brand":[],"product_cat":[12291,12711],"product_tag":[],"class_list":{"0":"post-746919","1":"product","2":"type-product","3":"status-publish","5":"product_cat-edebiyat","6":"product_cat-roman-oyku","7":"pa_cilt-ciltsiz","8":"pa_tur-kitap","9":"pa_yayinevi-arkadya-yayinlari","10":"pa_yazar-ellen-marie-wiseman","12":"first","13":"instock","14":"sale","15":"shipping-taxable","16":"purchasable","17":"product-type-simple"},"_links":{"self":[{"href":"https:\/\/roveyayinevi.com.tr\/index.php\/wp-json\/wp\/v2\/product\/746919","targetHints":{"allow":["GET"]}}],"collection":[{"href":"https:\/\/roveyayinevi.com.tr\/index.php\/wp-json\/wp\/v2\/product"}],"about":[{"href":"https:\/\/roveyayinevi.com.tr\/index.php\/wp-json\/wp\/v2\/types\/product"}],"wp:attachment":[{"href":"https:\/\/roveyayinevi.com.tr\/index.php\/wp-json\/wp\/v2\/media?parent=746919"}],"wp:term":[{"taxonomy":"product_brand","embeddable":true,"href":"https:\/\/roveyayinevi.com.tr\/index.php\/wp-json\/wp\/v2\/product_brand?post=746919"},{"taxonomy":"product_cat","embeddable":true,"href":"https:\/\/roveyayinevi.com.tr\/index.php\/wp-json\/wp\/v2\/product_cat?post=746919"},{"taxonomy":"product_tag","embeddable":true,"href":"https:\/\/roveyayinevi.com.tr\/index.php\/wp-json\/wp\/v2\/product_tag?post=746919"}],"curies":[{"name":"wp","href":"https:\/\/api.w.org\/{rel}","templated":true}]}}