{"id":746918,"date":"2025-08-28T02:54:19","date_gmt":"2025-08-27T23:54:19","guid":{"rendered":"https:\/\/roveyayinevi.com.tr\/index.php\/urun\/baska-bir-takvimin-gelecegi\/"},"modified":"2026-04-16T02:59:38","modified_gmt":"2026-04-15T23:59:38","slug":"baska-bir-takvimin-gelecegi","status":"publish","type":"product","link":"https:\/\/roveyayinevi.com.tr\/index.php\/urun\/baska-bir-takvimin-gelecegi\/","title":{"rendered":"Ba\u015fka Bir Takvimin Gelece\u011fi"},"content":{"rendered":"<p>\u201cBen bir anar\u015fistim ama bu bomba ta\u015f\u0131d\u0131\u011f\u0131m anlam\u0131na gelmez. Kapitalistlerin ve siyaset\u00e7ilerin \u00e7ok daha tehlikeli oldu\u011funu bildi\u011fi bir \u015fey ta\u015f\u0131yorum:Onlar\u0131n h\u00fckm\u00fcnden kurtulup \u00f6zg\u00fcr kalma hayalini!\u201d Bir yanda kad\u0131nlara \u00fczerine bas\u0131l\u0131p \u00e7i\u011fnenmesi gereken bir b\u00f6cek gibi bakan Ahlak Sava\u015f\u00e7\u0131s\u0131 Comstock\u00e7\u0131lar, bir yanda ise \u00f6zg\u00fcr bir gelecek yaratman\u0131n tela\u015f\u0131yla yan\u0131p tutu\u015fanHarriet\u2019\u0131n Kerimeleri.\u0130stenmeyen gebeliklerin sonland\u0131r\u0131lmas\u0131n\u0131n belli bir grubun tekelinde oldu\u011fu ve kad\u0131nlar\u0131n yaln\u0131zca annelik yapmak i\u00e7in yarat\u0131ld\u0131\u011f\u0131 g\u00f6r\u00fc\u015f\u00fcn\u00fcn h\u00fck\u00fcm s\u00fcrd\u00fc\u011f\u00fc bir d\u00fcnya in\u015fa edildi.Kerimelerinse tek bir derdi var: Cinsiyet g\u00f6zetmeksizin her bireyin bedeni ve gelece\u011fi hakk\u0131nda yaln\u0131zca kendisinin s\u00f6z sahibi olabilmesi.Belli b\u00f6lgelerdeki kayal\u0131klarda bulunan Zaman Makineleri arac\u0131l\u0131\u011f\u0131yla yaln\u0131zca seyyahlar\u0131n zamanda yolculuk yapabildi\u011fi bir d\u00fcnya d\u00fc\u015fleyin. Bir seyyah, Ahlak Sava\u015f\u00e7\u0131s\u0131 bir Comstock\u00e7\u0131 da olabilir Harriet\u2019\u0131n Kerimeleri\u2019nden biri de.Ve zamanda tashih yapabiliyorlar.Ba\u015fka Bir Takvimin Gelece\u011fi, bizi 2022\u2019den \u00e7ekip \u00e7\u0131kar\u0131yor. Kendimizi 1992\u2019de, Alta California\u2019da bir punk rock konserinde de bulabiliyoruz, \u00fcst\u00fcm\u00fcze t\u00fcrl\u00fc deniz canl\u0131lar\u0131n\u0131n yap\u0131\u015ft\u0131\u011f\u0131 Ordovisyen Devri\u2019nde de,1800\u2019l\u00fc y\u0131llarda, Osmanl\u0131 i\u015fgalindeki Raqmu\u2019da da&#8230;Tarihin tozlu sayfalar\u0131 kar\u0131\u015ft\u0131r\u0131l\u0131yor ve seyyahlar tarihi yeniden yazma m\u00fccadelesine giri\u015fiyor. \u201cBir daha hi\u00e7bir gen\u00e7 k\u0131z, ya\u015fad\u0131\u011f\u0131 bedensel durumu, de\u011fi\u015ftiremeyece\u011fi bir kadere d\u00f6n\u00fc\u015ft\u00fcrerek kanunlar taraf\u0131ndan \u00e7aresizli\u011fe s\u00fcr\u00fcklenmeyecek!\u201d<\/p>\n","protected":false},"excerpt":{"rendered":"<p>\u201cBen bir anar\u015fistim ama bu bomba ta\u015f\u0131d\u0131\u011f\u0131m anlam\u0131na gelmez. Kapitalistlerin ve siyaset\u00e7ilerin \u00e7ok daha tehlikeli oldu\u011funu bildi\u011fi bir \u015fey ta\u015f\u0131yorum:Onlar\u0131n h\u00fckm\u00fcnden kurtulup \u00f6zg\u00fcr kalma hayalini!\u201d Bir<span class=\"excerpt-hellip\"> [\u2026]<\/span><\/p>\n","protected":false},"featured_media":0,"template":"","meta":{"_monsterinsights_skip_tracking":false,"_monsterinsights_sitenote_active":false,"_monsterinsights_sitenote_note":"","_monsterinsights_sitenote_category":0},"product_brand":[],"product_cat":[12291,50487],"product_tag":[],"class_list":{"0":"post-746918","1":"product","2":"type-product","3":"status-publish","5":"product_cat-edebiyat","6":"product_cat-kurgu","7":"pa_cilt-ciltsiz","8":"pa_tur-kitap","9":"pa_yayinevi-epsilon-yayinlari","10":"pa_yazar-annalee-newitz","12":"first","13":"instock","14":"sale","15":"shipping-taxable","16":"purchasable","17":"product-type-simple"},"_links":{"self":[{"href":"https:\/\/roveyayinevi.com.tr\/index.php\/wp-json\/wp\/v2\/product\/746918","targetHints":{"allow":["GET"]}}],"collection":[{"href":"https:\/\/roveyayinevi.com.tr\/index.php\/wp-json\/wp\/v2\/product"}],"about":[{"href":"https:\/\/roveyayinevi.com.tr\/index.php\/wp-json\/wp\/v2\/types\/product"}],"wp:attachment":[{"href":"https:\/\/roveyayinevi.com.tr\/index.php\/wp-json\/wp\/v2\/media?parent=746918"}],"wp:term":[{"taxonomy":"product_brand","embeddable":true,"href":"https:\/\/roveyayinevi.com.tr\/index.php\/wp-json\/wp\/v2\/product_brand?post=746918"},{"taxonomy":"product_cat","embeddable":true,"href":"https:\/\/roveyayinevi.com.tr\/index.php\/wp-json\/wp\/v2\/product_cat?post=746918"},{"taxonomy":"product_tag","embeddable":true,"href":"https:\/\/roveyayinevi.com.tr\/index.php\/wp-json\/wp\/v2\/product_tag?post=746918"}],"curies":[{"name":"wp","href":"https:\/\/api.w.org\/{rel}","templated":true}]}}