{"id":746917,"date":"2025-08-28T02:54:19","date_gmt":"2025-08-27T23:54:19","guid":{"rendered":"https:\/\/roveyayinevi.com.tr\/index.php\/urun\/bagisikligin-arka-bahcesi\/"},"modified":"2026-04-16T02:59:38","modified_gmt":"2026-04-15T23:59:38","slug":"bagisikligin-arka-bahcesi","status":"publish","type":"product","link":"https:\/\/roveyayinevi.com.tr\/index.php\/urun\/bagisikligin-arka-bahcesi\/","title":{"rendered":"Ba\u011f\u0131\u015f\u0131kl\u0131\u011f\u0131n Arka Bah\u00e7esi"},"content":{"rendered":"<p>\u2018Bilim\u2019in Ger\u00e7eklerinden \u2018\u0130lim\u2019in Hakikatlerine   Bula\u015f\u0131c\u0131 hastal\u0131klar, mutasyon, ba\u011f\u0131\u015f\u0131klama, ba\u011f\u0131\u015f\u0131kl\u0131k sisteminin ayar\u0131 ve detoks fonksiyonu, antikorlar\u0131n anlam\u0131, sebep-sonu\u00e7 ili\u015fkilerinin do\u011fru yorumlanmas\u0131, bilimsel ara\u015ft\u0131rmalar\u0131n nas\u0131l yap\u0131lmas\u0131 gerekti\u011fi ve ayna n\u00f6ronlar ile ilgili ezber bozan bilgiler&#8230;   Mutasyon denilen fenomenin amac\u0131 da ne oldu\u011fu da anlat\u0131lanlardan \u00e7ok daha farkl\u0131d\u0131r! Pratikte uygulamada olan ba\u011f\u0131\u015f\u0131klama y\u00f6nteminin zararl\u0131 oldu\u011fu iddias\u0131n\u0131n arkas\u0131nda ger\u00e7ekte ne var? Bu arada antikor seviyesini tespit etmenin bula\u015f\u0131c\u0131 bir hastal\u0131ktan korunma ve ba\u011f\u0131\u015f\u0131kl\u0131k durumunun tespitinde hi\u00e7bir k\u0131ymetinin olmad\u0131\u011f\u0131n\u0131 biliyor muydunuz?   \u00d6l\u00fcmc\u00fcl sand\u0131\u011f\u0131m\u0131z bir\u00e7ok mikrop, zannetti\u011finiz kadar y\u0131k\u0131m\/istila g\u00fcc\u00fcne sahip de\u011fil! \u00d6yleyse \u00f6ld\u00fcren veya a\u011f\u0131r klini\u011fe yol a\u00e7an ne? Peki \u015funa ne dersiniz? \u0130mm\u00fcn sistemi g\u00fc\u00e7lendirmek \u00e7o\u011fu vakada iyi bir \u015fey de\u011fil ve hatta zararl\u0131 bile olabilir! Ba\u011f\u0131\u015f\u0131kl\u0131k sistemininasl\u0131nda v\u00fccudun en g\u00fc\u00e7l\u00fc detoks organ\u0131 oldu\u011funu biliyor muydunuz? Bir de geriye sar\u0131p \u015fu soruyu soral\u0131m: Ya baz\u0131lar\u0131n\u0131n dedi\u011fi gibi vir\u00fcs diye bir mikrop yoksa?   Maske uygulamas\u0131n\u0131n beyindeki \u2018Ayna N\u00f6ronlar\u2019 ve \u2018Y\u00fcz Tan\u0131ma Sistemi\u2019 \u00fczerindeki etkileri ve bunlar\u0131n sonu\u00e7lar\u0131 neler? Bilimsel ara\u015ft\u0131rmalarda kullan\u0131lan plasebo ve noseboyu bir kenara b\u0131rak\u0131n; esas \u2018sebo&#8217;ya bak\u0131n. Peki ama bu sebo da nedir?   Do\u00e7. Dr. C\u00fcneyt Konuralp, bu kitapta \u2018bilim\u2019in ger\u00e7eklerinden \u2018ilim\u2019in hakikatlerine bilinmeyen ve \u00fcst\u00fc \u00f6rt\u00fclen yanlar\u0131yla Ba\u011f\u0131\u015f\u0131kl\u0131\u011f\u0131n Arka Bah\u00e7esi\u2019ni anlat\u0131yor\u2026 Pandemi s\u00fcrecinde s\u00f6ylenmeyenleri de\u015fifre ediyor! <\/p>\n","protected":false},"excerpt":{"rendered":"<p>\u2018Bilim\u2019in Ger\u00e7eklerinden \u2018\u0130lim\u2019in Hakikatlerine Bula\u015f\u0131c\u0131 hastal\u0131klar, mutasyon, ba\u011f\u0131\u015f\u0131klama, ba\u011f\u0131\u015f\u0131kl\u0131k sisteminin ayar\u0131 ve detoks fonksiyonu, antikorlar\u0131n anlam\u0131, sebep-sonu\u00e7 ili\u015fkilerinin do\u011fru yorumlanmas\u0131, bilimsel ara\u015ft\u0131rmalar\u0131n nas\u0131l yap\u0131lmas\u0131 gerekti\u011fi ve<span class=\"excerpt-hellip\"> [\u2026]<\/span><\/p>\n","protected":false},"featured_media":0,"template":"","meta":{"_monsterinsights_skip_tracking":false,"_monsterinsights_sitenote_active":false,"_monsterinsights_sitenote_note":"","_monsterinsights_sitenote_category":0},"product_brand":[],"product_cat":[13366,13365],"product_tag":[],"class_list":{"0":"post-746917","1":"product","2":"type-product","3":"status-publish","5":"product_cat-diger-saglik","6":"product_cat-saglik","7":"pa_cilt-ciltsiz","8":"pa_tur-kitap","9":"pa_yayinevi-hayykitap","10":"pa_yazar-cuneyt-konuralp","12":"first","13":"instock","14":"sale","15":"shipping-taxable","16":"purchasable","17":"product-type-simple"},"_links":{"self":[{"href":"https:\/\/roveyayinevi.com.tr\/index.php\/wp-json\/wp\/v2\/product\/746917","targetHints":{"allow":["GET"]}}],"collection":[{"href":"https:\/\/roveyayinevi.com.tr\/index.php\/wp-json\/wp\/v2\/product"}],"about":[{"href":"https:\/\/roveyayinevi.com.tr\/index.php\/wp-json\/wp\/v2\/types\/product"}],"wp:attachment":[{"href":"https:\/\/roveyayinevi.com.tr\/index.php\/wp-json\/wp\/v2\/media?parent=746917"}],"wp:term":[{"taxonomy":"product_brand","embeddable":true,"href":"https:\/\/roveyayinevi.com.tr\/index.php\/wp-json\/wp\/v2\/product_brand?post=746917"},{"taxonomy":"product_cat","embeddable":true,"href":"https:\/\/roveyayinevi.com.tr\/index.php\/wp-json\/wp\/v2\/product_cat?post=746917"},{"taxonomy":"product_tag","embeddable":true,"href":"https:\/\/roveyayinevi.com.tr\/index.php\/wp-json\/wp\/v2\/product_tag?post=746917"}],"curies":[{"name":"wp","href":"https:\/\/api.w.org\/{rel}","templated":true}]}}