{"id":746914,"date":"2025-08-28T02:54:14","date_gmt":"2025-08-27T23:54:14","guid":{"rendered":"https:\/\/roveyayinevi.com.tr\/index.php\/urun\/dus-ulkelerine-yolculuk\/"},"modified":"2026-04-16T02:59:37","modified_gmt":"2026-04-15T23:59:37","slug":"dus-ulkelerine-yolculuk","status":"publish","type":"product","link":"https:\/\/roveyayinevi.com.tr\/index.php\/urun\/dus-ulkelerine-yolculuk\/","title":{"rendered":"D\u00fc\u015f \u00dclkelerine Yolculuk"},"content":{"rendered":"<p>Jack London\u2019un yap\u0131tlar\u0131 g\u00f6rkemli ve s\u00fcrekli bir destandan al\u0131nma s\u00fcr\u00fckleyici ser\u00fcven par\u00e7alar\u0131 gibidir. Jack London, &#8220;D\u00fc\u015f \u00dclkelerine Yolculuk&#8221; adl\u0131 roman\u0131nda, San Francisco\u2019da yapt\u0131rd\u0131\u011f\u0131 Snark adl\u0131 teknesiyle, G\u00fcney denizlerinin yak\u0131c\u0131 g\u00fcne\u015fi alt\u0131nda iki y\u0131l s\u00fcren yolculu\u011funu s\u00fcr\u00fckleyici bir dille anlat\u0131yor. Yer yer fantastik \u00f6\u011felerle s\u00fcsl\u00fc nefes kesici bir roman&#8230;<\/p>\n","protected":false},"excerpt":{"rendered":"<p>Jack London\u2019un yap\u0131tlar\u0131 g\u00f6rkemli ve s\u00fcrekli bir destandan al\u0131nma s\u00fcr\u00fckleyici ser\u00fcven par\u00e7alar\u0131 gibidir. Jack London, &#8220;D\u00fc\u015f \u00dclkelerine Yolculuk&#8221; adl\u0131 roman\u0131nda, San Francisco\u2019da yapt\u0131rd\u0131\u011f\u0131 Snark adl\u0131 teknesiyle,<span class=\"excerpt-hellip\"> [\u2026]<\/span><\/p>\n","protected":false},"featured_media":0,"template":"","meta":{"_monsterinsights_skip_tracking":false,"_monsterinsights_sitenote_active":false,"_monsterinsights_sitenote_note":"","_monsterinsights_sitenote_category":0},"product_brand":[],"product_cat":[12891,12291],"product_tag":[],"class_list":{"0":"post-746914","1":"product","2":"type-product","3":"status-publish","5":"product_cat-amerikan-edebiyati","6":"product_cat-edebiyat","7":"pa_cilt-ciltsiz","8":"pa_tur-kitap","9":"pa_yayinevi-oda-yayinlari","10":"pa_yazar-jack-london","12":"first","13":"instock","14":"sale","15":"shipping-taxable","16":"purchasable","17":"product-type-simple"},"_links":{"self":[{"href":"https:\/\/roveyayinevi.com.tr\/index.php\/wp-json\/wp\/v2\/product\/746914","targetHints":{"allow":["GET"]}}],"collection":[{"href":"https:\/\/roveyayinevi.com.tr\/index.php\/wp-json\/wp\/v2\/product"}],"about":[{"href":"https:\/\/roveyayinevi.com.tr\/index.php\/wp-json\/wp\/v2\/types\/product"}],"wp:attachment":[{"href":"https:\/\/roveyayinevi.com.tr\/index.php\/wp-json\/wp\/v2\/media?parent=746914"}],"wp:term":[{"taxonomy":"product_brand","embeddable":true,"href":"https:\/\/roveyayinevi.com.tr\/index.php\/wp-json\/wp\/v2\/product_brand?post=746914"},{"taxonomy":"product_cat","embeddable":true,"href":"https:\/\/roveyayinevi.com.tr\/index.php\/wp-json\/wp\/v2\/product_cat?post=746914"},{"taxonomy":"product_tag","embeddable":true,"href":"https:\/\/roveyayinevi.com.tr\/index.php\/wp-json\/wp\/v2\/product_tag?post=746914"}],"curies":[{"name":"wp","href":"https:\/\/api.w.org\/{rel}","templated":true}]}}