{"id":746913,"date":"2025-08-28T02:54:13","date_gmt":"2025-08-27T23:54:13","guid":{"rendered":"https:\/\/roveyayinevi.com.tr\/index.php\/urun\/guncel-hadis-meselelerinin-anlasilmasi-ve-yorumlanmasi-ciltli\/"},"modified":"2026-04-16T02:59:37","modified_gmt":"2026-04-15T23:59:37","slug":"guncel-hadis-meselelerinin-anlasilmasi-ve-yorumlanmasi-ciltli","status":"publish","type":"product","link":"https:\/\/roveyayinevi.com.tr\/index.php\/urun\/guncel-hadis-meselelerinin-anlasilmasi-ve-yorumlanmasi-ciltli\/","title":{"rendered":"G\u00fcncel Hadis Meselelerinin Anla\u015f\u0131lmas\u0131 ve Yorumlanmas\u0131 (Ciltli)"},"content":{"rendered":"<p>\u0130slam\u2019\u0131 tebli\u011f ve tebyin eden emsalsiz \u00f6rnek Hz. Peygamber\u2019in s\u00f6zleri ve d\u00f6nemindeki olaylar kar\u015f\u0131s\u0131ndaki tutumlar\u0131 her zaman yeniden yorumlanm\u0131\u015f, metinler hayatla harmanlanarak yeni problemlere kar\u015f\u0131 \u0130slam d\u00fcnyas\u0131nda k\u00f6k\u00fcn\u00fc sa\u011flam temellerden alan \u00e7\u00f6z\u00fcmler sunulmu\u015ftur. Modern d\u00f6nemde Hz. Peygamber\u2019in \u0130slam\u2019\u0131 \u00f6\u011fretme bi\u00e7imi olarak takdim edilebilecek s\u00fcnnetin ve hadisin yorumlanmas\u0131 da m\u00fctemadiyen devam etmektedir. Bu faaliyetin bir k\u0131sm\u0131n\u0131 ilgili bran\u015f\u0131n teknik meseleleri olu\u015ftururken di\u011fer k\u0131sm\u0131 ise do\u011frudan metinlerin anla\u015f\u0131lmas\u0131na matuftur. Fakat her iki ark\u0131n da nihayetinde ayn\u0131 mek\u00e2nda bulu\u015ftu\u011fu ve de\u011fi\u015fen hayat kar\u015f\u0131s\u0131nda rehberlik ihtiyac\u0131 hissedenlere \u00e7\u00f6z\u00fcmler sunma u\u011fra\u015f\u0131nda oldu\u011fu a\u015fikard\u0131r. Hz. Peygamber\u2019in bu e\u015fsiz beyanlar\u0131na dair \u00e7aban\u0131n biteviye devam edece\u011fi, onun (s.a.v) beyanlar\u0131na meftun olanlar\u0131n hi\u00e7 bitmeyece\u011fi ise izahtan varestedir. <\/p>\n","protected":false},"excerpt":{"rendered":"<p>\u0130slam\u2019\u0131 tebli\u011f ve tebyin eden emsalsiz \u00f6rnek Hz. Peygamber\u2019in s\u00f6zleri ve d\u00f6nemindeki olaylar kar\u015f\u0131s\u0131ndaki tutumlar\u0131 her zaman yeniden yorumlanm\u0131\u015f, metinler hayatla harmanlanarak yeni problemlere kar\u015f\u0131 \u0130slam<span class=\"excerpt-hellip\"> [\u2026]<\/span><\/p>\n","protected":false},"featured_media":0,"template":"","meta":{"_monsterinsights_skip_tracking":false,"_monsterinsights_sitenote_active":false,"_monsterinsights_sitenote_note":"","_monsterinsights_sitenote_category":0},"product_brand":[],"product_cat":[12718,12719,18109],"product_tag":[],"class_list":{"0":"post-746913","1":"product","2":"type-product","3":"status-publish","5":"product_cat-din","6":"product_cat-islam","7":"product_cat-islam-tarihi","8":"pa_cilt-ciltli","9":"pa_tur-kitap","10":"pa_yayinevi-divan-kitap","11":"pa_yazar-kolektif","13":"first","14":"instock","15":"sale","16":"shipping-taxable","17":"purchasable","18":"product-type-simple"},"_links":{"self":[{"href":"https:\/\/roveyayinevi.com.tr\/index.php\/wp-json\/wp\/v2\/product\/746913","targetHints":{"allow":["GET"]}}],"collection":[{"href":"https:\/\/roveyayinevi.com.tr\/index.php\/wp-json\/wp\/v2\/product"}],"about":[{"href":"https:\/\/roveyayinevi.com.tr\/index.php\/wp-json\/wp\/v2\/types\/product"}],"wp:attachment":[{"href":"https:\/\/roveyayinevi.com.tr\/index.php\/wp-json\/wp\/v2\/media?parent=746913"}],"wp:term":[{"taxonomy":"product_brand","embeddable":true,"href":"https:\/\/roveyayinevi.com.tr\/index.php\/wp-json\/wp\/v2\/product_brand?post=746913"},{"taxonomy":"product_cat","embeddable":true,"href":"https:\/\/roveyayinevi.com.tr\/index.php\/wp-json\/wp\/v2\/product_cat?post=746913"},{"taxonomy":"product_tag","embeddable":true,"href":"https:\/\/roveyayinevi.com.tr\/index.php\/wp-json\/wp\/v2\/product_tag?post=746913"}],"curies":[{"name":"wp","href":"https:\/\/api.w.org\/{rel}","templated":true}]}}