{"id":746910,"date":"2025-08-28T02:54:11","date_gmt":"2025-08-27T23:54:11","guid":{"rendered":"https:\/\/roveyayinevi.com.tr\/index.php\/urun\/toplumsal-ekoloji-kuraminin-sosyolojik-analizi\/"},"modified":"2026-04-16T02:59:37","modified_gmt":"2026-04-15T23:59:37","slug":"toplumsal-ekoloji-kuraminin-sosyolojik-analizi","status":"publish","type":"product","link":"https:\/\/roveyayinevi.com.tr\/index.php\/urun\/toplumsal-ekoloji-kuraminin-sosyolojik-analizi\/","title":{"rendered":"Toplumsal Ekoloji Kuram\u0131n\u0131n Sosyolojik Analizi"},"content":{"rendered":"<p>Bu kitab\u0131n amac\u0131, toplumsal ekoloji kuram\u0131n\u0131 incelemek; sosyoloji ve \u00e7evre sosyolojisinin temel kuramlar\u0131 ve konular\u0131 \u00e7er\u00e7evesinde tart\u0131\u015fmakt\u0131r. Bookchin\u2019in geli\u015ftirdi\u011fi toplumsal ekoloji kuram\u0131, \u00e7evre sorunlar\u0131na y\u00f6nelik, derin ekolojinin t\u00fcrc\u00fc ve liberal \u00e7evrecili\u011fin teknik yakla\u015f\u0131mlar\u0131na kar\u015f\u0131n toplumsal bir yakla\u015f\u0131md\u0131r. Kuram, genelde sosyoloji ve \u00f6zelde \u00e7evre sosyolojisi alan\u0131na dahil edilebilir. Kuramsal olarak toplumsal ekoloji, ekolojik krize tahakk\u00fcm, hiyerar\u015fi ve kapitalizm gibi makro bir \u00e7er\u00e7eveden yakla\u015fmaktad\u0131r. Bu nedenle mikro de\u011fil, makro bir kuramd\u0131r.<\/p>\n","protected":false},"excerpt":{"rendered":"<p>Bu kitab\u0131n amac\u0131, toplumsal ekoloji kuram\u0131n\u0131 incelemek; sosyoloji ve \u00e7evre sosyolojisinin temel kuramlar\u0131 ve konular\u0131 \u00e7er\u00e7evesinde tart\u0131\u015fmakt\u0131r. Bookchin\u2019in geli\u015ftirdi\u011fi toplumsal ekoloji kuram\u0131, \u00e7evre sorunlar\u0131na y\u00f6nelik, derin<span class=\"excerpt-hellip\"> [\u2026]<\/span><\/p>\n","protected":false},"featured_media":0,"template":"","meta":{"_monsterinsights_skip_tracking":false,"_monsterinsights_sitenote_active":false,"_monsterinsights_sitenote_note":"","_monsterinsights_sitenote_category":0},"product_brand":[],"product_cat":[12325,12324],"product_tag":[],"class_list":{"0":"post-746910","1":"product","2":"type-product","3":"status-publish","5":"product_cat-diger-sosyoloji","6":"product_cat-sosyoloji","7":"pa_cilt-ciltsiz","8":"pa_tur-kitap","9":"pa_yayinevi-ani-yayincilik","10":"pa_yazar-kolektif","12":"first","13":"instock","14":"sale","15":"shipping-taxable","16":"purchasable","17":"product-type-simple"},"_links":{"self":[{"href":"https:\/\/roveyayinevi.com.tr\/index.php\/wp-json\/wp\/v2\/product\/746910","targetHints":{"allow":["GET"]}}],"collection":[{"href":"https:\/\/roveyayinevi.com.tr\/index.php\/wp-json\/wp\/v2\/product"}],"about":[{"href":"https:\/\/roveyayinevi.com.tr\/index.php\/wp-json\/wp\/v2\/types\/product"}],"wp:attachment":[{"href":"https:\/\/roveyayinevi.com.tr\/index.php\/wp-json\/wp\/v2\/media?parent=746910"}],"wp:term":[{"taxonomy":"product_brand","embeddable":true,"href":"https:\/\/roveyayinevi.com.tr\/index.php\/wp-json\/wp\/v2\/product_brand?post=746910"},{"taxonomy":"product_cat","embeddable":true,"href":"https:\/\/roveyayinevi.com.tr\/index.php\/wp-json\/wp\/v2\/product_cat?post=746910"},{"taxonomy":"product_tag","embeddable":true,"href":"https:\/\/roveyayinevi.com.tr\/index.php\/wp-json\/wp\/v2\/product_tag?post=746910"}],"curies":[{"name":"wp","href":"https:\/\/api.w.org\/{rel}","templated":true}]}}