{"id":746907,"date":"2025-08-28T02:54:07","date_gmt":"2025-08-27T23:54:07","guid":{"rendered":"https:\/\/roveyayinevi.com.tr\/index.php\/urun\/turkce-egitimi-surecinde-olcme-ve-degerlendirme\/"},"modified":"2026-04-03T03:02:17","modified_gmt":"2026-04-03T00:02:17","slug":"turkce-egitimi-surecinde-olcme-ve-degerlendirme","status":"publish","type":"product","link":"https:\/\/roveyayinevi.com.tr\/index.php\/urun\/turkce-egitimi-surecinde-olcme-ve-degerlendirme\/","title":{"rendered":"T\u00fcrk\u00e7e E\u011fitimi S\u00fcrecinde \u00d6l\u00e7me ve De\u011ferlendirme"},"content":{"rendered":"<p>Kitab\u0131n temel amac\u0131, T\u00fcrk\u00e7e e\u011fitimi s\u00fcrecinde \u00f6l\u00e7me ve de\u011ferlendirmeyle ilgili kuramlar\u0131, modelleri, yakla\u015f\u0131mlar\u0131, ara\u00e7lar\u0131 \u00f6zetlemek; b\u00f6ylece okura hem uygulama hem ara\u015ft\u0131rma i\u00e7in \u00e7\u0131kar\u0131m ve bak\u0131\u015f a\u00e7\u0131lar\u0131 sunmakt\u0131r. T\u00fcrk\u00e7e E\u011fitimi S\u00fcrecinde \u00d6l\u00e7me ve De\u011ferlendirme dinleme, konu\u015fma, okuma ve yazma e\u011fitimi, dilbilgisi \u00f6\u011fretimi, s\u00f6zc\u00fck bilgisi ve da\u011farc\u0131\u011f\u0131 kazanma, yabanc\u0131 dil olarak T\u00fcrk\u00e7e \u00f6\u011fretimi s\u00fcrecinde \u00f6l\u00e7me ve de\u011ferlendirme konular\u0131na genel bak\u0131\u015f sa\u011flayan bir kitapt\u0131r. Bunun yan\u0131nda, kitapta \u00f6l\u00e7me ve de\u011ferlendirme s\u00fcrecinde d\u00f6ng\u00fcsel etki, teknoloji kullan\u0131m\u0131, psikolojik etmenlerin \u00f6l\u00e7\u00fclmesi ve de\u011ferlendirilmesi konular\u0131 kuram ve uygulama ile \u00e7er\u00e7evelendirilerek T\u00fcrk\u00e7e e\u011fitimi \u00f6zelinde ele al\u0131nm\u0131\u015ft\u0131r. G\u00fcn\u00fcm\u00fcz ko\u015fullar\u0131nda s\u0131nav kayg\u0131s\u0131n\u0131n, \u00fcstesinden gelinmesi gereken yayg\u0131n bir duygu durumu oldu\u011fu s\u00f6ylenebilir. Bu y\u00fczden kitapta, nedenleri ve al\u0131nacak \u00f6nlemlerle birlikte s\u0131nav kayg\u0131s\u0131 konusuna da yer verilmi\u015ftir.  Kitapta yer verilen di\u011fer bir konu da uluslararas\u0131 \u00f6\u011frenci de\u011ferlendirme programlar\u0131d\u0131r. Bu ba\u011flamda PISA ve PIRLS s\u0131navlar\u0131n\u0131n \u00f6zelliklerine ayr\u0131nt\u0131l\u0131 olarak yer verilmi\u015ftir. <\/p>\n","protected":false},"excerpt":{"rendered":"<p>Kitab\u0131n temel amac\u0131, T\u00fcrk\u00e7e e\u011fitimi s\u00fcrecinde \u00f6l\u00e7me ve de\u011ferlendirmeyle ilgili kuramlar\u0131, modelleri, yakla\u015f\u0131mlar\u0131, ara\u00e7lar\u0131 \u00f6zetlemek; b\u00f6ylece okura hem uygulama hem ara\u015ft\u0131rma i\u00e7in \u00e7\u0131kar\u0131m ve bak\u0131\u015f a\u00e7\u0131lar\u0131<span class=\"excerpt-hellip\"> [\u2026]<\/span><\/p>\n","protected":false},"featured_media":0,"template":"","meta":{"_monsterinsights_skip_tracking":false,"_monsterinsights_sitenote_active":false,"_monsterinsights_sitenote_note":"","_monsterinsights_sitenote_category":0},"product_brand":[],"product_cat":[12567,12566],"product_tag":[],"class_list":{"0":"post-746907","1":"product","2":"type-product","3":"status-publish","5":"product_cat-diger-egitim","6":"product_cat-egitim","7":"pa_cilt-ciltsiz","8":"pa_tur-kitap","9":"pa_yayinevi-ani-yayincilik","10":"pa_yazar-kolektif","12":"first","13":"instock","14":"sale","15":"shipping-taxable","16":"purchasable","17":"product-type-simple"},"_links":{"self":[{"href":"https:\/\/roveyayinevi.com.tr\/index.php\/wp-json\/wp\/v2\/product\/746907","targetHints":{"allow":["GET"]}}],"collection":[{"href":"https:\/\/roveyayinevi.com.tr\/index.php\/wp-json\/wp\/v2\/product"}],"about":[{"href":"https:\/\/roveyayinevi.com.tr\/index.php\/wp-json\/wp\/v2\/types\/product"}],"wp:attachment":[{"href":"https:\/\/roveyayinevi.com.tr\/index.php\/wp-json\/wp\/v2\/media?parent=746907"}],"wp:term":[{"taxonomy":"product_brand","embeddable":true,"href":"https:\/\/roveyayinevi.com.tr\/index.php\/wp-json\/wp\/v2\/product_brand?post=746907"},{"taxonomy":"product_cat","embeddable":true,"href":"https:\/\/roveyayinevi.com.tr\/index.php\/wp-json\/wp\/v2\/product_cat?post=746907"},{"taxonomy":"product_tag","embeddable":true,"href":"https:\/\/roveyayinevi.com.tr\/index.php\/wp-json\/wp\/v2\/product_tag?post=746907"}],"curies":[{"name":"wp","href":"https:\/\/api.w.org\/{rel}","templated":true}]}}