{"id":746906,"date":"2025-08-28T02:54:06","date_gmt":"2025-08-27T23:54:06","guid":{"rendered":"https:\/\/roveyayinevi.com.tr\/index.php\/urun\/psikoloji-kuramlari-ve-insan-gelisimi\/"},"modified":"2026-04-16T02:59:37","modified_gmt":"2026-04-15T23:59:37","slug":"psikoloji-kuramlari-ve-insan-gelisimi","status":"publish","type":"product","link":"https:\/\/roveyayinevi.com.tr\/index.php\/urun\/psikoloji-kuramlari-ve-insan-gelisimi\/","title":{"rendered":"Psikoloji Kuramlar\u0131 ve \u0130nsan Geli\u015fimi"},"content":{"rendered":"<p>Psikolojinin ve geli\u015fim biliminin belli ba\u015fl\u0131 kuramsal yakla\u015f\u0131mlar\u0131n\u0131n a\u00e7\u0131kland\u0131\u011f\u0131 bu kitap, okuru bilimsel bir yolculu\u011fa davet etmektedir. Kitapta; akl\u0131n, duygular\u0131n, davran\u0131\u015f\u0131n, \u00f6\u011frenmenin ve geli\u015fimin anla\u015f\u0131lmas\u0131na k\u0131lavuzluk eden hem \u00f6nc\u00fc bilim insanlar\u0131n\u0131n klasik \u00e7al\u0131\u015fmalar\u0131 hem de yak\u0131n zamanda ortaya \u00e7\u0131kan modern yakla\u015f\u0131mlar tan\u0131t\u0131lmaktad\u0131r. Ayr\u0131ca, kuramlarla ba\u011flant\u0131l\u0131 baz\u0131 ara\u015ft\u0131rmalar da sonu\u00e7lar\u0131yla birlikte sunulmu\u015ftur. Kuramsal yakla\u015f\u0131mlar, yaln\u0131zca \u00f6zet olarak de\u011fil, ince ayr\u0131nt\u0131lar\u0131yla kapsaml\u0131 olarak sunulmu\u015ftur. A\u00e7\u0131k ve net anlay\u0131\u015fa hizmet etmek \u00fczere kuramc\u0131lar\u0131n kendi ifadelerine s\u0131k s\u0131k yer verilmi\u015ftir. Bu ifadeler yazar\u0131n a\u00e7\u0131klamalar\u0131yla desteklenmi\u015ftir. Ger\u00e7ek ya\u015fam \u00f6rnekleri kuramlara hayat verirken derin kavramlar\u0131n daha iyi anla\u015f\u0131lmas\u0131na yard\u0131m etmektedir. Kitapta kullan\u0131lan terimlere y\u00f6nelik s\u00f6zl\u00fck de psikoloji ve geli\u015fim bilimindeki anlay\u0131\u015fa katk\u0131da bulunacakt\u0131r. <\/p>\n","protected":false},"excerpt":{"rendered":"<p>Psikolojinin ve geli\u015fim biliminin belli ba\u015fl\u0131 kuramsal yakla\u015f\u0131mlar\u0131n\u0131n a\u00e7\u0131kland\u0131\u011f\u0131 bu kitap, okuru bilimsel bir yolculu\u011fa davet etmektedir. Kitapta; akl\u0131n, duygular\u0131n, davran\u0131\u015f\u0131n, \u00f6\u011frenmenin ve geli\u015fimin anla\u015f\u0131lmas\u0131na k\u0131lavuzluk<span class=\"excerpt-hellip\"> [\u2026]<\/span><\/p>\n","protected":false},"featured_media":0,"template":"","meta":{"_monsterinsights_skip_tracking":false,"_monsterinsights_sitenote_active":false,"_monsterinsights_sitenote_note":"","_monsterinsights_sitenote_category":0},"product_brand":[],"product_cat":[12364,12376],"product_tag":[],"class_list":{"0":"post-746906","1":"product","2":"type-product","3":"status-publish","5":"product_cat-genel-konular","6":"product_cat-kisisel-gelisim","7":"pa_cilt-ciltsiz","8":"pa_tur-kitap","9":"pa_yayinevi-ani-yayincilik","10":"pa_yazar-kolektif","12":"first","13":"instock","14":"sale","15":"shipping-taxable","16":"purchasable","17":"product-type-simple"},"_links":{"self":[{"href":"https:\/\/roveyayinevi.com.tr\/index.php\/wp-json\/wp\/v2\/product\/746906","targetHints":{"allow":["GET"]}}],"collection":[{"href":"https:\/\/roveyayinevi.com.tr\/index.php\/wp-json\/wp\/v2\/product"}],"about":[{"href":"https:\/\/roveyayinevi.com.tr\/index.php\/wp-json\/wp\/v2\/types\/product"}],"wp:attachment":[{"href":"https:\/\/roveyayinevi.com.tr\/index.php\/wp-json\/wp\/v2\/media?parent=746906"}],"wp:term":[{"taxonomy":"product_brand","embeddable":true,"href":"https:\/\/roveyayinevi.com.tr\/index.php\/wp-json\/wp\/v2\/product_brand?post=746906"},{"taxonomy":"product_cat","embeddable":true,"href":"https:\/\/roveyayinevi.com.tr\/index.php\/wp-json\/wp\/v2\/product_cat?post=746906"},{"taxonomy":"product_tag","embeddable":true,"href":"https:\/\/roveyayinevi.com.tr\/index.php\/wp-json\/wp\/v2\/product_tag?post=746906"}],"curies":[{"name":"wp","href":"https:\/\/api.w.org\/{rel}","templated":true}]}}