{"id":746903,"date":"2025-08-28T02:54:03","date_gmt":"2025-08-27T23:54:03","guid":{"rendered":"https:\/\/roveyayinevi.com.tr\/index.php\/urun\/filim-uyumak-istemiyor\/"},"modified":"2025-12-30T11:03:10","modified_gmt":"2025-12-30T08:03:10","slug":"filim-uyumak-istemiyor","status":"publish","type":"product","link":"https:\/\/roveyayinevi.com.tr\/index.php\/urun\/filim-uyumak-istemiyor\/","title":{"rendered":"Filim Uyumak \u0130stemiyor"},"content":{"rendered":"<p>Uyku zaman\u0131 gelen Ada, en sevdi\u011fi fili olmadan uyumayaca\u011f\u0131n\u0131 s\u00f6yledi. Ancak filin yatmadan \u00f6nce t\u00fcrl\u00fc t\u00fcrl\u00fc ihtiyac\u0131 vard\u0131. Ada\u2019n\u0131n babas\u0131 \u00f6nce karn\u0131 ac\u0131kan file \u00fc\u00e7 k\u00e2se salata haz\u0131rlad\u0131. Fil susay\u0131nca su i\u00e7mesi i\u00e7in k\u00fcveti doldurdu. Kocaman bir f\u0131r\u00e7a bulup filin di\u015flerini de f\u0131r\u00e7alad\u0131lar. Peki \u015fimdi s\u0131rada ne var? Uyku \u00f6ncesi neler yap\u0131labilece\u011fini e\u011flenceli bir dille anlatan hik\u00e2ye, \u00e7ocuklar\u0131 \u00e7ok g\u00fcld\u00fcrecek&#8230; <\/p>\n","protected":false},"excerpt":{"rendered":"<p>Uyku zaman\u0131 gelen Ada, en sevdi\u011fi fili olmadan uyumayaca\u011f\u0131n\u0131 s\u00f6yledi. Ancak filin yatmadan \u00f6nce t\u00fcrl\u00fc t\u00fcrl\u00fc ihtiyac\u0131 vard\u0131. Ada\u2019n\u0131n babas\u0131 \u00f6nce karn\u0131 ac\u0131kan file \u00fc\u00e7 k\u00e2se<span class=\"excerpt-hellip\"> [\u2026]<\/span><\/p>\n","protected":false},"featured_media":0,"template":"","meta":{"_monsterinsights_skip_tracking":false,"_monsterinsights_sitenote_active":false,"_monsterinsights_sitenote_note":"","_monsterinsights_sitenote_category":0},"product_brand":[],"product_cat":[12274,12284],"product_tag":[],"class_list":{"0":"post-746903","1":"product","2":"type-product","3":"status-publish","5":"product_cat-cocuk-ve-genclik-kitaplari","6":"product_cat-hikayeler","7":"pa_cilt-ciltsiz","8":"pa_tur-kitap","9":"pa_yayinevi-is-bankasi-kultur-yayinlari","10":"pa_yazar-cee-neudert","12":"first","13":"instock","14":"sale","15":"shipping-taxable","16":"purchasable","17":"product-type-simple"},"_links":{"self":[{"href":"https:\/\/roveyayinevi.com.tr\/index.php\/wp-json\/wp\/v2\/product\/746903","targetHints":{"allow":["GET"]}}],"collection":[{"href":"https:\/\/roveyayinevi.com.tr\/index.php\/wp-json\/wp\/v2\/product"}],"about":[{"href":"https:\/\/roveyayinevi.com.tr\/index.php\/wp-json\/wp\/v2\/types\/product"}],"wp:attachment":[{"href":"https:\/\/roveyayinevi.com.tr\/index.php\/wp-json\/wp\/v2\/media?parent=746903"}],"wp:term":[{"taxonomy":"product_brand","embeddable":true,"href":"https:\/\/roveyayinevi.com.tr\/index.php\/wp-json\/wp\/v2\/product_brand?post=746903"},{"taxonomy":"product_cat","embeddable":true,"href":"https:\/\/roveyayinevi.com.tr\/index.php\/wp-json\/wp\/v2\/product_cat?post=746903"},{"taxonomy":"product_tag","embeddable":true,"href":"https:\/\/roveyayinevi.com.tr\/index.php\/wp-json\/wp\/v2\/product_tag?post=746903"}],"curies":[{"name":"wp","href":"https:\/\/api.w.org\/{rel}","templated":true}]}}