{"id":746902,"date":"2025-08-28T02:54:01","date_gmt":"2025-08-27T23:54:01","guid":{"rendered":"https:\/\/roveyayinevi.com.tr\/index.php\/urun\/1-2-3-dinozor\/"},"modified":"2026-04-16T02:59:37","modified_gmt":"2026-04-15T23:59:37","slug":"1-2-3-dinozor","status":"publish","type":"product","link":"https:\/\/roveyayinevi.com.tr\/index.php\/urun\/1-2-3-dinozor\/","title":{"rendered":"1, 2, 3, Dinozor !"},"content":{"rendered":"<p>Kat\u0131r kutur, hutur, hotor! Olal\u0131m birer dinozor! Bir, iki ve de \u00fc\u00e7 gelsin. Herkes var g\u00fcc\u00fcyle G\u00fcrlesin! Nas\u0131l dinozor olunur \u00f6\u011frenmek ister misin? O halde Tom\u2019u izle! Aya\u011f\u0131n\u0131 g\u00fcm g\u00fcm yere vur, kuyru\u011funu \u015frak \u015frak \u015faklat ve bu c\u0131v\u0131l c\u0131v\u0131l kitaptaki hareketlere sen de kat\u0131l. <\/p>\n","protected":false},"excerpt":{"rendered":"<p>Kat\u0131r kutur, hutur, hotor! Olal\u0131m birer dinozor! Bir, iki ve de \u00fc\u00e7 gelsin. Herkes var g\u00fcc\u00fcyle G\u00fcrlesin! Nas\u0131l dinozor olunur \u00f6\u011frenmek ister misin? O halde Tom\u2019u<span class=\"excerpt-hellip\"> [\u2026]<\/span><\/p>\n","protected":false},"featured_media":0,"template":"","meta":{"_monsterinsights_skip_tracking":false,"_monsterinsights_sitenote_active":false,"_monsterinsights_sitenote_note":"","_monsterinsights_sitenote_category":0},"product_brand":[],"product_cat":[12274,12284],"product_tag":[],"class_list":{"0":"post-746902","1":"product","2":"type-product","3":"status-publish","5":"product_cat-cocuk-ve-genclik-kitaplari","6":"product_cat-hikayeler","7":"pa_cilt-ciltsiz","8":"pa_tur-kitap","9":"pa_yayinevi-is-bankasi-kultur-yayinlari","10":"pa_yazar-michelle-robinson","12":"first","13":"instock","14":"sale","15":"shipping-taxable","16":"purchasable","17":"product-type-simple"},"_links":{"self":[{"href":"https:\/\/roveyayinevi.com.tr\/index.php\/wp-json\/wp\/v2\/product\/746902","targetHints":{"allow":["GET"]}}],"collection":[{"href":"https:\/\/roveyayinevi.com.tr\/index.php\/wp-json\/wp\/v2\/product"}],"about":[{"href":"https:\/\/roveyayinevi.com.tr\/index.php\/wp-json\/wp\/v2\/types\/product"}],"wp:attachment":[{"href":"https:\/\/roveyayinevi.com.tr\/index.php\/wp-json\/wp\/v2\/media?parent=746902"}],"wp:term":[{"taxonomy":"product_brand","embeddable":true,"href":"https:\/\/roveyayinevi.com.tr\/index.php\/wp-json\/wp\/v2\/product_brand?post=746902"},{"taxonomy":"product_cat","embeddable":true,"href":"https:\/\/roveyayinevi.com.tr\/index.php\/wp-json\/wp\/v2\/product_cat?post=746902"},{"taxonomy":"product_tag","embeddable":true,"href":"https:\/\/roveyayinevi.com.tr\/index.php\/wp-json\/wp\/v2\/product_tag?post=746902"}],"curies":[{"name":"wp","href":"https:\/\/api.w.org\/{rel}","templated":true}]}}