{"id":746899,"date":"2025-08-28T02:53:56","date_gmt":"2025-08-27T23:53:56","guid":{"rendered":"https:\/\/roveyayinevi.com.tr\/index.php\/urun\/aramiza-hos-geldin-penguen\/"},"modified":"2026-04-16T02:59:37","modified_gmt":"2026-04-15T23:59:37","slug":"aramiza-hos-geldin-penguen","status":"publish","type":"product","link":"https:\/\/roveyayinevi.com.tr\/index.php\/urun\/aramiza-hos-geldin-penguen\/","title":{"rendered":"Aram\u0131za Ho\u015f Geldin Penguen"},"content":{"rendered":"<p>B\u00fcy\u00fcd\u00fck\u00e7e di\u011fer penguenlerden farkl\u0131 oldu\u011funu anlayan P\u0131t\u0131r, s\u0131ra d\u0131\u015f\u0131 g\u00f6r\u00fcnt\u00fcs\u00fc y\u00fcz\u00fcnden ailesini bulmaya karar verdi ve yola \u00e7\u0131kt\u0131. P\u0131t\u0131r\u2019\u0131n pe\u015finden giden en yak\u0131n arkada\u015f\u0131 b\u00fcy\u00fck bir tehlikeyle kar\u015f\u0131 kar\u015f\u0131ya kald\u0131. P\u0131t\u0131r en yak\u0131n arkada\u015f\u0131na yard\u0131m etmek i\u00e7in ne yapacakt\u0131 acaba? \u00c7ocuklar farkl\u0131l\u0131klar ve uyum i\u00e7inde ya\u015faman\u0131n \u00f6nemine dair yeni bak\u0131\u015f a\u00e7\u0131lar\u0131 kazan\u0131rken, bilgi sayfalar\u0131ndan penguenlerle ilgili bilgi de edinebilirler. <\/p>\n","protected":false},"excerpt":{"rendered":"<p>B\u00fcy\u00fcd\u00fck\u00e7e di\u011fer penguenlerden farkl\u0131 oldu\u011funu anlayan P\u0131t\u0131r, s\u0131ra d\u0131\u015f\u0131 g\u00f6r\u00fcnt\u00fcs\u00fc y\u00fcz\u00fcnden ailesini bulmaya karar verdi ve yola \u00e7\u0131kt\u0131. P\u0131t\u0131r\u2019\u0131n pe\u015finden giden en yak\u0131n arkada\u015f\u0131 b\u00fcy\u00fck bir<span class=\"excerpt-hellip\"> [\u2026]<\/span><\/p>\n","protected":false},"featured_media":0,"template":"","meta":{"_monsterinsights_skip_tracking":false,"_monsterinsights_sitenote_active":false,"_monsterinsights_sitenote_note":"","_monsterinsights_sitenote_category":0},"product_brand":[],"product_cat":[12274,12284],"product_tag":[],"class_list":{"0":"post-746899","1":"product","2":"type-product","3":"status-publish","5":"product_cat-cocuk-ve-genclik-kitaplari","6":"product_cat-hikayeler","7":"pa_cilt-ciltsiz","8":"pa_tur-kitap","9":"pa_yayinevi-is-bankasi-kultur-yayinlari","10":"pa_yazar-andrea-reitmeyer","12":"first","13":"instock","14":"sale","15":"shipping-taxable","16":"purchasable","17":"product-type-simple"},"_links":{"self":[{"href":"https:\/\/roveyayinevi.com.tr\/index.php\/wp-json\/wp\/v2\/product\/746899","targetHints":{"allow":["GET"]}}],"collection":[{"href":"https:\/\/roveyayinevi.com.tr\/index.php\/wp-json\/wp\/v2\/product"}],"about":[{"href":"https:\/\/roveyayinevi.com.tr\/index.php\/wp-json\/wp\/v2\/types\/product"}],"wp:attachment":[{"href":"https:\/\/roveyayinevi.com.tr\/index.php\/wp-json\/wp\/v2\/media?parent=746899"}],"wp:term":[{"taxonomy":"product_brand","embeddable":true,"href":"https:\/\/roveyayinevi.com.tr\/index.php\/wp-json\/wp\/v2\/product_brand?post=746899"},{"taxonomy":"product_cat","embeddable":true,"href":"https:\/\/roveyayinevi.com.tr\/index.php\/wp-json\/wp\/v2\/product_cat?post=746899"},{"taxonomy":"product_tag","embeddable":true,"href":"https:\/\/roveyayinevi.com.tr\/index.php\/wp-json\/wp\/v2\/product_tag?post=746899"}],"curies":[{"name":"wp","href":"https:\/\/api.w.org\/{rel}","templated":true}]}}