{"id":746894,"date":"2025-08-28T02:53:48","date_gmt":"2025-08-27T23:53:48","guid":{"rendered":"https:\/\/roveyayinevi.com.tr\/index.php\/urun\/gecmisten-gelen-butun-siirleri-1\/"},"modified":"2026-04-16T02:59:37","modified_gmt":"2026-04-15T23:59:37","slug":"gecmisten-gelen-butun-siirleri-1","status":"publish","type":"product","link":"https:\/\/roveyayinevi.com.tr\/index.php\/urun\/gecmisten-gelen-butun-siirleri-1\/","title":{"rendered":"Ge\u00e7mi\u015ften Gelen &#8211; B\u00fct\u00fcn \u015eiirleri 1"},"content":{"rendered":"<p>As\u0131m Bezirci\u2019nin \u00fc\u00e7 ciltte derleyip g\u00fcn\u00fcm\u00fcz T\u00fcrk\u00e7esine aktard\u0131\u011f\u0131 Tevfik Fikret\u2019in b\u00fct\u00fcn \u015fiirlerinin birinci cildi Ge\u00e7mi\u015ften Gelen, g\u00f6zden ge\u00e7irilmi\u015f haliyle uzun bir aradan sonra yeniden okuruyla bulu\u015fuyor.  \u201cFikret, edebiyat\u0131m\u0131z\u0131 asrile\u015ftirerek, insanile\u015ftirerek hakiki rol\u00fcn\u00fc hakk\u0131yla ifa etmi\u015f bir d\u00e2himizdir.\u201d Ziya G\u00f6kalp, Muallim, 1917 \u201cFikret\u2019e k\u00fc\u00e7\u00fck bir burjuva ayd\u0131n\u0131yd\u0131 demekle onun memlekete yapt\u0131\u011f\u0131 muazzam hizmetleri, sanatta ula\u015ft\u0131\u011f\u0131 ba\u015f d\u00f6nd\u00fcr\u00fcc\u00fc merhaleyi ink\u00e2r etmiyoruz. B\u00fcy\u00fck ve ana hatt\u0131nda, iyi manada \u2018insaniyet\u00e7i\u2019 \u015fair Tevfik Fikret\u2019in faaliyet g\u00f6sterdi\u011fi devirde, i\u00e7inde bulundu\u011fu muhitte ba\u015fka t\u00fcrl\u00fc de olmas\u0131 m\u00fcmk\u00fcn de\u011fildi. Fikret ya\u015fad\u0131\u011f\u0131 devirde, bulundu\u011fu muhitte, en iyi ve en ileri ne olmak m\u00fcmk\u00fcnse onu olmu\u015ftur\u2026\u201d N\u00e2z\u0131m Hikmet, Resimli Ay, 1930 \u201cTevfik Fikret\u2019i ilk defa 1912 yaz\u0131nda, arkada\u015f\u0131m \u015eefik Esad\u2019\u0131n delaletiyle tan\u0131d\u0131m. On seneden beri \u015fiirine a\u015fina idim. Kendi neslimin b\u00fct\u00fcn \u00e7ocuklar\u0131 \u00fczerinde oldu\u011fu gibi, ruhumda, ahlak\u0131mda, zevkimde, lisan\u0131mda, sanat\u0131mda en b\u00fcy\u00fck tesiri o icra etmi\u015fti\u2026\u201d Yahya Kemal, Siyasi ve Edebi Portreler, 1963<\/p>\n","protected":false},"excerpt":{"rendered":"<p>As\u0131m Bezirci\u2019nin \u00fc\u00e7 ciltte derleyip g\u00fcn\u00fcm\u00fcz T\u00fcrk\u00e7esine aktard\u0131\u011f\u0131 Tevfik Fikret\u2019in b\u00fct\u00fcn \u015fiirlerinin birinci cildi Ge\u00e7mi\u015ften Gelen, g\u00f6zden ge\u00e7irilmi\u015f haliyle uzun bir aradan sonra yeniden okuruyla bulu\u015fuyor.<span class=\"excerpt-hellip\"> [\u2026]<\/span><\/p>\n","protected":false},"featured_media":0,"template":"","meta":{"_monsterinsights_skip_tracking":false,"_monsterinsights_sitenote_active":false,"_monsterinsights_sitenote_note":"","_monsterinsights_sitenote_category":0},"product_brand":[],"product_cat":[12291,12509],"product_tag":[],"class_list":{"0":"post-746894","1":"product","2":"type-product","3":"status-publish","5":"product_cat-edebiyat","6":"product_cat-siir","7":"pa_cilt-ciltsiz","8":"pa_tur-kitap","9":"pa_yayinevi-is-bankasi-kultur-yayinlari","10":"pa_yazar-tevfik-fikret","12":"first","13":"instock","14":"sale","15":"shipping-taxable","16":"purchasable","17":"product-type-simple"},"_links":{"self":[{"href":"https:\/\/roveyayinevi.com.tr\/index.php\/wp-json\/wp\/v2\/product\/746894","targetHints":{"allow":["GET"]}}],"collection":[{"href":"https:\/\/roveyayinevi.com.tr\/index.php\/wp-json\/wp\/v2\/product"}],"about":[{"href":"https:\/\/roveyayinevi.com.tr\/index.php\/wp-json\/wp\/v2\/types\/product"}],"wp:attachment":[{"href":"https:\/\/roveyayinevi.com.tr\/index.php\/wp-json\/wp\/v2\/media?parent=746894"}],"wp:term":[{"taxonomy":"product_brand","embeddable":true,"href":"https:\/\/roveyayinevi.com.tr\/index.php\/wp-json\/wp\/v2\/product_brand?post=746894"},{"taxonomy":"product_cat","embeddable":true,"href":"https:\/\/roveyayinevi.com.tr\/index.php\/wp-json\/wp\/v2\/product_cat?post=746894"},{"taxonomy":"product_tag","embeddable":true,"href":"https:\/\/roveyayinevi.com.tr\/index.php\/wp-json\/wp\/v2\/product_tag?post=746894"}],"curies":[{"name":"wp","href":"https:\/\/api.w.org\/{rel}","templated":true}]}}