{"id":746889,"date":"2025-08-28T02:53:40","date_gmt":"2025-08-27T23:53:40","guid":{"rendered":"https:\/\/roveyayinevi.com.tr\/index.php\/urun\/iklim-adaleti-ve-adil-donusum\/"},"modified":"2026-04-16T02:59:37","modified_gmt":"2026-04-15T23:59:37","slug":"iklim-adaleti-ve-adil-donusum","status":"publish","type":"product","link":"https:\/\/roveyayinevi.com.tr\/index.php\/urun\/iklim-adaleti-ve-adil-donusum\/","title":{"rendered":"\u0130klim Adaleti ve Adil D\u00f6n\u00fc\u015f\u00fcm"},"content":{"rendered":"<p>I.                    B\u00d6L\u00dcM \u0130KL\u0130M DE\u011e\u0130\u015e\u0130KL\u0130\u011e\u0130 KAYNAKLI G\u00d6\u00c7LER   II.                  B\u00d6L\u00dcM D\u0130J\u0130TAL D\u00d6N\u00dc\u015e\u00dcM VE TEKNOLOJ\u0130K GEL\u0130\u015eMELER BA\u011eLAMINDA AD\u0130L D\u00d6N\u00dc\u015e\u00dcM KAVRAMININ \u0130NCELENMES\u0130   III.              B\u00d6L\u00dcM \u0130KL\u0130M DE\u011e\u0130\u015e\u0130KL\u0130\u011e\u0130 \u0130LE \u0130L\u0130\u015eK\u0130S\u0130 \u0130\u00c7\u0130NDE AFET KONUSUNDA G\u00dcNCEL HUKUK\u0130 D\u00dcZENLEMELER   IV.              B\u00d6L\u00dcM SOSYAL ADALET BA\u011eLAMINDA \u0130KL\u0130M DE\u011e\u0130\u015e\u0130KL\u0130\u011e\u0130N\u0130N DEZAVANTAJLI GRUPLAR \u00dcZER\u0130NDEK\u0130 ETK\u0130S\u0130   V.                B\u00d6L\u00dcM \u0130KL\u0130M DE\u011e\u0130\u015e\u0130KL\u0130\u011e\u0130, \u0130KL\u0130M VE \u00c7EVRESEL ADALET PERSPEKT\u0130F\u0130NDEN D\u00d6NG\u00dcSEL EKONOM\u0130 VE ATIK T\u0130CARET <\/p>\n","protected":false},"excerpt":{"rendered":"<p>I. B\u00d6L\u00dcM \u0130KL\u0130M DE\u011e\u0130\u015e\u0130KL\u0130\u011e\u0130 KAYNAKLI G\u00d6\u00c7LER II. B\u00d6L\u00dcM D\u0130J\u0130TAL D\u00d6N\u00dc\u015e\u00dcM VE TEKNOLOJ\u0130K GEL\u0130\u015eMELER BA\u011eLAMINDA AD\u0130L D\u00d6N\u00dc\u015e\u00dcM KAVRAMININ \u0130NCELENMES\u0130 III. B\u00d6L\u00dcM \u0130KL\u0130M DE\u011e\u0130\u015e\u0130KL\u0130\u011e\u0130 \u0130LE \u0130L\u0130\u015eK\u0130S\u0130 \u0130\u00c7\u0130NDE AFET<span class=\"excerpt-hellip\"> [\u2026]<\/span><\/p>\n","protected":false},"featured_media":0,"template":"","meta":{"_monsterinsights_skip_tracking":false,"_monsterinsights_sitenote_active":false,"_monsterinsights_sitenote_note":"","_monsterinsights_sitenote_category":0},"product_brand":[],"product_cat":[12573,12566],"product_tag":[],"class_list":{"0":"post-746889","1":"product","2":"type-product","3":"status-publish","5":"product_cat-akademik-kitaplar","6":"product_cat-egitim","7":"pa_cilt-ciltsiz","8":"pa_tur-kitap","9":"pa_yayinevi-gazi-kitabevi","10":"pa_yazar-kolektif","12":"first","13":"instock","14":"sale","15":"shipping-taxable","16":"purchasable","17":"product-type-simple"},"_links":{"self":[{"href":"https:\/\/roveyayinevi.com.tr\/index.php\/wp-json\/wp\/v2\/product\/746889","targetHints":{"allow":["GET"]}}],"collection":[{"href":"https:\/\/roveyayinevi.com.tr\/index.php\/wp-json\/wp\/v2\/product"}],"about":[{"href":"https:\/\/roveyayinevi.com.tr\/index.php\/wp-json\/wp\/v2\/types\/product"}],"wp:attachment":[{"href":"https:\/\/roveyayinevi.com.tr\/index.php\/wp-json\/wp\/v2\/media?parent=746889"}],"wp:term":[{"taxonomy":"product_brand","embeddable":true,"href":"https:\/\/roveyayinevi.com.tr\/index.php\/wp-json\/wp\/v2\/product_brand?post=746889"},{"taxonomy":"product_cat","embeddable":true,"href":"https:\/\/roveyayinevi.com.tr\/index.php\/wp-json\/wp\/v2\/product_cat?post=746889"},{"taxonomy":"product_tag","embeddable":true,"href":"https:\/\/roveyayinevi.com.tr\/index.php\/wp-json\/wp\/v2\/product_tag?post=746889"}],"curies":[{"name":"wp","href":"https:\/\/api.w.org\/{rel}","templated":true}]}}