{"id":746888,"date":"2025-08-28T02:53:38","date_gmt":"2025-08-27T23:53:38","guid":{"rendered":"https:\/\/roveyayinevi.com.tr\/index.php\/urun\/henry-james-ve-roman-sanati\/"},"modified":"2026-04-16T02:59:37","modified_gmt":"2026-04-15T23:59:37","slug":"henry-james-ve-roman-sanati","status":"publish","type":"product","link":"https:\/\/roveyayinevi.com.tr\/index.php\/urun\/henry-james-ve-roman-sanati\/","title":{"rendered":"Henry James ve Roman Sanat\u0131"},"content":{"rendered":"<p>Roman sanat\u0131n\u0131n d\u00fcnya \u00e7ap\u0131ndaki ustas\u0131 Henry James (1843-1916), uzun yazarl\u0131k ya\u015fam\u0131 boyunca yirmiye yak\u0131n roman, y\u00fcz\u00fc a\u015fk\u0131n \u00f6yk\u00fc, oyun ele\u015ftiri yaz\u0131lar\u0131 yazd\u0131, gezi kitaplar\u0131 yay\u0131mlad\u0131. Verdi\u011fi \u00fcr\u00fcnlerle, \u0130ngiltere ve Amerika&#8217;da, roman t\u00fcr\u00fcne b\u00fcy\u00fck sayg\u0131 kazand\u0131rd\u0131. Bunlar\u0131n yan\u0131 s\u0131ra, Henry James ortaya koydu\u011fu edebi yenilikler ve geli\u015ftirdi\u011fi kurumsal temellerde d\u00fcnya edebiyat\u0131n\u0131n \u00f6nc\u00fclerinden biri olmaya hak kazanm\u0131\u015f bir yazard\u0131r. \u00dcnal Ayt\u00fcr, Henry James ve Roman Sanat\u0131&#8217;nda, Henry James&#8217;in bize b\u0131rakt\u0131\u011f\u0131 bu b\u00fcy\u00fck miras\u0131 eserleri arac\u0131l\u0131\u011f\u0131yla inceliyor, onun sanat anlay\u0131\u015f\u0131n\u0131, bi\u00e7im ve y\u00f6ntem kayg\u0131s\u0131n\u0131 ve anlat\u0131m tekni\u011fini tam bir yetkinlikle ele al\u0131p \u00e7\u00f6z\u00fcml\u00fcyor.<\/p>\n","protected":false},"excerpt":{"rendered":"<p>Roman sanat\u0131n\u0131n d\u00fcnya \u00e7ap\u0131ndaki ustas\u0131 Henry James (1843-1916), uzun yazarl\u0131k ya\u015fam\u0131 boyunca yirmiye yak\u0131n roman, y\u00fcz\u00fc a\u015fk\u0131n \u00f6yk\u00fc, oyun ele\u015ftiri yaz\u0131lar\u0131 yazd\u0131, gezi kitaplar\u0131 yay\u0131mlad\u0131. Verdi\u011fi<span class=\"excerpt-hellip\"> [\u2026]<\/span><\/p>\n","protected":false},"featured_media":0,"template":"","meta":{"_monsterinsights_skip_tracking":false,"_monsterinsights_sitenote_active":false,"_monsterinsights_sitenote_note":"","_monsterinsights_sitenote_category":0},"product_brand":[],"product_cat":[12777,12291],"product_tag":[],"class_list":{"0":"post-746888","1":"product","2":"type-product","3":"status-publish","5":"product_cat-deneme","6":"product_cat-edebiyat","7":"pa_cilt-ciltsiz","8":"pa_tur-kitap","9":"pa_yayinevi-yapi-kredi-yayinlari","10":"pa_yazar-unal-aytur","12":"first","13":"instock","14":"sale","15":"shipping-taxable","16":"purchasable","17":"product-type-simple"},"_links":{"self":[{"href":"https:\/\/roveyayinevi.com.tr\/index.php\/wp-json\/wp\/v2\/product\/746888","targetHints":{"allow":["GET"]}}],"collection":[{"href":"https:\/\/roveyayinevi.com.tr\/index.php\/wp-json\/wp\/v2\/product"}],"about":[{"href":"https:\/\/roveyayinevi.com.tr\/index.php\/wp-json\/wp\/v2\/types\/product"}],"wp:attachment":[{"href":"https:\/\/roveyayinevi.com.tr\/index.php\/wp-json\/wp\/v2\/media?parent=746888"}],"wp:term":[{"taxonomy":"product_brand","embeddable":true,"href":"https:\/\/roveyayinevi.com.tr\/index.php\/wp-json\/wp\/v2\/product_brand?post=746888"},{"taxonomy":"product_cat","embeddable":true,"href":"https:\/\/roveyayinevi.com.tr\/index.php\/wp-json\/wp\/v2\/product_cat?post=746888"},{"taxonomy":"product_tag","embeddable":true,"href":"https:\/\/roveyayinevi.com.tr\/index.php\/wp-json\/wp\/v2\/product_tag?post=746888"}],"curies":[{"name":"wp","href":"https:\/\/api.w.org\/{rel}","templated":true}]}}