{"id":746879,"date":"2025-08-28T02:53:24","date_gmt":"2025-08-27T23:53:24","guid":{"rendered":"https:\/\/roveyayinevi.com.tr\/index.php\/urun\/dinozorlar-cagi-dunyanin-en-carpici-hayvanlarinin-yukselisi-ve-cokusu\/"},"modified":"2026-04-16T02:59:36","modified_gmt":"2026-04-15T23:59:36","slug":"dinozorlar-cagi-dunyanin-en-carpici-hayvanlarinin-yukselisi-ve-cokusu","status":"publish","type":"product","link":"https:\/\/roveyayinevi.com.tr\/index.php\/urun\/dinozorlar-cagi-dunyanin-en-carpici-hayvanlarinin-yukselisi-ve-cokusu\/","title":{"rendered":"Dinozorlar \u00c7a\u011f\u0131 &#8211; D\u00fcnyan\u0131n En \u00c7arp\u0131c\u0131 Hayvanlar\u0131n\u0131n Y\u00fckseli\u015fi ve \u00c7\u00f6k\u00fc\u015f\u00fc"},"content":{"rendered":"<p>Paleontolog olmak dedektif olmaya benzer.   \u201cHer yeni ke\u015fif, her yeni \u00e7al\u0131\u015fma, bize dinozorlar ve inan\u0131lmaz hikayeleri hakk\u0131nda hep biraz daha fazlas\u0131n\u0131 anlat\u0131r.\u201d STEVE BRUSATTE   Dinozorlar\u0131 tan\u0131d\u0131\u011f\u0131n\u0131 d\u00fc\u015f\u00fcn\u00fcyorsan bir kez daha d\u00fc\u015f\u00fcn!   New York Times\u2019\u0131n \u00e7oksatar ve \u00f6d\u00fcll\u00fc yazar\u0131 Steve Brusatte, her yerden gen\u00e7 bilim insanlar\u0131n\u0131 ve okurlar\u0131, devasa ot\u00e7ular ve korkun\u00e7 avc\u0131larla, umulmad\u0131k ke\u015fiflerle ve d\u00fcnyan\u0131n en eski varl\u0131klar\u0131ndan birka\u00e7\u0131n\u0131 \u00f6\u011frenmek i\u00e7in kullan\u0131lan yeni tekniklerle bir araya getiriyor.   Dinozorlar milyonlarca y\u0131l \u00f6nce d\u00fcnyada gezinmi\u015f olsalar da h\u00e2l\u00e2 bu     tarih\u00f6ncesi hayvanlar hakk\u0131nda yeni bilgiler ediniyoruz.   Ortalama her hafta yeni bir dinozor t\u00fcr\u00fc ke\u015ffedildi\u011fini biliyor muydun? Peki     ya bir\u00e7ok dinozorun telekli oldu\u011funu? Yada g\u00fcn\u00fcm\u00fczde bile etrafta modern dinozorlar\u0131n dola\u015ft\u0131\u011f\u0131n\u0131?   New York Times\u2019\u0131n \u00e7oksatar yazar\u0131, \u00fcnl\u00fc paleontolog Steve Brusatte bu kitab\u0131nda, hayranl\u0131k uyand\u0131ran bu ola\u011fan\u00fcst\u00fc s\u00fcr\u00fcngenleri daha iyi anlamam\u0131za yard\u0131m eden, kendisinin ve meslekta\u015flar\u0131n\u0131n yapt\u0131\u011f\u0131 t\u00fcm yeni ke\u015fiflerden bahsediyor.   Alan\u0131nda uzman bir paleontolog taraf\u0131ndan gen\u00e7ler i\u00e7in yaz\u0131lm\u0131\u015f bu heyecan verici kurgud\u0131\u015f\u0131 kitapta yer alan foto\u011fraflar ve kaynaklar okurlara ger\u00e7ek bir okuma deneyimi sunuyor. <\/p>\n","protected":false},"excerpt":{"rendered":"<p>Paleontolog olmak dedektif olmaya benzer. \u201cHer yeni ke\u015fif, her yeni \u00e7al\u0131\u015fma, bize dinozorlar ve inan\u0131lmaz hikayeleri hakk\u0131nda hep biraz daha fazlas\u0131n\u0131 anlat\u0131r.\u201d STEVE BRUSATTE Dinozorlar\u0131 tan\u0131d\u0131\u011f\u0131n\u0131<span class=\"excerpt-hellip\"> [\u2026]<\/span><\/p>\n","protected":false},"featured_media":0,"template":"","meta":{"_monsterinsights_skip_tracking":false,"_monsterinsights_sitenote_active":false,"_monsterinsights_sitenote_note":"","_monsterinsights_sitenote_category":0},"product_brand":[],"product_cat":[13829,12274],"product_tag":[],"class_list":{"0":"post-746879","1":"product","2":"type-product","3":"status-publish","5":"product_cat-bilimsel-kitaplar","6":"product_cat-cocuk-ve-genclik-kitaplari","7":"pa_cilt-ciltsiz","8":"pa_tur-kitap","9":"pa_yayinevi-koc-universitesi-yayinlari","10":"pa_yazar-steve-brusatte","12":"first","13":"instock","14":"sale","15":"shipping-taxable","16":"purchasable","17":"product-type-simple"},"_links":{"self":[{"href":"https:\/\/roveyayinevi.com.tr\/index.php\/wp-json\/wp\/v2\/product\/746879","targetHints":{"allow":["GET"]}}],"collection":[{"href":"https:\/\/roveyayinevi.com.tr\/index.php\/wp-json\/wp\/v2\/product"}],"about":[{"href":"https:\/\/roveyayinevi.com.tr\/index.php\/wp-json\/wp\/v2\/types\/product"}],"wp:attachment":[{"href":"https:\/\/roveyayinevi.com.tr\/index.php\/wp-json\/wp\/v2\/media?parent=746879"}],"wp:term":[{"taxonomy":"product_brand","embeddable":true,"href":"https:\/\/roveyayinevi.com.tr\/index.php\/wp-json\/wp\/v2\/product_brand?post=746879"},{"taxonomy":"product_cat","embeddable":true,"href":"https:\/\/roveyayinevi.com.tr\/index.php\/wp-json\/wp\/v2\/product_cat?post=746879"},{"taxonomy":"product_tag","embeddable":true,"href":"https:\/\/roveyayinevi.com.tr\/index.php\/wp-json\/wp\/v2\/product_tag?post=746879"}],"curies":[{"name":"wp","href":"https:\/\/api.w.org\/{rel}","templated":true}]}}