{"id":746877,"date":"2025-08-28T02:53:21","date_gmt":"2025-08-27T23:53:21","guid":{"rendered":"https:\/\/roveyayinevi.com.tr\/index.php\/urun\/evliya-celebiden-gulabi-aganin-basindan-gecenler\/"},"modified":"2026-04-16T02:59:36","modified_gmt":"2026-04-15T23:59:36","slug":"evliya-celebiden-gulabi-aganin-basindan-gecenler","status":"publish","type":"product","link":"https:\/\/roveyayinevi.com.tr\/index.php\/urun\/evliya-celebiden-gulabi-aganin-basindan-gecenler\/","title":{"rendered":"Evliya \u00c7elebi&#8217;den: G\u00fclabi A\u011fa&#8217;n\u0131n Ba\u015f\u0131ndan Ge\u00e7enler"},"content":{"rendered":"<p>Evliya \u00c7elebi\u2019nin ola\u011fan\u00fcst\u00fc anlat\u0131lar\u0131n\u0131n en ilgin\u00e7lerinden biri olan \u2018Serg\u00fcze\u015ft-i G\u00fclabi A\u011fa\u2019, usta ressam Mustafa Delio\u011flu taraf\u0131ndan i\u00e7erik\u00e7e zenginle\u015ftirilip g\u00fcn\u00fcm\u00fcz T\u00fcrk\u00e7esine aktar\u0131ld\u0131.   Evliya \u00c7elebi\u2019den: G\u00fclabi A\u011fa\u2019n\u0131n Ba\u015f\u0131ndan Ge\u00e7enler adl\u0131 bu etkileyici resimli roman okurla yeniden bulu\u015fuyor.   G\u00fclabi A\u011fa`n\u0131n Ba\u015f\u0131ndan Ge\u00e7enler, Evliya \u00c7elebi`nin ola\u011fan\u00fcst\u00fc anlat\u0131lar\u0131ndan biridir. Ben de bu ola\u011fan\u00fcst\u00fc anlat\u0131y\u0131 abart\u0131p uzatarak resimli roman halinde sizlere sundum. Umar\u0131m be\u011feneni \u00e7ok olur. Mustafa Delio\u011flu <\/p>\n","protected":false},"excerpt":{"rendered":"<p>Evliya \u00c7elebi\u2019nin ola\u011fan\u00fcst\u00fc anlat\u0131lar\u0131n\u0131n en ilgin\u00e7lerinden biri olan \u2018Serg\u00fcze\u015ft-i G\u00fclabi A\u011fa\u2019, usta ressam Mustafa Delio\u011flu taraf\u0131ndan i\u00e7erik\u00e7e zenginle\u015ftirilip g\u00fcn\u00fcm\u00fcz T\u00fcrk\u00e7esine aktar\u0131ld\u0131. Evliya \u00c7elebi\u2019den: G\u00fclabi A\u011fa\u2019n\u0131n Ba\u015f\u0131ndan<span class=\"excerpt-hellip\"> [\u2026]<\/span><\/p>\n","protected":false},"featured_media":0,"template":"","meta":{"_monsterinsights_skip_tracking":false,"_monsterinsights_sitenote_active":false,"_monsterinsights_sitenote_note":"","_monsterinsights_sitenote_category":0},"product_brand":[],"product_cat":[12416,12291],"product_tag":[],"class_list":{"0":"post-746877","1":"product","2":"type-product","3":"status-publish","5":"product_cat-cizgi-roman","6":"product_cat-edebiyat","7":"pa_cilt-ciltsiz","8":"pa_tur-kitap","9":"pa_yayinevi-yapi-kredi-yayinlari","10":"pa_yazar-mustafa-delioglu","12":"first","13":"instock","14":"sale","15":"shipping-taxable","16":"purchasable","17":"product-type-simple"},"_links":{"self":[{"href":"https:\/\/roveyayinevi.com.tr\/index.php\/wp-json\/wp\/v2\/product\/746877","targetHints":{"allow":["GET"]}}],"collection":[{"href":"https:\/\/roveyayinevi.com.tr\/index.php\/wp-json\/wp\/v2\/product"}],"about":[{"href":"https:\/\/roveyayinevi.com.tr\/index.php\/wp-json\/wp\/v2\/types\/product"}],"wp:attachment":[{"href":"https:\/\/roveyayinevi.com.tr\/index.php\/wp-json\/wp\/v2\/media?parent=746877"}],"wp:term":[{"taxonomy":"product_brand","embeddable":true,"href":"https:\/\/roveyayinevi.com.tr\/index.php\/wp-json\/wp\/v2\/product_brand?post=746877"},{"taxonomy":"product_cat","embeddable":true,"href":"https:\/\/roveyayinevi.com.tr\/index.php\/wp-json\/wp\/v2\/product_cat?post=746877"},{"taxonomy":"product_tag","embeddable":true,"href":"https:\/\/roveyayinevi.com.tr\/index.php\/wp-json\/wp\/v2\/product_tag?post=746877"}],"curies":[{"name":"wp","href":"https:\/\/api.w.org\/{rel}","templated":true}]}}