{"id":746876,"date":"2025-08-28T02:53:20","date_gmt":"2025-08-27T23:53:20","guid":{"rendered":"https:\/\/roveyayinevi.com.tr\/index.php\/urun\/nova-romada-gece-gunesi\/"},"modified":"2026-04-16T02:59:36","modified_gmt":"2026-04-15T23:59:36","slug":"nova-romada-gece-gunesi","status":"publish","type":"product","link":"https:\/\/roveyayinevi.com.tr\/index.php\/urun\/nova-romada-gece-gunesi\/","title":{"rendered":"Nova Roma&#8217;da Gece G\u00fcne\u015fi"},"content":{"rendered":"<p>Nova Roma\u2019da Gece G\u00fcne\u015fi bir L\u00e2le M\u00fcld\u00fcr anlat\u0131s\u0131. Onun ya\u015fam\u0131n\u0131n ve \u015fiirinin \u00e7eperlerinden \u00e7\u0131kan bir hik\u00e2ye. Balat sokaklar\u0131nda ba\u015flayan anlat\u0131 Cihangir evreninde s\u00fcr\u00fcyor. Evini, semtini, arkada\u015f ortamlar\u0131n\u0131, toplumu, \u00fclkeyi, felsefeyi, dini ve siyasi geli\u015fmeleri kendi kurmacas\u0131 i\u00e7inde resmediyor.   M\u00fcld\u00fcr. \u0130lhan Berk, Ece Ayhan, Nilg\u00fcn Marmara, \u00d6mer Ulu\u00e7, Komet, Orhan Duru, Ahmet G\u00fcntan, G\u00fclseli \u0130nal, Mazhar Candan, H\u00fcr Yumer, Fatih \u00d6zg\u00fcven, H\u00fcmeyra gibi pek \u00e7ok sanat ve k\u00fclt\u00fcr insan\u0131 anlat\u0131n\u0131n kurmaca yap\u0131s\u0131 i\u00e7inde \u015fiirsel kimlikler kazan\u0131yor.   Nova Roma\u2019da Gece G\u00fcne\u015fi zaman, yer ve dil bak\u0131m\u0131ndan Bizansiyya\u2019n\u0131n y\u00f6r\u00fcngesinde bir anlat\u0131. Bir ba\u015fka deyi\u015fle, g\u00fcnl\u00fck havas\u0131ndaki \u201cdefterlerin anar\u015fik g\u00fczelli\u011fi\u201dnden kurtulup gelen, poetik ve \u00e7\u0131lg\u0131n bir \u00f6zkurmaca. L\u00e2le M\u00fcld\u00fcr, felsefe-m\u00fczik-\u015fiir sacaya\u011f\u0131na oturan bir ya\u015fam kesitini b\u00fcy\u00fcl\u00fc dilin aleviyle \u0131s\u0131t\u0131yor.   E\u011fer bir g\u00fcn \u0130lhan Berk Elinde \u00e7antas\u0131 ba\u015f\u0131nda kepiyle Ama uzaktan yakla\u015f\u0131rsa size Durun deyin! Durdurun onu! Daha fazla konu\u015fmas\u0131n size! Belki de bamba\u015fka \u015feyler s\u00f6yleyebilir \u00e7\u00fcnk\u00fc! <\/p>\n","protected":false},"excerpt":{"rendered":"<p>Nova Roma\u2019da Gece G\u00fcne\u015fi bir L\u00e2le M\u00fcld\u00fcr anlat\u0131s\u0131. Onun ya\u015fam\u0131n\u0131n ve \u015fiirinin \u00e7eperlerinden \u00e7\u0131kan bir hik\u00e2ye. Balat sokaklar\u0131nda ba\u015flayan anlat\u0131 Cihangir evreninde s\u00fcr\u00fcyor. Evini, semtini, arkada\u015f<span class=\"excerpt-hellip\"> [\u2026]<\/span><\/p>\n","protected":false},"featured_media":0,"template":"","meta":{"_monsterinsights_skip_tracking":false,"_monsterinsights_sitenote_active":false,"_monsterinsights_sitenote_note":"","_monsterinsights_sitenote_category":0},"product_brand":[],"product_cat":[18545,12291],"product_tag":[],"class_list":{"0":"post-746876","1":"product","2":"type-product","3":"status-publish","5":"product_cat-anlati","6":"product_cat-edebiyat","7":"pa_cilt-ciltsiz","8":"pa_tur-kitap","9":"pa_yayinevi-yapi-kredi-yayinlari","10":"pa_yazar-lale-muldur","12":"first","13":"instock","14":"sale","15":"shipping-taxable","16":"purchasable","17":"product-type-simple"},"_links":{"self":[{"href":"https:\/\/roveyayinevi.com.tr\/index.php\/wp-json\/wp\/v2\/product\/746876","targetHints":{"allow":["GET"]}}],"collection":[{"href":"https:\/\/roveyayinevi.com.tr\/index.php\/wp-json\/wp\/v2\/product"}],"about":[{"href":"https:\/\/roveyayinevi.com.tr\/index.php\/wp-json\/wp\/v2\/types\/product"}],"wp:attachment":[{"href":"https:\/\/roveyayinevi.com.tr\/index.php\/wp-json\/wp\/v2\/media?parent=746876"}],"wp:term":[{"taxonomy":"product_brand","embeddable":true,"href":"https:\/\/roveyayinevi.com.tr\/index.php\/wp-json\/wp\/v2\/product_brand?post=746876"},{"taxonomy":"product_cat","embeddable":true,"href":"https:\/\/roveyayinevi.com.tr\/index.php\/wp-json\/wp\/v2\/product_cat?post=746876"},{"taxonomy":"product_tag","embeddable":true,"href":"https:\/\/roveyayinevi.com.tr\/index.php\/wp-json\/wp\/v2\/product_tag?post=746876"}],"curies":[{"name":"wp","href":"https:\/\/api.w.org\/{rel}","templated":true}]}}